{"id":2367,"date":"2020-03-24T16:38:05","date_gmt":"2020-03-24T16:38:05","guid":{"rendered":"https:\/\/carbontech-composites.eu\/contact-us\/"},"modified":"2025-03-07T10:31:51","modified_gmt":"2025-03-07T10:31:51","slug":"kontakt","status":"publish","type":"page","link":"https:\/\/carbontech-composites.eu\/pl\/kontakt\/","title":{"rendered":"Kontakt"},"content":{"rendered":"<div id=\"pl-2367\"  class=\"panel-layout\" ><div id=\"pg-2367-0\"  class=\"panel-grid panel-has-style\" ><div class=\"siteorigin-panels-stretch panel-row-style panel-row-style-for-2367-0\" id=\"slider-contact-carbon-tech-europe-bv\" data-stretch-type=\"full-width-stretch\" ><div id=\"pgc-2367-0-0\"  class=\"panel-grid-cell\" ><div id=\"panel-2367-0-0-0\" class=\"so-panel widget widget_sow-hero panel-first-child panel-last-child\" data-index=\"0\" ><div\n\t\t\t\n\t\t\tclass=\"so-widget-sow-hero so-widget-sow-hero-default-08da15ceeb10-2367 so-widget-fittext-wrapper\"\n\t\t\t data-fit-text-compressor=\"0.85\"\n\t\t>\t\t\t\t<div class=\"sow-slider-base\" style=\"display: none\" tabindex=\"0\">\n\t\t\t\t\t<ul\n\t\t\t\t\tclass=\"sow-slider-images\"\n\t\t\t\t\tdata-settings=\"{&quot;pagination&quot;:true,&quot;speed&quot;:800,&quot;timeout&quot;:8000,&quot;paused&quot;:false,&quot;pause_on_hover&quot;:false,&quot;swipe&quot;:true,&quot;nav_always_show_desktop&quot;:&quot;&quot;,&quot;nav_always_show_mobile&quot;:&quot;&quot;,&quot;breakpoint&quot;:&quot;780px&quot;,&quot;unmute&quot;:false,&quot;anchor&quot;:null}\"\n\t\t\t\t\tstyle=\"min-height: 500px\"\t\t\t\t\tdata-anchor-id=\"\"\n\t\t\t\t>\t\t<li class=\"sow-slider-image  sow-slider-image-cover\" style=\"visibility: visible;;background-color: #333333;background-image: url(https:\/\/carbontech-composites.eu\/wp-content\/uploads\/2020\/03\/header-contact-carbon-tech-europe-bv-gorinchem-2020.jpg)\" >\n\t\t\t\t\t<div class=\"sow-slider-image-container\">\n\t\t\t<div class=\"sow-slider-image-wrapper\">\n\t\t\t\t<h2 style=\"text-align: right\">Skontaktuj si\u0119 z nami<\/h2>\n<h2 style=\"text-align: right\">ju\u017c dzi\u015b, aby uzyska\u0107...<\/h2>\n<p style=\"text-align: right\">IN\u017bYNIERSKIE ROZWI\u0104ZANIE NAPRAWCZE<\/p>\n\t\t\t<\/div>\n\t\t<\/div>\n\t\t\t\t<\/li>\n\t\t<\/ul>\t\t\t\t<ol class=\"sow-slider-pagination\">\n\t\t\t\t\t\t\t\t\t\t\t<li><a href=\"#\" data-goto=\"0\" aria-label=\"display slide 1\"><\/a><\/li>\n\t\t\t\t\t\t\t\t\t<\/ol>\n\n\t\t\t\t<div class=\"sow-slide-nav sow-slide-nav-next\">\n\t\t\t\t\t<a href=\"#\" data-goto=\"next\" aria-label=\"next slide\" data-action=\"next\">\n\t\t\t\t\t\t<em class=\"sow-sld-icon-thin-right\"><\/em>\n\t\t\t\t\t<\/a>\n\t\t\t\t<\/div>\n\n\t\t\t\t<div class=\"sow-slide-nav sow-slide-nav-prev\">\n\t\t\t\t\t<a href=\"#\" data-goto=\"previous\" aria-label=\"previous slide\" data-action=\"prev\">\n\t\t\t\t\t\t<em class=\"sow-sld-icon-thin-left\"><\/em>\n\t\t\t\t\t<\/a>\n\t\t\t\t<\/div>\n\t\t\t\t<\/div><\/div><\/div><\/div><\/div><\/div><div id=\"pg-2367-1\"  class=\"panel-grid panel-has-style\" ><div class=\"siteorigin-panels-stretch panel-row-style panel-row-style-for-2367-1\" id=\"contact-kop-carbon-tech-europe-bv\" data-stretch-type=\"full-width-stretch\" ><div id=\"pgc-2367-1-0\"  class=\"panel-grid-cell\" ><div id=\"panel-2367-1-0-0\" class=\"so-panel widget widget_sow-headline panel-first-child panel-last-child\" data-index=\"1\" ><div class=\"panel-widget-style panel-widget-style-for-2367-1-0-0\" ><div\n\t\t\t\n\t\t\tclass=\"so-widget-sow-headline so-widget-sow-headline-default-b5017ef9d0a8-2367 so-widget-fittext-wrapper\"\n\t\t\t data-fit-text-compressor=\"0.85\"\n\t\t><div class=\"sow-headline-container \">\n\t<h1 class='sow-headline'>\t\t\t\t\t\t<a href=\"mailto:contact@ctebv.eu\" target=\"_blank\" rel=\"noopener noreferrer\">\n\t\t\t\t\tPotrzebujesz pomocy przy remoncie uszkodzonych - krytycznych zasob\u00f3w?<\/a><\/h1><\/div>\n<\/div><\/div><\/div><\/div><\/div><\/div><div id=\"pg-2367-2\"  class=\"panel-grid panel-has-style\" ><div class=\"siteorigin-panels-stretch panel-row-style panel-row-style-for-2367-2\" id=\"contact-carbon-tech-europe-bv\" data-stretch-type=\"full\" ><div id=\"pgc-2367-2-0\"  class=\"panel-grid-cell\" ><div id=\"panel-2367-2-0-0\" class=\"so-panel widget widget_sow-features panel-first-child panel-last-child\" data-index=\"2\" ><div class=\"panel-widget-style panel-widget-style-for-2367-2-0-0\" ><div\n\t\t\t\n\t\t\tclass=\"so-widget-sow-features so-widget-sow-features-default-d0849306bd4f-2367\"\n\t\t\t\n\t\t>\n<div class=\"sow-features-list sow-features-responsive\">\n\n\t\t\t\t\t\t\t\t\t<div\n\t\t\t\tclass=\"sow-features-feature sow-icon-container-position-top\"\n\t\t\t\tstyle=\"display: flex; flex-direction: column; width: calc(100% - 25px);\"\n\t\t\t>\n\t\t\t\n\t\t\t\t\t\t\t\t<div\n\t\t\t\t\tclass=\"sow-icon-container sow-container-none\"\n\t\t\t\t\tstyle=\"color: #404040; \"\n\t\t\t\t\t>\n\t\t\t\t\t\t\t\t\t<\/div>\n\t\t\t\t\n\t\t\t\t<div class=\"textwidget\">\n\t\t\t\t\t\n\t\t\t\t\t\n\t\t\t\t\t\t\t\t\t\t\t<p style=\"text-align: center;\">Carbon Tech Europe BV jest wyspecjalizowanym dystrybutorem najwy\u017cszej jako\u015bci rozwi\u0105za\u0144 kompozytowych w Europie i Afryce P\u00f3\u0142nocnej. \u015aci\u015ble wsp\u00f3\u0142pracujemy z firm\u0105 <a href=\"https:\/\/revowrap.com\" target=\"_blank\" rel=\"noopener\"><strong>Carbontech Composite Systems<\/strong><\/a> z siedzib\u0105 w RPA i dostarczamy bran\u017cy przemys\u0142owej najnowocze\u015bniejsze produkty, us\u0142ugi, wsparcie i szkolenia. Skontaktuj<b> <\/b>si\u0119 z nami, je\u015bli masz pytania lub chcesz nawi\u0105za\u0107 z nami wsp\u00f3\u0142prac\u0119.<\/p>\n\t\t\t\t\t\n\t\t\t\t\t\t\t\t\t<\/div>\n\t\t\t\t\t\t\t\t\n\t\t\t\t\t\t\t<\/div>\n\n\t\t\t\n<\/div>\n<\/div><\/div><\/div><\/div><\/div><\/div><div id=\"pg-2367-3\"  class=\"panel-grid panel-has-style\" ><div id=\"contact-gegevens-carbon-tech-europe-bv\" class=\"panel-row-style panel-row-style-for-2367-3\" ><div id=\"pgc-2367-3-0\"  class=\"panel-grid-cell\" ><div id=\"panel-2367-3-0-0\" class=\"so-panel widget widget_sow-features panel-first-child panel-last-child\" data-index=\"3\" ><div id=\"tekst-adresgegevens-carbontech-composites\" class=\"panel-widget-style panel-widget-style-for-2367-3-0-0\" ><div\n\t\t\t\n\t\t\tclass=\"so-widget-sow-features so-widget-sow-features-default-9c00ecc561c9-2367\"\n\t\t\t\n\t\t>\n<div class=\"sow-features-list sow-features-responsive\">\n\n\t\t\t\t\t\t\t\t\t<div\n\t\t\t\tclass=\"sow-features-feature sow-icon-container-position-top\"\n\t\t\t\tstyle=\"display: flex; flex-direction: column; width: calc(100% - 25px);\"\n\t\t\t>\n\t\t\t\n\t\t\t\t\t\t\t\t<div\n\t\t\t\t\tclass=\"sow-icon-container sow-container-none\"\n\t\t\t\t\tstyle=\"color: #404040; \"\n\t\t\t\t\t>\n\t\t\t\t\t\t\t\t\t<\/div>\n\t\t\t\t\n\t\t\t\t<div class=\"textwidget\">\n\t\t\t\t\t\n\t\t\t\t\t\n\t\t\t\t\t\t\t\t\t\t\t<p style=\"text-align: left;\"><strong>Kontakt Carbon Tech Europe BV<br \/>\n<\/strong>Goos Helder<br \/>\n<a href=\"tel:\/\/31623476562\" target=\"_blank\" rel=\"noopener\">+31 6 2347 6562<\/a><br \/>\n<a href=\"mailto:contact@ctebv.eu\" target=\"_blank\" rel=\"noopener\">contact@ctebv.eu<\/a><\/p>\n<p style=\"text-align: left;\"><strong>Adres pocztowy<br \/>\n<\/strong>Rapier 7<br \/>\n4208 CR Gorinchem<br \/>\nThe Netherlands<\/p>\n<p style=\"text-align: left;\"><strong>Adres odwiedzin<br \/>\n<\/strong>Industrieweg 21c-d<br \/>\n4214 KZ Vuren<br \/>\nThe Netherlands<\/p>\n\t\t\t\t\t\n\t\t\t\t\t\t\t\t\t<\/div>\n\t\t\t\t\t\t\t\t\n\t\t\t\t\t\t\t<\/div>\n\n\t\t\t\n<\/div>\n<\/div><\/div><\/div><\/div><div id=\"pgc-2367-3-1\"  class=\"panel-grid-cell\" ><div id=\"panel-2367-3-1-0\" class=\"so-panel widget widget_sow-features panel-first-child panel-last-child\" data-index=\"4\" ><div id=\"tekst-contactformulier-carbon-tech-europe-bv\" class=\"panel-widget-style panel-widget-style-for-2367-3-1-0\" ><div\n\t\t\t\n\t\t\tclass=\"so-widget-sow-features so-widget-sow-features-default-ab7feab8454b-2367\"\n\t\t\t\n\t\t>\n<div class=\"sow-features-list sow-features-responsive\">\n\n\t\t\t\t\t\t\t\t\t<div\n\t\t\t\tclass=\"sow-features-feature sow-icon-container-position-top\"\n\t\t\t\tstyle=\"display: flex; flex-direction: column; width: calc(100% - 25px);\"\n\t\t\t>\n\t\t\t\n\t\t\t\t\t\t\t\t<div\n\t\t\t\t\tclass=\"sow-icon-container sow-container-none\"\n\t\t\t\t\tstyle=\"color: #404040; \"\n\t\t\t\t\t>\n\t\t\t\t\t\t\t\t\t<\/div>\n\t\t\t\t\n\t\t\t\t<div class=\"textwidget\">\n\t\t\t\t\t\n\t\t\t\t\t\n\t\t\t\t\t\t\t\t\t\t\t<p style=\"text-align: center;\">\n<div class=\"wpcf7 no-js\" id=\"wpcf7-f2423-o1\" lang=\"pl-PL\" dir=\"ltr\" data-wpcf7-id=\"2423\">\n<div class=\"screen-reader-response\"><p role=\"status\" aria-live=\"polite\" aria-atomic=\"true\"><\/p> <ul><\/ul><\/div>\n<form action=\"\/pl\/wp-json\/wp\/v2\/pages\/2367#wpcf7-f2423-o1\" method=\"post\" class=\"wpcf7-form init\" aria-label=\"Formularz kontaktowy\" novalidate=\"novalidate\" data-status=\"init\">\n<fieldset class=\"hidden-fields-container\"><input type=\"hidden\" name=\"_wpcf7\" value=\"2423\" \/><input type=\"hidden\" name=\"_wpcf7_version\" value=\"6.1.5\" \/><input type=\"hidden\" name=\"_wpcf7_locale\" value=\"pl_PL\" \/><input type=\"hidden\" name=\"_wpcf7_unit_tag\" value=\"wpcf7-f2423-o1\" \/><input type=\"hidden\" name=\"_wpcf7_container_post\" value=\"0\" \/><input type=\"hidden\" name=\"_wpcf7_posted_data_hash\" value=\"\" \/>\n<\/fieldset>\n<p><span class=\"wpcf7-form-control-wrap\" data-name=\"your-name\"><input size=\"40\" maxlength=\"400\" class=\"wpcf7-form-control wpcf7-text wpcf7-validates-as-required\" aria-required=\"true\" aria-invalid=\"false\" placeholder=\"Twoje imi\u0119 (obowi\u0105zkowe)\" value=\"\" type=\"text\" name=\"your-name\" \/><\/span>\n<\/p>\n<p><span class=\"wpcf7-form-control-wrap\" data-name=\"your-email\"><input size=\"40\" maxlength=\"400\" class=\"wpcf7-form-control wpcf7-email wpcf7-validates-as-required wpcf7-text wpcf7-validates-as-email\" aria-required=\"true\" aria-invalid=\"false\" placeholder=\"Tw\u00f3j adres e-mail (obowi\u0105zkowy)\" value=\"\" type=\"email\" name=\"your-email\" \/><\/span>\n<\/p>\n<p><span class=\"wpcf7-form-control-wrap\" data-name=\"ctebv-interesses\"><select class=\"wpcf7-form-control wpcf7-select\" aria-invalid=\"false\" name=\"ctebv-interesses\"><option value=\"Rozwi\u0105zanie z w\u0142\u00f3kna w\u0119glowego\">Rozwi\u0105zanie z w\u0142\u00f3kna w\u0119glowego<\/option><option value=\"Rozwi\u0105zanie z w\u0142\u00f3kna szklanego\">Rozwi\u0105zanie z w\u0142\u00f3kna szklanego<\/option><option value=\"Materia\u0142y uszczelniaj\u0105ce wyciek\">Materia\u0142y uszczelniaj\u0105ce wyciek<\/option><option value=\"Revowrap\">Revowrap<\/option><option value=\"Revomat\">Revomat<\/option><option value=\"PermaWrap\">PermaWrap<\/option><option value=\"WeldWrap\">WeldWrap<\/option><option value=\"Narz\u0119dzia kontrolne\">Narz\u0119dzia kontrolne<\/option><option value=\"Szkolenie\">Szkolenie<\/option><option value=\"Pro\u015bba og\u00f3lna\">Pro\u015bba og\u00f3lna<\/option><\/select><\/span>\n<\/p>\n<p><span class=\"wpcf7-form-control-wrap\" data-name=\"your-message\"><textarea cols=\"40\" rows=\"10\" maxlength=\"2000\" class=\"wpcf7-form-control wpcf7-textarea\" aria-invalid=\"false\" placeholder=\"dalsza informacja\" name=\"your-message\"><\/textarea><\/span>\n<\/p>\n<p><span class=\"wpcf7-form-control-wrap\" data-name=\"checkbox-535\"><span class=\"wpcf7-form-control wpcf7-checkbox wpcf7-validates-as-required\" id=\"Acceptatievoorwaardengebruikpersoonsgegevensdoorctebv\"><span class=\"wpcf7-list-item first last\"><input type=\"checkbox\" name=\"checkbox-535[]\" value=\"Wyra\u017cam zgod\u0119 na kontakt z wykorzystaniem wprowadzonych przeze mnie danych osobowych. Moje dane b\u0119d\u0105 przechowywane w celu nawi\u0105zania pierwszego kontaktu nie d\u0142u\u017cej ni\u017c 6 miesi\u0119cy od otrzymania zapytania przez klienta.\" \/><span class=\"wpcf7-list-item-label\">Wyra\u017cam zgod\u0119 na kontakt z wykorzystaniem wprowadzonych przeze mnie danych osobowych. Moje dane b\u0119d\u0105 przechowywane w celu nawi\u0105zania pierwszego kontaktu nie d\u0142u\u017cej ni\u017c 6 miesi\u0119cy od otrzymania zapytania przez klienta.<\/span><\/span><\/span><\/span>\n<\/p>\n<p><input class=\"wpcf7-form-control wpcf7-submit has-spinner\" id=\"Send\" type=\"submit\" value=\"WY\u015aLIJ\" \/>\n<\/p><p style=\"display: none !important;\" class=\"akismet-fields-container\" data-prefix=\"_wpcf7_ak_\"><label>&#916;<textarea name=\"_wpcf7_ak_hp_textarea\" cols=\"45\" rows=\"8\" maxlength=\"100\"><\/textarea><\/label><input type=\"hidden\" id=\"ak_js_1\" name=\"_wpcf7_ak_js\" value=\"146\"\/><script type=\"text\/javascript\">\n\/* <![CDATA[ *\/\ndocument.getElementById( \"ak_js_1\" ).setAttribute( \"value\", ( new Date() ).getTime() );\n\/* ]]> *\/\n<\/script>\n<\/p><div class=\"wpcf7-response-output\" aria-hidden=\"true\"><\/div>\n<\/form>\n<\/div>\n<\/p>\n\t\t\t\t\t\n\t\t\t\t\t\t\t\t\t<\/div>\n\t\t\t\t\t\t\t\t\n\t\t\t\t\t\t\t<\/div>\n\n\t\t\t\n<\/div>\n<\/div><\/div><\/div><\/div><div id=\"pgc-2367-3-2\"  class=\"panel-grid-cell\" ><div id=\"panel-2367-3-2-0\" class=\"so-panel widget widget_sow-features panel-first-child panel-last-child\" data-index=\"5\" ><div id=\"tekst-downloads-carbontech-composites\" class=\"panel-widget-style panel-widget-style-for-2367-3-2-0\" ><div\n\t\t\t\n\t\t\tclass=\"so-widget-sow-features so-widget-sow-features-default-9c00ecc561c9-2367\"\n\t\t\t\n\t\t>\n<div class=\"sow-features-list sow-features-responsive\">\n\n\t\t\t\t\t\t\t\t\t<div\n\t\t\t\tclass=\"sow-features-feature sow-icon-container-position-top\"\n\t\t\t\tstyle=\"display: flex; flex-direction: column; width: calc(100% - 25px);\"\n\t\t\t>\n\t\t\t\n\t\t\t\t\t\t\t\t<div\n\t\t\t\t\tclass=\"sow-icon-container sow-container-none\"\n\t\t\t\t\tstyle=\"color: #404040; \"\n\t\t\t\t\t>\n\t\t\t\t\t\t\t\t\t<\/div>\n\t\t\t\t\n\t\t\t\t<div class=\"textwidget\">\n\t\t\t\t\t\n\t\t\t\t\t\n\t\t\t\t\t\t\t\t\t\t\t<p style=\"text-align: left;\"><strong>Pobieranie produkt\u00f3w Carbon Tech Europe:<\/strong><\/p>\n<p style=\"text-align: left;\"><strong><a href=\"\/\/carbontech-composites.eu\/pl\/download\/carbontech-europe-bv-spitze-hp-clamp-2025\/?wpdmdl=6858&amp;refresh=69f0cf4e573aa1777389390&quot;&gt;Pobierz&lt;\/a&gt;\n            &lt;\/div&gt;\n        &lt;\/div&gt;\n    &lt;\/div&gt;\n&lt;\/div&gt;\n\n&lt;\/div&gt;\" target=\"_blank\" rel=\"noopener\">Obejma naprawcza Carbon Clamp<\/a><br \/>\n<\/strong><strong><a href=\"\/\/carbontech-composites.eu\/pl\/download\/sealing-tape-pl\/?wpdmdl=2170&amp;refresh=69f0cf4e682c71777389390&quot;&gt;Pobierz&lt;\/a&gt;\n            &lt;\/div&gt;\n        &lt;\/div&gt;\n    &lt;\/div&gt;\n&lt;\/div&gt;\n\n&lt;\/div&gt;\" target=\"_blank\" rel=\"noopener\">Ta\u015bma uszczelniaj\u0105ca<\/a><\/strong><strong><br \/>\n<\/strong><strong><a href=\"\/\/carbontech-composites.eu\/pl\/download\/steel-putty-stick-pl\/?wpdmdl=2172&amp;refresh=69f0cf4e784121777389390&quot;&gt;Pobierz&lt;\/a&gt;\n            &lt;\/div&gt;\n        &lt;\/div&gt;\n    &lt;\/div&gt;\n&lt;\/div&gt;\n\n&lt;\/div&gt;\" target=\"_blank\" rel=\"noopener\">Kit epoksydowy w sztyfcie<\/a><\/strong><\/p>\n<p style=\"text-align: left;\"><strong><a href=\"\/\/carbontech-composites.eu\/pl\/download\/carbontech-europe-bv-revostrap-2025\/?wpdmdl=6871&amp;refresh=69f0cf4e898c41777389390&quot;&gt;Pobierz&lt;\/a&gt;\n            &lt;\/div&gt;\n        &lt;\/div&gt;\n    &lt;\/div&gt;\n&lt;\/div&gt;\n\n&lt;\/div&gt;\" target=\"_blank\" rel=\"noopener\">Revostrap<\/a><br \/>\n<\/strong><strong><a href=\"\/\/carbontech-composites.eu\/pl\/download\/carbontech-europe-bv-revowrap-110-2025\/?wpdmdl=6869&amp;refresh=69f0cf4e994e71777389390&quot;&gt;Pobierz&lt;\/a&gt;\n            &lt;\/div&gt;\n        &lt;\/div&gt;\n    &lt;\/div&gt;\n&lt;\/div&gt;\n\n&lt;\/div&gt;\" target=\"_blank\" rel=\"noopener\">Revowrap 110 TDS\u00a0<\/a><\/strong><strong><br \/>\n<\/strong><strong><a href=\"\/\/carbontech-composites.eu\/pl\/download\/carbontech-europe-bv-revowrap-185-2025\/?wpdmdl=6898&amp;refresh=69f0cf4eaa4051777389390&quot;&gt;Pobierz&lt;\/a&gt;\n            &lt;\/div&gt;\n        &lt;\/div&gt;\n    &lt;\/div&gt;\n&lt;\/div&gt;\n\n&lt;\/div&gt;\" target=\"_blank\" rel=\"noopener\">Revowrap 185 TDS<\/a><br \/>\n<\/strong><strong><a href=\"\/\/carbontech-composites.eu\/pl\/download\/carbontech-europe-bv-revowrap-225-2025\/?wpdmdl=6870&amp;refresh=69f0cf4ebb19b1777389390&quot;&gt;Pobierz&lt;\/a&gt;\n            &lt;\/div&gt;\n        &lt;\/div&gt;\n    &lt;\/div&gt;\n&lt;\/div&gt;\n\n&lt;\/div&gt;\" target=\"_blank\" rel=\"noopener\">Revowrap 225 TDS<\/a><\/strong><strong><br \/>\n<\/strong><\/p>\n<p style=\"text-align: left;\"><strong><a href=\"\/\/carbontech-composites.eu\/pl\/download\/revomat-tds\/?wpdmdl=1693&amp;refresh=69f0cf4ecd9471777389390&quot;&gt;Pobierz&lt;\/a&gt;\n            &lt;\/div&gt;\n        &lt;\/div&gt;\n    &lt;\/div&gt;\n&lt;\/div&gt;\n\n&lt;\/div&gt;\" target=\"_blank\" rel=\"noopener\">Revomat TDS<\/a><br \/>\n<\/strong><strong><a href=\"\/\/carbontech-composites.eu\/pl\/download\/permawrap-tds\/?wpdmdl=1694&amp;refresh=69f0cf4edeca81777389390&quot;&gt;Pobierz&lt;\/a&gt;\n            &lt;\/div&gt;\n        &lt;\/div&gt;\n    &lt;\/div&gt;\n&lt;\/div&gt;\n\n&lt;\/div&gt;\" target=\"_blank\" rel=\"noopener\">PermaWrap TDS<\/a><\/strong><strong><br \/>\n<\/strong><strong><a href=\"\/\/carbontech-composites.eu\/pl\/download\/weldwrap-tds\/?wpdmdl=1695&amp;refresh=69f0cf4eeef0e1777389390&quot;&gt;Pobierz&lt;\/a&gt;\n            &lt;\/div&gt;\n        &lt;\/div&gt;\n    &lt;\/div&gt;\n&lt;\/div&gt;\n\n&lt;\/div&gt;\" target=\"_blank\" rel=\"noopener\">WeldWrap TDS<\/a><\/strong><\/p>\n<p style=\"text-align: left;\"><strong><a href=\"\/\/carbontech-composites.eu\/pl\/download\/engineering-assessment-form-pl\/?wpdmdl=2166&amp;refresh=69f0cf4f0bbc41777389391&quot;&gt;Pobierz&lt;\/a&gt;\n            &lt;\/div&gt;\n        &lt;\/div&gt;\n    &lt;\/div&gt;\n&lt;\/div&gt;\n\n&lt;\/div&gt;\" target=\"_blank\" rel=\"noopener\">Formularz oceny in\u017cynierskiej<\/a><\/strong><\/p>\n<p style=\"text-align: left;\"><strong><a href=\"\/\/carbontech-composites.eu\/pl\/download\/corporate-brochure\/?wpdmdl=1697&amp;refresh=69f0cf4f1b06d1777389391&quot;&gt;Pobierz&lt;\/a&gt;\n            &lt;\/div&gt;\n        &lt;\/div&gt;\n    &lt;\/div&gt;\n&lt;\/div&gt;\n\n&lt;\/div&gt;\" target=\"_blank\" rel=\"noopener\">Broszura informacyjna<\/a><\/strong><\/p>\n<p style=\"text-align: left;\"><strong><a href=\"\/\/carbontech-composites.eu\/pl\/download\/tuv-iso-24817-certificate\/?wpdmdl=1698&amp;refresh=69f0cf4f2be261777389391&quot;&gt;Pobierz&lt;\/a&gt;\n            &lt;\/div&gt;\n        &lt;\/div&gt;\n    &lt;\/div&gt;\n&lt;\/div&gt;\n\n&lt;\/div&gt;\" target=\"_blank\" rel=\"noopener\">TUV ISO 24817 Certificate<\/a><\/strong><\/p>\n\t\t\t\t\t\n\t\t\t\t\t\t\t\t\t<\/div>\n\t\t\t\t\t\t\t\t\n\t\t\t\t\t\t\t<\/div>\n\n\t\t\t\n<\/div>\n<\/div><\/div><\/div><\/div><\/div><\/div><\/div>","protected":false},"excerpt":{"rendered":"<p>Skontaktuj si\u0119 z nami ju\u017c dzi\u015b, aby uzyska\u0107&#8230; IN\u017bYNIERSKIE ROZWI\u0104ZANIE NAPRAWCZE Potrzebujesz pomocy przy remoncie uszkodzonych &#8211; krytycznych zasob\u00f3w? Carbon Tech Europe BV jest wyspecjalizowanym dystrybutorem najwy\u017cszej jako\u015bci rozwi\u0105za\u0144 kompozytowych w Europie i Afryce P\u00f3\u0142nocnej. \u015aci\u015ble wsp\u00f3\u0142pracujemy z firm\u0105 Carbontech Composite Systems z siedzib\u0105 w RPA i dostarczamy bran\u017cy przemys\u0142owej najnowocze\u015bniejsze produkty, us\u0142ugi, wsparcie i&hellip;<\/p>\n","protected":false},"author":1,"featured_media":0,"parent":0,"menu_order":0,"comment_status":"closed","ping_status":"closed","template":"page-templates\/default-no-title.php","meta":{"footnotes":""},"class_list":["post-2367","page","type-page","status-publish","hentry"],"yoast_head":"<!-- This site is optimized with the Yoast SEO plugin v27.4 - https:\/\/yoast.com\/product\/yoast-seo-wordpress\/ -->\n<title>Contact us - Carbon Tech Europe BV<\/title>\n<meta name=\"description\" content=\"Contact Carbon Tech Europe by mail, phone or form for your pipeline repair solutions and inspection tools. Specific datasheets for dowload\" \/>\n<meta name=\"robots\" content=\"index, follow, max-snippet:-1, max-image-preview:large, max-video-preview:-1\" \/>\n<link rel=\"canonical\" href=\"https:\/\/carbontech-composites.eu\/pl\/kontakt\/\" \/>\n<meta property=\"og:locale\" content=\"pl_PL\" \/>\n<meta property=\"og:type\" content=\"article\" \/>\n<meta property=\"og:title\" content=\"Contact us - Carbon Tech Europe BV\" \/>\n<meta property=\"og:description\" content=\"Contact Carbon Tech Europe by mail, phone or form for your pipeline repair solutions and inspection tools. Specific datasheets for dowload\" \/>\n<meta property=\"og:url\" content=\"https:\/\/carbontech-composites.eu\/pl\/kontakt\/\" \/>\n<meta property=\"og:site_name\" content=\"Carbon Tech Europe BV\" \/>\n<meta property=\"article:modified_time\" content=\"2025-03-07T10:31:51+00:00\" \/>\n<meta name=\"twitter:card\" content=\"summary_large_image\" \/>\n<meta name=\"twitter:label1\" content=\"Szacowany czas czytania\" \/>\n\t<meta name=\"twitter:data1\" content=\"2 minuty\" \/>\n<script type=\"application\/ld+json\" class=\"yoast-schema-graph\">{\"@context\":\"https:\\\/\\\/schema.org\",\"@graph\":[{\"@type\":\"WebPage\",\"@id\":\"https:\\\/\\\/carbontech-composites.eu\\\/pl\\\/kontakt\\\/\",\"url\":\"https:\\\/\\\/carbontech-composites.eu\\\/pl\\\/kontakt\\\/\",\"name\":\"Contact us - Carbon Tech Europe BV\",\"isPartOf\":{\"@id\":\"https:\\\/\\\/carbontech-composites.eu\\\/#website\"},\"datePublished\":\"2020-03-24T16:38:05+00:00\",\"dateModified\":\"2025-03-07T10:31:51+00:00\",\"description\":\"Contact Carbon Tech Europe by mail, phone or form for your pipeline repair solutions and inspection tools. Specific datasheets for dowload\",\"breadcrumb\":{\"@id\":\"https:\\\/\\\/carbontech-composites.eu\\\/pl\\\/kontakt\\\/#breadcrumb\"},\"inLanguage\":\"pl-PL\",\"potentialAction\":[{\"@type\":\"ReadAction\",\"target\":[\"https:\\\/\\\/carbontech-composites.eu\\\/pl\\\/kontakt\\\/\"]}]},{\"@type\":\"BreadcrumbList\",\"@id\":\"https:\\\/\\\/carbontech-composites.eu\\\/pl\\\/kontakt\\\/#breadcrumb\",\"itemListElement\":[{\"@type\":\"ListItem\",\"position\":1,\"name\":\"Home\",\"item\":\"https:\\\/\\\/carbontech-composites.eu\\\/pl\\\/\"},{\"@type\":\"ListItem\",\"position\":2,\"name\":\"Kontakt\"}]},{\"@type\":\"WebSite\",\"@id\":\"https:\\\/\\\/carbontech-composites.eu\\\/#website\",\"url\":\"https:\\\/\\\/carbontech-composites.eu\\\/\",\"name\":\"Carbon Tech Europe BV\",\"description\":\"Premium supplier of carbon composite solutions\",\"potentialAction\":[{\"@type\":\"SearchAction\",\"target\":{\"@type\":\"EntryPoint\",\"urlTemplate\":\"https:\\\/\\\/carbontech-composites.eu\\\/?s={search_term_string}\"},\"query-input\":{\"@type\":\"PropertyValueSpecification\",\"valueRequired\":true,\"valueName\":\"search_term_string\"}}],\"inLanguage\":\"pl-PL\"}]}<\/script>\n<!-- \/ Yoast SEO plugin. -->","yoast_head_json":{"title":"Contact us - Carbon Tech Europe BV","description":"Contact Carbon Tech Europe by mail, phone or form for your pipeline repair solutions and inspection tools. Specific datasheets for dowload","robots":{"index":"index","follow":"follow","max-snippet":"max-snippet:-1","max-image-preview":"max-image-preview:large","max-video-preview":"max-video-preview:-1"},"canonical":"https:\/\/carbontech-composites.eu\/pl\/kontakt\/","og_locale":"pl_PL","og_type":"article","og_title":"Contact us - Carbon Tech Europe BV","og_description":"Contact Carbon Tech Europe by mail, phone or form for your pipeline repair solutions and inspection tools. Specific datasheets for dowload","og_url":"https:\/\/carbontech-composites.eu\/pl\/kontakt\/","og_site_name":"Carbon Tech Europe BV","article_modified_time":"2025-03-07T10:31:51+00:00","twitter_card":"summary_large_image","twitter_misc":{"Szacowany czas czytania":"2 minuty"},"schema":{"@context":"https:\/\/schema.org","@graph":[{"@type":"WebPage","@id":"https:\/\/carbontech-composites.eu\/pl\/kontakt\/","url":"https:\/\/carbontech-composites.eu\/pl\/kontakt\/","name":"Contact us - Carbon Tech Europe BV","isPartOf":{"@id":"https:\/\/carbontech-composites.eu\/#website"},"datePublished":"2020-03-24T16:38:05+00:00","dateModified":"2025-03-07T10:31:51+00:00","description":"Contact Carbon Tech Europe by mail, phone or form for your pipeline repair solutions and inspection tools. Specific datasheets for dowload","breadcrumb":{"@id":"https:\/\/carbontech-composites.eu\/pl\/kontakt\/#breadcrumb"},"inLanguage":"pl-PL","potentialAction":[{"@type":"ReadAction","target":["https:\/\/carbontech-composites.eu\/pl\/kontakt\/"]}]},{"@type":"BreadcrumbList","@id":"https:\/\/carbontech-composites.eu\/pl\/kontakt\/#breadcrumb","itemListElement":[{"@type":"ListItem","position":1,"name":"Home","item":"https:\/\/carbontech-composites.eu\/pl\/"},{"@type":"ListItem","position":2,"name":"Kontakt"}]},{"@type":"WebSite","@id":"https:\/\/carbontech-composites.eu\/#website","url":"https:\/\/carbontech-composites.eu\/","name":"Carbon Tech Europe BV","description":"Premium supplier of carbon composite solutions","potentialAction":[{"@type":"SearchAction","target":{"@type":"EntryPoint","urlTemplate":"https:\/\/carbontech-composites.eu\/?s={search_term_string}"},"query-input":{"@type":"PropertyValueSpecification","valueRequired":true,"valueName":"search_term_string"}}],"inLanguage":"pl-PL"}]}},"jetpack_sharing_enabled":true,"_links":{"self":[{"href":"https:\/\/carbontech-composites.eu\/pl\/wp-json\/wp\/v2\/pages\/2367","targetHints":{"allow":["GET"]}}],"collection":[{"href":"https:\/\/carbontech-composites.eu\/pl\/wp-json\/wp\/v2\/pages"}],"about":[{"href":"https:\/\/carbontech-composites.eu\/pl\/wp-json\/wp\/v2\/types\/page"}],"author":[{"embeddable":true,"href":"https:\/\/carbontech-composites.eu\/pl\/wp-json\/wp\/v2\/users\/1"}],"replies":[{"embeddable":true,"href":"https:\/\/carbontech-composites.eu\/pl\/wp-json\/wp\/v2\/comments?post=2367"}],"version-history":[{"count":0,"href":"https:\/\/carbontech-composites.eu\/pl\/wp-json\/wp\/v2\/pages\/2367\/revisions"}],"wp:attachment":[{"href":"https:\/\/carbontech-composites.eu\/pl\/wp-json\/wp\/v2\/media?parent=2367"}],"curies":[{"name":"wp","href":"https:\/\/api.w.org\/{rel}","templated":true}]}}