{"id":2410,"date":"2021-03-15T14:23:06","date_gmt":"2021-03-15T14:23:06","guid":{"rendered":"https:\/\/carbontech-composites.eu\/partners\/"},"modified":"2023-11-01T16:00:43","modified_gmt":"2023-11-01T16:00:43","slug":"partnerzy","status":"publish","type":"page","link":"https:\/\/carbontech-composites.eu\/pl\/partnerzy\/","title":{"rendered":"Partnerzy"},"content":{"rendered":"<div id=\"pl-2410\"  class=\"panel-layout\" ><div id=\"pg-2410-0\"  class=\"panel-grid panel-has-style\" ><div class=\"siteorigin-panels-stretch panel-row-style panel-row-style-for-2410-0\" id=\"meet-the-partners-carbon-tech-europe-bv\" data-stretch-type=\"full\" ><div id=\"pgc-2410-0-0\"  class=\"panel-grid-cell\" ><div id=\"panel-2410-0-0-0\" class=\"so-panel widget widget_sow-headline panel-first-child panel-last-child\" data-index=\"0\" ><div class=\"panel-widget-style panel-widget-style-for-2410-0-0-0\" ><div\n\t\t\t\n\t\t\tclass=\"so-widget-sow-headline so-widget-sow-headline-default-4117c864c384-2410 so-widget-fittext-wrapper\"\n\t\t\t data-fit-text-compressor=\"0.85\"\n\t\t><div class=\"sow-headline-container \">\n\t<h3 class='sow-headline'>Poznaj naszych partner\u00f3w i dystrybutor\u00f3w. Prosz\u0119 klikn\u0105\u0107 logo, aby przej\u015b\u0107 do konkretnej strony internetowej.  <\/h3><\/div>\n<\/div><\/div><\/div><\/div><\/div><\/div><div id=\"pg-2410-1\"  class=\"panel-grid panel-has-style\" ><div id=\"images-partners-carbon-tech-europe-bv\" class=\"panel-row-style panel-row-style-for-2410-1\" ><div id=\"pgc-2410-1-0\"  class=\"panel-grid-cell\" ><div id=\"panel-2410-1-0-0\" class=\"so-panel widget widget_sow-image panel-first-child panel-last-child\" data-index=\"1\" ><div\n\t\t\t\n\t\t\tclass=\"so-widget-sow-image so-widget-sow-image-default-8b5b6f678277-2410\"\n\t\t\t\n\t\t>\n\n<div class=\"sow-image-container\">\n\t\t\t<a href=\"http:\/\/www.kotel.by\"\n\t\t\ttarget=\"_blank\" rel=\"noopener noreferrer\" \t\t>\n\t\t\t<img decoding=\"async\" src=\"https:\/\/carbontech-composites.eu\/wp-content\/uploads\/2021\/03\/logo-Belkotloochistka-partner-distributor-carbon-tech-europe-bv-gorinchem-2021.png\" width=\"650\" height=\"450\" srcset=\"https:\/\/carbontech-composites.eu\/wp-content\/uploads\/2021\/03\/logo-Belkotloochistka-partner-distributor-carbon-tech-europe-bv-gorinchem-2021.png 650w, https:\/\/carbontech-composites.eu\/wp-content\/uploads\/2021\/03\/logo-Belkotloochistka-partner-distributor-carbon-tech-europe-bv-gorinchem-2021-300x208.png 300w\" sizes=\"auto, (max-width: 650px) 100vw, 650px\" title=\"Belkotloochistka\" alt=\"\" loading=\"lazy\" \t\tclass=\"so-widget-image\"\/>\n\t<\/a><\/div>\n\n<\/div><\/div><\/div><div id=\"pgc-2410-1-1\"  class=\"panel-grid-cell\" ><div id=\"panel-2410-1-1-0\" class=\"so-panel widget widget_sow-image panel-first-child panel-last-child\" data-index=\"2\" ><div\n\t\t\t\n\t\t\tclass=\"so-widget-sow-image so-widget-sow-image-default-8b5b6f678277-2410\"\n\t\t\t\n\t\t>\n\n<div class=\"sow-image-container\">\n\t\t\t<a href=\"http:\/\/www.bielpartner.com\"\n\t\t\ttarget=\"_blank\" rel=\"noopener noreferrer\" \t\t>\n\t\t\t<img decoding=\"async\" src=\"https:\/\/carbontech-composites.eu\/wp-content\/uploads\/2021\/06\/logo-bielpartner-partner-distributor-carbon-tech-europe-bv-gorinchem-2021.png\" width=\"650\" height=\"450\" srcset=\"https:\/\/carbontech-composites.eu\/wp-content\/uploads\/2021\/06\/logo-bielpartner-partner-distributor-carbon-tech-europe-bv-gorinchem-2021.png 650w, https:\/\/carbontech-composites.eu\/wp-content\/uploads\/2021\/06\/logo-bielpartner-partner-distributor-carbon-tech-europe-bv-gorinchem-2021-300x208.png 300w\" sizes=\"auto, (max-width: 650px) 100vw, 650px\" title=\"Bielpartner\" alt=\"\" loading=\"lazy\" \t\tclass=\"so-widget-image\"\/>\n\t<\/a><\/div>\n\n<\/div><\/div><\/div><div id=\"pgc-2410-1-2\"  class=\"panel-grid-cell\" ><div id=\"panel-2410-1-2-0\" class=\"so-panel widget widget_sow-image panel-first-child panel-last-child\" data-index=\"3\" ><div\n\t\t\t\n\t\t\tclass=\"so-widget-sow-image so-widget-sow-image-default-8b5b6f678277-2410\"\n\t\t\t\n\t\t>\n\n<div class=\"sow-image-container\">\n\t\t\t<a href=\"http:\/\/www.revowrap.com\/\"\n\t\t\ttarget=\"_blank\" rel=\"noopener noreferrer\" \t\t>\n\t\t\t<img decoding=\"async\" src=\"https:\/\/carbontech-composites.eu\/wp-content\/uploads\/2021\/06\/logo-carbontech-revowrap-partner-distributor-carbon-tech-europe-bv-gorinchem-2021.png\" width=\"650\" height=\"450\" srcset=\"https:\/\/carbontech-composites.eu\/wp-content\/uploads\/2021\/06\/logo-carbontech-revowrap-partner-distributor-carbon-tech-europe-bv-gorinchem-2021.png 650w, https:\/\/carbontech-composites.eu\/wp-content\/uploads\/2021\/06\/logo-carbontech-revowrap-partner-distributor-carbon-tech-europe-bv-gorinchem-2021-300x208.png 300w\" sizes=\"auto, (max-width: 650px) 100vw, 650px\" title=\"Carbontech South Africa\" alt=\"\" loading=\"lazy\" \t\tclass=\"so-widget-image\"\/>\n\t<\/a><\/div>\n\n<\/div><\/div><\/div><\/div><\/div><div id=\"pg-2410-2\"  class=\"panel-grid panel-has-style\" ><div id=\"images-partners-carbon-tech-europe-bv\" class=\"panel-row-style panel-row-style-for-2410-2\" ><div id=\"pgc-2410-2-0\"  class=\"panel-grid-cell\" ><div id=\"panel-2410-2-0-0\" class=\"so-panel widget widget_sow-image panel-first-child panel-last-child\" data-index=\"4\" ><div\n\t\t\t\n\t\t\tclass=\"so-widget-sow-image so-widget-sow-image-default-8b5b6f678277-2410\"\n\t\t\t\n\t\t>\n\n<div class=\"sow-image-container\">\n\t\t\t<a href=\"https:\/\/www.hsos.eu\/\"\n\t\t\ttarget=\"_blank\" rel=\"noopener noreferrer\" \t\t>\n\t\t\t<img decoding=\"async\" src=\"https:\/\/carbontech-composites.eu\/wp-content\/uploads\/2021\/06\/logo-hsos-industrial-services-partner-distributor-carbon-tech-europe-bv-gorinchem-2021.png\" width=\"650\" height=\"450\" srcset=\"https:\/\/carbontech-composites.eu\/wp-content\/uploads\/2021\/06\/logo-hsos-industrial-services-partner-distributor-carbon-tech-europe-bv-gorinchem-2021.png 650w, https:\/\/carbontech-composites.eu\/wp-content\/uploads\/2021\/06\/logo-hsos-industrial-services-partner-distributor-carbon-tech-europe-bv-gorinchem-2021-300x208.png 300w\" sizes=\"auto, (max-width: 650px) 100vw, 650px\" title=\"hsos\" alt=\"\" loading=\"lazy\" \t\tclass=\"so-widget-image\"\/>\n\t<\/a><\/div>\n\n<\/div><\/div><\/div><div id=\"pgc-2410-2-1\"  class=\"panel-grid-cell\" ><div id=\"panel-2410-2-1-0\" class=\"so-panel widget widget_sow-image panel-first-child panel-last-child\" data-index=\"5\" ><div\n\t\t\t\n\t\t\tclass=\"so-widget-sow-image so-widget-sow-image-default-8b5b6f678277-2410\"\n\t\t\t\n\t\t>\n\n<div class=\"sow-image-container\">\n\t\t\t<a href=\"https:\/\/hydrosealglobal.com\"\n\t\t\ttarget=\"_blank\" rel=\"noopener noreferrer\" \t\t>\n\t\t\t<img decoding=\"async\" src=\"https:\/\/carbontech-composites.eu\/wp-content\/uploads\/2021\/03\/logo-Hydroseal-Global-Holland-partner-distributor-carbon-tech-europe-bv-gorinchem-2021.png\" width=\"650\" height=\"450\" srcset=\"https:\/\/carbontech-composites.eu\/wp-content\/uploads\/2021\/03\/logo-Hydroseal-Global-Holland-partner-distributor-carbon-tech-europe-bv-gorinchem-2021.png 650w, https:\/\/carbontech-composites.eu\/wp-content\/uploads\/2021\/03\/logo-Hydroseal-Global-Holland-partner-distributor-carbon-tech-europe-bv-gorinchem-2021-300x208.png 300w\" sizes=\"auto, (max-width: 650px) 100vw, 650px\" title=\"Hydroseal Global Holland\" alt=\"\" loading=\"lazy\" \t\tclass=\"so-widget-image\"\/>\n\t<\/a><\/div>\n\n<\/div><\/div><\/div><div id=\"pgc-2410-2-2\"  class=\"panel-grid-cell\" ><div id=\"panel-2410-2-2-0\" class=\"so-panel widget widget_sow-image panel-first-child panel-last-child\" data-index=\"6\" ><div\n\t\t\t\n\t\t\tclass=\"so-widget-sow-image so-widget-sow-image-default-8b5b6f678277-2410\"\n\t\t\t\n\t\t>\n\n<div class=\"sow-image-container\">\n\t\t\t<a href=\"https:\/\/www.namtvedt.no\"\n\t\t\ttarget=\"_blank\" rel=\"noopener noreferrer\" \t\t>\n\t\t\t<img decoding=\"async\" src=\"https:\/\/carbontech-composites.eu\/wp-content\/uploads\/2023\/11\/logo-Namtvedt-Norway-partner-distributor-carbon-tech-europe-bv-gorinchem-2023.png\" width=\"650\" height=\"450\" srcset=\"https:\/\/carbontech-composites.eu\/wp-content\/uploads\/2023\/11\/logo-Namtvedt-Norway-partner-distributor-carbon-tech-europe-bv-gorinchem-2023.png 650w, https:\/\/carbontech-composites.eu\/wp-content\/uploads\/2023\/11\/logo-Namtvedt-Norway-partner-distributor-carbon-tech-europe-bv-gorinchem-2023-300x208.png 300w\" sizes=\"auto, (max-width: 650px) 100vw, 650px\" title=\"Namtvedt\" alt=\"\" loading=\"lazy\" \t\tclass=\"so-widget-image\"\/>\n\t<\/a><\/div>\n\n<\/div><\/div><\/div><\/div><\/div><div id=\"pg-2410-3\"  class=\"panel-grid panel-has-style\" ><div id=\"images-partners-carbon-tech-europe-bv\" class=\"panel-row-style panel-row-style-for-2410-3\" ><div id=\"pgc-2410-3-0\"  class=\"panel-grid-cell\" ><div id=\"panel-2410-3-0-0\" class=\"so-panel widget widget_sow-image panel-first-child panel-last-child\" data-index=\"7\" ><div\n\t\t\t\n\t\t\tclass=\"so-widget-sow-image so-widget-sow-image-default-8b5b6f678277-2410\"\n\t\t\t\n\t\t>\n\n<div class=\"sow-image-container\">\n\t\t\t<a href=\"https:\/\/www.plcservices.cz\"\n\t\t\ttarget=\"_blank\" rel=\"noopener noreferrer\" \t\t>\n\t\t\t<img decoding=\"async\" src=\"https:\/\/carbontech-composites.eu\/wp-content\/uploads\/2021\/03\/logo-PLC-Services-Czech-Republic-partner-distributor-carbon-tech-europe-bv-gorinchem-2021.png\" width=\"650\" height=\"450\" srcset=\"https:\/\/carbontech-composites.eu\/wp-content\/uploads\/2021\/03\/logo-PLC-Services-Czech-Republic-partner-distributor-carbon-tech-europe-bv-gorinchem-2021.png 650w, https:\/\/carbontech-composites.eu\/wp-content\/uploads\/2021\/03\/logo-PLC-Services-Czech-Republic-partner-distributor-carbon-tech-europe-bv-gorinchem-2021-300x208.png 300w\" sizes=\"auto, (max-width: 650px) 100vw, 650px\" title=\"PLC Services\" alt=\"\" loading=\"lazy\" \t\tclass=\"so-widget-image\"\/>\n\t<\/a><\/div>\n\n<\/div><\/div><\/div><div id=\"pgc-2410-3-1\"  class=\"panel-grid-cell\" ><div id=\"panel-2410-3-1-0\" class=\"so-panel widget widget_sow-image panel-first-child panel-last-child\" data-index=\"8\" ><div\n\t\t\t\n\t\t\tclass=\"so-widget-sow-image so-widget-sow-image-default-8b5b6f678277-2410\"\n\t\t\t\n\t\t>\n\n<div class=\"sow-image-container\">\n\t\t\t<a href=\"https:\/\/www.pro-tap.com\"\n\t\t\ttarget=\"_blank\" rel=\"noopener noreferrer\" \t\t>\n\t\t\t<img decoding=\"async\" src=\"https:\/\/carbontech-composites.eu\/wp-content\/uploads\/2022\/08\/logo-protap-global-pipeline-services-partner-distributor-carbon-tech-europe-bv-gorinchem-2021.png\" width=\"650\" height=\"450\" srcset=\"https:\/\/carbontech-composites.eu\/wp-content\/uploads\/2022\/08\/logo-protap-global-pipeline-services-partner-distributor-carbon-tech-europe-bv-gorinchem-2021.png 650w, https:\/\/carbontech-composites.eu\/wp-content\/uploads\/2022\/08\/logo-protap-global-pipeline-services-partner-distributor-carbon-tech-europe-bv-gorinchem-2021-300x208.png 300w\" sizes=\"auto, (max-width: 650px) 100vw, 650px\" title=\"Scandinavian Sealing\" alt=\"\" loading=\"lazy\" \t\tclass=\"so-widget-image\"\/>\n\t<\/a><\/div>\n\n<\/div><\/div><\/div><div id=\"pgc-2410-3-2\"  class=\"panel-grid-cell\" ><div id=\"panel-2410-3-2-0\" class=\"so-panel widget widget_sow-image panel-first-child panel-last-child\" data-index=\"9\" ><div\n\t\t\t\n\t\t\tclass=\"so-widget-sow-image so-widget-sow-image-default-8b5b6f678277-2410\"\n\t\t\t\n\t\t>\n\n<div class=\"sow-image-container\">\n\t\t\t<a href=\"http:\/\/www.repco-ind.fr\"\n\t\t\ttarget=\"_blank\" rel=\"noopener noreferrer\" \t\t>\n\t\t\t<img decoding=\"async\" src=\"https:\/\/carbontech-composites.eu\/wp-content\/uploads\/2021\/03\/logo-repco-industries-pipeline-equipment-partner-distributor-carbon-tech-europe-bv-gorinchem-2021.png\" width=\"650\" height=\"450\" srcset=\"https:\/\/carbontech-composites.eu\/wp-content\/uploads\/2021\/03\/logo-repco-industries-pipeline-equipment-partner-distributor-carbon-tech-europe-bv-gorinchem-2021.png 650w, https:\/\/carbontech-composites.eu\/wp-content\/uploads\/2021\/03\/logo-repco-industries-pipeline-equipment-partner-distributor-carbon-tech-europe-bv-gorinchem-2021-300x208.png 300w\" sizes=\"auto, (max-width: 650px) 100vw, 650px\" title=\"repco-industries-pipeline-equipment\" alt=\"\" loading=\"lazy\" \t\tclass=\"so-widget-image\"\/>\n\t<\/a><\/div>\n\n<\/div><\/div><\/div><\/div><\/div><div id=\"pg-2410-4\"  class=\"panel-grid panel-has-style\" ><div id=\"images-partners-carbon-tech-europe-bv\" class=\"panel-row-style panel-row-style-for-2410-4\" ><div id=\"pgc-2410-4-0\"  class=\"panel-grid-cell\" ><div id=\"panel-2410-4-0-0\" class=\"so-panel widget widget_sow-image panel-first-child panel-last-child\" data-index=\"10\" ><div\n\t\t\t\n\t\t\tclass=\"so-widget-sow-image so-widget-sow-image-default-8b5b6f678277-2410\"\n\t\t\t\n\t\t>\n\n<div class=\"sow-image-container\">\n\t\t\t<a href=\"https:\/\/scanseal.se\/about-us\"\n\t\t\ttarget=\"_blank\" rel=\"noopener noreferrer\" \t\t>\n\t\t\t<img decoding=\"async\" src=\"https:\/\/carbontech-composites.eu\/wp-content\/uploads\/2021\/03\/logo-scandinavian-sealing-sweden-partner-distributor-carbon-tech-europe-bv-gorinchem-2021.png\" width=\"650\" height=\"450\" srcset=\"https:\/\/carbontech-composites.eu\/wp-content\/uploads\/2021\/03\/logo-scandinavian-sealing-sweden-partner-distributor-carbon-tech-europe-bv-gorinchem-2021.png 650w, https:\/\/carbontech-composites.eu\/wp-content\/uploads\/2021\/03\/logo-scandinavian-sealing-sweden-partner-distributor-carbon-tech-europe-bv-gorinchem-2021-300x208.png 300w\" sizes=\"auto, (max-width: 650px) 100vw, 650px\" title=\"Scandinavian Sealing\" alt=\"\" loading=\"lazy\" \t\tclass=\"so-widget-image\"\/>\n\t<\/a><\/div>\n\n<\/div><\/div><\/div><div id=\"pgc-2410-4-1\"  class=\"panel-grid-cell panel-grid-cell-mobile-last\" ><div id=\"panel-2410-4-1-0\" class=\"so-panel widget widget_sow-image panel-first-child panel-last-child\" data-index=\"11\" ><div\n\t\t\t\n\t\t\tclass=\"so-widget-sow-image so-widget-sow-image-default-8b5b6f678277-2410\"\n\t\t\t\n\t\t>\n\n<div class=\"sow-image-container\">\n\t\t\t<a href=\"https:\/\/www.share-gas.com\"\n\t\t\ttarget=\"_blank\" rel=\"noopener noreferrer\" \t\t>\n\t\t\t<img decoding=\"async\" src=\"https:\/\/carbontech-composites.eu\/wp-content\/uploads\/2021\/06\/logo-share-gas-innavative-energy-partner-distributor-carbon-tech-europe-bv-gorinchem-2021.png\" width=\"650\" height=\"450\" srcset=\"https:\/\/carbontech-composites.eu\/wp-content\/uploads\/2021\/06\/logo-share-gas-innavative-energy-partner-distributor-carbon-tech-europe-bv-gorinchem-2021.png 650w, https:\/\/carbontech-composites.eu\/wp-content\/uploads\/2021\/06\/logo-share-gas-innavative-energy-partner-distributor-carbon-tech-europe-bv-gorinchem-2021-300x208.png 300w\" sizes=\"auto, (max-width: 650px) 100vw, 650px\" title=\"share-gas\" alt=\"\" loading=\"lazy\" \t\tclass=\"so-widget-image\"\/>\n\t<\/a><\/div>\n\n<\/div><\/div><\/div><div id=\"pgc-2410-4-2\"  class=\"panel-grid-cell panel-grid-cell-empty\" ><\/div><\/div><\/div><\/div>","protected":false},"excerpt":{"rendered":"<p>Poznaj naszych partner\u00f3w i dystrybutor\u00f3w. Prosz\u0119 klikn\u0105\u0107 logo, aby przej\u015b\u0107 do konkretnej strony internetowej.<\/p>\n","protected":false},"author":1,"featured_media":0,"parent":0,"menu_order":0,"comment_status":"closed","ping_status":"closed","template":"page-templates\/default-no-title.php","meta":{"footnotes":""},"class_list":["post-2410","page","type-page","status-publish","hentry"],"yoast_head":"<!-- This site is optimized with the Yoast SEO plugin v27.4 - https:\/\/yoast.com\/product\/yoast-seo-wordpress\/ -->\n<title>Partnerzy - Carbon Tech Europe BV<\/title>\n<meta name=\"robots\" content=\"index, follow, max-snippet:-1, max-image-preview:large, max-video-preview:-1\" \/>\n<link rel=\"canonical\" href=\"https:\/\/carbontech-composites.eu\/pl\/partnerzy\/\" \/>\n<meta property=\"og:locale\" content=\"pl_PL\" \/>\n<meta property=\"og:type\" content=\"article\" \/>\n<meta property=\"og:title\" content=\"Partnerzy - Carbon Tech Europe BV\" \/>\n<meta property=\"og:description\" content=\"Poznaj naszych partner\u00f3w i dystrybutor\u00f3w. Prosz\u0119 klikn\u0105\u0107 logo, aby przej\u015b\u0107 do konkretnej strony internetowej.\" \/>\n<meta property=\"og:url\" content=\"https:\/\/carbontech-composites.eu\/pl\/partnerzy\/\" \/>\n<meta property=\"og:site_name\" content=\"Carbon Tech Europe BV\" \/>\n<meta property=\"article:modified_time\" content=\"2023-11-01T16:00:43+00:00\" \/>\n<meta name=\"twitter:card\" content=\"summary_large_image\" \/>\n<meta name=\"twitter:label1\" content=\"Szacowany czas czytania\" \/>\n\t<meta name=\"twitter:data1\" content=\"1 minuta\" \/>\n<script type=\"application\/ld+json\" class=\"yoast-schema-graph\">{\"@context\":\"https:\\\/\\\/schema.org\",\"@graph\":[{\"@type\":\"WebPage\",\"@id\":\"https:\\\/\\\/carbontech-composites.eu\\\/pl\\\/partnerzy\\\/\",\"url\":\"https:\\\/\\\/carbontech-composites.eu\\\/pl\\\/partnerzy\\\/\",\"name\":\"Partnerzy - Carbon Tech Europe BV\",\"isPartOf\":{\"@id\":\"https:\\\/\\\/carbontech-composites.eu\\\/#website\"},\"datePublished\":\"2021-03-15T14:23:06+00:00\",\"dateModified\":\"2023-11-01T16:00:43+00:00\",\"breadcrumb\":{\"@id\":\"https:\\\/\\\/carbontech-composites.eu\\\/pl\\\/partnerzy\\\/#breadcrumb\"},\"inLanguage\":\"pl-PL\",\"potentialAction\":[{\"@type\":\"ReadAction\",\"target\":[\"https:\\\/\\\/carbontech-composites.eu\\\/pl\\\/partnerzy\\\/\"]}]},{\"@type\":\"BreadcrumbList\",\"@id\":\"https:\\\/\\\/carbontech-composites.eu\\\/pl\\\/partnerzy\\\/#breadcrumb\",\"itemListElement\":[{\"@type\":\"ListItem\",\"position\":1,\"name\":\"Home\",\"item\":\"https:\\\/\\\/carbontech-composites.eu\\\/pl\\\/\"},{\"@type\":\"ListItem\",\"position\":2,\"name\":\"Partnerzy\"}]},{\"@type\":\"WebSite\",\"@id\":\"https:\\\/\\\/carbontech-composites.eu\\\/#website\",\"url\":\"https:\\\/\\\/carbontech-composites.eu\\\/\",\"name\":\"Carbon Tech Europe BV\",\"description\":\"Premium supplier of carbon composite solutions\",\"potentialAction\":[{\"@type\":\"SearchAction\",\"target\":{\"@type\":\"EntryPoint\",\"urlTemplate\":\"https:\\\/\\\/carbontech-composites.eu\\\/?s={search_term_string}\"},\"query-input\":{\"@type\":\"PropertyValueSpecification\",\"valueRequired\":true,\"valueName\":\"search_term_string\"}}],\"inLanguage\":\"pl-PL\"}]}<\/script>\n<!-- \/ Yoast SEO plugin. -->","yoast_head_json":{"title":"Partnerzy - Carbon Tech Europe BV","robots":{"index":"index","follow":"follow","max-snippet":"max-snippet:-1","max-image-preview":"max-image-preview:large","max-video-preview":"max-video-preview:-1"},"canonical":"https:\/\/carbontech-composites.eu\/pl\/partnerzy\/","og_locale":"pl_PL","og_type":"article","og_title":"Partnerzy - Carbon Tech Europe BV","og_description":"Poznaj naszych partner\u00f3w i dystrybutor\u00f3w. Prosz\u0119 klikn\u0105\u0107 logo, aby przej\u015b\u0107 do konkretnej strony internetowej.","og_url":"https:\/\/carbontech-composites.eu\/pl\/partnerzy\/","og_site_name":"Carbon Tech Europe BV","article_modified_time":"2023-11-01T16:00:43+00:00","twitter_card":"summary_large_image","twitter_misc":{"Szacowany czas czytania":"1 minuta"},"schema":{"@context":"https:\/\/schema.org","@graph":[{"@type":"WebPage","@id":"https:\/\/carbontech-composites.eu\/pl\/partnerzy\/","url":"https:\/\/carbontech-composites.eu\/pl\/partnerzy\/","name":"Partnerzy - Carbon Tech Europe BV","isPartOf":{"@id":"https:\/\/carbontech-composites.eu\/#website"},"datePublished":"2021-03-15T14:23:06+00:00","dateModified":"2023-11-01T16:00:43+00:00","breadcrumb":{"@id":"https:\/\/carbontech-composites.eu\/pl\/partnerzy\/#breadcrumb"},"inLanguage":"pl-PL","potentialAction":[{"@type":"ReadAction","target":["https:\/\/carbontech-composites.eu\/pl\/partnerzy\/"]}]},{"@type":"BreadcrumbList","@id":"https:\/\/carbontech-composites.eu\/pl\/partnerzy\/#breadcrumb","itemListElement":[{"@type":"ListItem","position":1,"name":"Home","item":"https:\/\/carbontech-composites.eu\/pl\/"},{"@type":"ListItem","position":2,"name":"Partnerzy"}]},{"@type":"WebSite","@id":"https:\/\/carbontech-composites.eu\/#website","url":"https:\/\/carbontech-composites.eu\/","name":"Carbon Tech Europe BV","description":"Premium supplier of carbon composite solutions","potentialAction":[{"@type":"SearchAction","target":{"@type":"EntryPoint","urlTemplate":"https:\/\/carbontech-composites.eu\/?s={search_term_string}"},"query-input":{"@type":"PropertyValueSpecification","valueRequired":true,"valueName":"search_term_string"}}],"inLanguage":"pl-PL"}]}},"jetpack_sharing_enabled":true,"_links":{"self":[{"href":"https:\/\/carbontech-composites.eu\/pl\/wp-json\/wp\/v2\/pages\/2410","targetHints":{"allow":["GET"]}}],"collection":[{"href":"https:\/\/carbontech-composites.eu\/pl\/wp-json\/wp\/v2\/pages"}],"about":[{"href":"https:\/\/carbontech-composites.eu\/pl\/wp-json\/wp\/v2\/types\/page"}],"author":[{"embeddable":true,"href":"https:\/\/carbontech-composites.eu\/pl\/wp-json\/wp\/v2\/users\/1"}],"replies":[{"embeddable":true,"href":"https:\/\/carbontech-composites.eu\/pl\/wp-json\/wp\/v2\/comments?post=2410"}],"version-history":[{"count":0,"href":"https:\/\/carbontech-composites.eu\/pl\/wp-json\/wp\/v2\/pages\/2410\/revisions"}],"wp:attachment":[{"href":"https:\/\/carbontech-composites.eu\/pl\/wp-json\/wp\/v2\/media?parent=2410"}],"curies":[{"name":"wp","href":"https:\/\/api.w.org\/{rel}","templated":true}]}}