{"id":2456,"date":"2020-05-28T14:53:20","date_gmt":"2020-05-28T14:53:20","guid":{"rendered":"https:\/\/carbontech-composites.eu\/pipeline-inspection-tools\/"},"modified":"2022-05-03T09:07:08","modified_gmt":"2022-05-03T09:07:08","slug":"narzedzia-inspekcyjne","status":"publish","type":"page","link":"https:\/\/carbontech-composites.eu\/pl\/narzedzia-inspekcyjne\/","title":{"rendered":"Narz\u0119dzia inspekcyjne"},"content":{"rendered":"<div id=\"pl-2456\"  class=\"panel-layout\" ><div id=\"pg-2456-0\"  class=\"panel-grid panel-has-style\" ><div class=\"siteorigin-panels-stretch panel-row-style panel-row-style-for-2456-0\" id=\"intro-product-inspection-tools-carbon-tech-europe-bv\" data-stretch-type=\"full\" ><div id=\"pgc-2456-0-0\"  class=\"panel-grid-cell\" ><div id=\"panel-2456-0-0-0\" class=\"so-panel widget widget_sow-features panel-first-child panel-last-child\" data-index=\"0\" ><div id=\"tekst-intro-product-inspection-tools-carbon-tech-europe-bv\" class=\"panel-widget-style panel-widget-style-for-2456-0-0-0\" ><div\n\t\t\t\n\t\t\tclass=\"so-widget-sow-features so-widget-sow-features-default-cc430efbb3f9-2456\"\n\t\t\t\n\t\t>\n<div class=\"sow-features-list sow-features-responsive\">\n\n\t\t\t\t\t\t\t\t\t<div\n\t\t\t\tclass=\"sow-features-feature sow-icon-container-position-top\"\n\t\t\t\tstyle=\"display: flex; flex-direction: column; width: calc(100% - 25px);\"\n\t\t\t>\n\t\t\t\n\t\t\t\t\t\t\t\t<div\n\t\t\t\t\tclass=\"sow-icon-container sow-container-none\"\n\t\t\t\t\tstyle=\"color: #404040; \"\n\t\t\t\t\t>\n\t\t\t\t\t\t\t\t\t<\/div>\n\t\t\t\t\n\t\t\t\t<div class=\"textwidget\">\n\t\t\t\t\t\n\t\t\t\t\t\n\t\t\t\t\t\t\t\t\t\t\t<p style=\"text-align: center;\">Instalatorzy s\u0105 szkoleni, jak nak\u0142ada\u0107 materia\u0142 kompozytowy (w\u0142\u00f3kno szklane lub w\u0119glowe) lub sztywnych muf. Carbon Tech rekomenduje instalatorom, aby zawsze dokonywali przygotowania powierzchni przed nak\u0142adaniem materia\u0142u kompozytowego. Zanim owini\u0119ty ruroci\u0105g zostanie w pe\u0142ni przywr\u00f3cony do u\u017cytku, nale\u017cy podj\u0105\u0107 konkretne dzia\u0142ania przy u\u017cyciu odpowiednich narz\u0119dzi. Wreszcie, czynno\u015bci kontrolne \u2013 po naprawie wymagaj\u0105 u\u017cycia narz\u0119dzi, kt\u00f3re Carbon Tech Europe mo\u017ce dostarczy\u0107.<\/p>\n\t\t\t\t\t\n\t\t\t\t\t\t\t\t\t<\/div>\n\t\t\t\t\t\t\t\t\n\t\t\t\t\t\t\t<\/div>\n\n\t\t\t\n<\/div>\n<\/div><\/div><\/div><\/div><\/div><\/div><div id=\"pg-2456-1\"  class=\"panel-grid panel-has-style\" ><div id=\"tekst-product-inspection-tools-carbon-tech-europe-bv\" class=\"panel-row-style panel-row-style-for-2456-1\" ><div id=\"pgc-2456-1-0\"  class=\"panel-grid-cell\" ><div id=\"panel-2456-1-0-0\" class=\"so-panel widget widget_sow-features panel-first-child panel-last-child\" data-index=\"1\" ><div id=\"blok-tekst-product-inspection-tools-carbon-tech-europe-bv\" class=\"panel-widget-style panel-widget-style-for-2456-1-0-0\" ><div\n\t\t\t\n\t\t\tclass=\"so-widget-sow-features so-widget-sow-features-default-bbdaadbf7e47-2456\"\n\t\t\t\n\t\t>\n<div class=\"sow-features-list sow-features-responsive\">\n\n\t\t\t\t\t\t\t\t\t<div\n\t\t\t\tclass=\"sow-features-feature sow-icon-container-position-top\"\n\t\t\t\tstyle=\"display: flex; flex-direction: column; width: calc(100% - 25px);\"\n\t\t\t>\n\t\t\t\n\t\t\t\t\t\t\t\t<div\n\t\t\t\t\tclass=\"sow-icon-container sow-container-none\"\n\t\t\t\t\tstyle=\"color: #404040; \"\n\t\t\t\t\t>\n\t\t\t\t\t\t\t\t\t<\/div>\n\t\t\t\t\n\t\t\t\t<div class=\"textwidget\">\n\t\t\t\t\t\n\t\t\t\t\t\t\t\t\t\t\t<h5>\n\t\t\t\t\t\t\t\n\t\t\t\t\t\t\tNarz\u0119dzia do przygotowania przed instalacj\u0105\t\t\t\t\t\t\t\t\t\t\t\t\t<\/h5>\n\t\t\t\t\t\n\t\t\t\t\t\t\t\t\t\t\t<p style=\"text-align: center;\">Narz\u0119dzia do przygotowania przed monta\u017cem obejmuj\u0105<br \/>\n- G\u0142\u0119boko\u015bciomierz do wykop\u00f3w<br \/>\n- Elcometer 124<br \/>\n- Ta\u015bma Testex (50 test\u00f3w)<br \/>\n- Przyrz\u0105d do pomiaru temperatury<br \/>\n- Termometr magnetyczny<br \/>\n- Higrometr<\/p>\n<p style=\"text-align: center;\">Narz\u0119dzia te s\u0105 wykorzystywane do okre\u015blenia rodzaju defektu (g\u0142\u0119boko\u015b\u0107, rozmiar itp.). Ponadto ta\u015bmy Testex umo\u017cliwiaj\u0105 pomiar profilu powierzchni samego ruroci\u0105gu po wykonaniu piaskowania. Carbon Tech zaleca przygotowanie powierzchni w standardzie NACE-2 lub r\u00f3wnowa\u017cne (SSPC-SP-10 lub SA-2.5). Termometr i higrometr s\u0105 u\u017cywane podczas instalacji materia\u0142u kompozytowego.<\/p>\n\t\t\t\t\t\n\t\t\t\t\t\t\t\t\t<\/div>\n\t\t\t\t\t\t\t\t\n\t\t\t\t\t\t\t<\/div>\n\n\t\t\t\n<\/div>\n<\/div><\/div><\/div><\/div><div id=\"pgc-2456-1-1\"  class=\"panel-grid-cell\" ><div id=\"panel-2456-1-1-0\" class=\"so-panel widget widget_media_image panel-first-child panel-last-child\" data-index=\"2\" ><div class=\"panel-widget-style panel-widget-style-for-2456-1-1-0\" ><img loading=\"lazy\" decoding=\"async\" width=\"600\" height=\"600\" src=\"https:\/\/carbontech-composites.eu\/wp-content\/uploads\/2020\/06\/afbeelding-pre-installation-tools-carbon-tech-europe-bv-gorinchem-2020.png\" class=\"image wp-image-1188  attachment-full size-full\" alt=\"\" style=\"max-width: 100%; height: auto;\" srcset=\"https:\/\/carbontech-composites.eu\/wp-content\/uploads\/2020\/06\/afbeelding-pre-installation-tools-carbon-tech-europe-bv-gorinchem-2020.png 600w, https:\/\/carbontech-composites.eu\/wp-content\/uploads\/2020\/06\/afbeelding-pre-installation-tools-carbon-tech-europe-bv-gorinchem-2020-300x300.png 300w, https:\/\/carbontech-composites.eu\/wp-content\/uploads\/2020\/06\/afbeelding-pre-installation-tools-carbon-tech-europe-bv-gorinchem-2020-150x150.png 150w\" sizes=\"auto, (max-width: 600px) 100vw, 600px\" \/><\/div><\/div><\/div><\/div><\/div><div id=\"pg-2456-2\"  class=\"panel-grid panel-has-style\" ><div id=\"tekst-product-inspection-tools-carbon-tech-europe-bv-2\" class=\"panel-row-style panel-row-style-for-2456-2\" ><div id=\"pgc-2456-2-0\"  class=\"panel-grid-cell\" ><div id=\"panel-2456-2-0-0\" class=\"so-panel widget widget_media_image panel-first-child panel-last-child\" data-index=\"3\" ><div class=\"panel-widget-style panel-widget-style-for-2456-2-0-0\" ><img loading=\"lazy\" decoding=\"async\" width=\"600\" height=\"600\" src=\"https:\/\/carbontech-composites.eu\/wp-content\/uploads\/2020\/06\/afbeelding-post-installation-tools-hardness-tester-carbon-tech-europe-bv-gorinchem-2020.png\" class=\"image wp-image-1217  attachment-full size-full\" alt=\"\" style=\"max-width: 100%; height: auto;\" srcset=\"https:\/\/carbontech-composites.eu\/wp-content\/uploads\/2020\/06\/afbeelding-post-installation-tools-hardness-tester-carbon-tech-europe-bv-gorinchem-2020.png 600w, https:\/\/carbontech-composites.eu\/wp-content\/uploads\/2020\/06\/afbeelding-post-installation-tools-hardness-tester-carbon-tech-europe-bv-gorinchem-2020-300x300.png 300w, https:\/\/carbontech-composites.eu\/wp-content\/uploads\/2020\/06\/afbeelding-post-installation-tools-hardness-tester-carbon-tech-europe-bv-gorinchem-2020-150x150.png 150w\" sizes=\"auto, (max-width: 600px) 100vw, 600px\" \/><\/div><\/div><\/div><div id=\"pgc-2456-2-1\"  class=\"panel-grid-cell\" ><div id=\"panel-2456-2-1-0\" class=\"so-panel widget widget_sow-features panel-first-child panel-last-child\" data-index=\"4\" ><div id=\"blok-tekst-product-inspection-tools-carbon-tech-europe-bv-2\" class=\"panel-widget-style panel-widget-style-for-2456-2-1-0\" ><div\n\t\t\t\n\t\t\tclass=\"so-widget-sow-features so-widget-sow-features-default-9c00ecc561c9-2456\"\n\t\t\t\n\t\t>\n<div class=\"sow-features-list sow-features-responsive\">\n\n\t\t\t\t\t\t\t\t\t<div\n\t\t\t\tclass=\"sow-features-feature sow-icon-container-position-top\"\n\t\t\t\tstyle=\"display: flex; flex-direction: column; width: calc(100% - 25px);\"\n\t\t\t>\n\t\t\t\n\t\t\t\t\t\t\t\t<div\n\t\t\t\t\tclass=\"sow-icon-container sow-container-none\"\n\t\t\t\t\tstyle=\"color: #404040; \"\n\t\t\t\t\t>\n\t\t\t\t\t\t\t\t\t<\/div>\n\t\t\t\t\n\t\t\t\t<div class=\"textwidget\">\n\t\t\t\t\t\n\t\t\t\t\t\t\t\t\t\t\t<h5>\n\t\t\t\t\t\t\t\n\t\t\t\t\t\t\tNarz\u0119dzia poinstalacyjne \t\t\t\t\t\t\t\t\t\t\t\t\t<\/h5>\n\t\t\t\t\t\n\t\t\t\t\t\t\t\t\t\t\t<p style=\"text-align: center;\">Narz\u0119dzia poinstalacyjne obejmuj\u0105<br \/>\n-Tester twardo\u015bci Shore D<\/p>\n<p style=\"text-align: center;\">Po utwardzeniu materia\u0142u kompozytowego nale\u017cy sprawdzi\u0107 twardo\u015b\u0107 epoksydu. Minimalna twardo\u015b\u0107 Shore D po utwardzeniu powinna wynosi\u0107 74 lub wi\u0119cej. Zwykle jest to osi\u0105gane po czasie oko\u0142o 4-8 godzin lub na nast\u0119pny dzie\u0144 roboczy. Aby przyspieszy\u0107 utwardzanie i zmaksymalizowa\u0107 efekt, zaleca si\u0119 stosowanie <a href=\"https:\/\/carbontech-composites.eu\/carbon-composite-solutions-revowrap\/\"><strong>REVOMAT<\/strong><\/a> (szybsza polimeryzacja), ale nie jest to konieczne do instalacji Revowrap 110\u2122.<\/p>\n\t\t\t\t\t\n\t\t\t\t\t\t\t\t\t<\/div>\n\t\t\t\t\t\t\t\t\n\t\t\t\t\t\t\t<\/div>\n\n\t\t\t\n<\/div>\n<\/div><\/div><\/div><\/div><\/div><\/div><div id=\"pg-2456-3\"  class=\"panel-grid panel-has-style\" ><div class=\"siteorigin-panels-stretch panel-row-style panel-row-style-for-2456-3\" id=\"cta-product-inspection-tools-carbon-tech-europe-bv-2\" data-stretch-type=\"full\" ><div id=\"pgc-2456-3-0\"  class=\"panel-grid-cell\" ><div id=\"panel-2456-3-0-0\" class=\"so-panel widget widget_sow-headline panel-first-child panel-last-child\" data-index=\"5\" ><div class=\"panel-widget-style panel-widget-style-for-2456-3-0-0\" ><div\n\t\t\t\n\t\t\tclass=\"so-widget-sow-headline so-widget-sow-headline-default-4117c864c384-2456 so-widget-fittext-wrapper\"\n\t\t\t data-fit-text-compressor=\"0.85\"\n\t\t><div class=\"sow-headline-container \">\n\t<h3 class='sow-headline'>\t\t\t\t\t\t<a href=\"https:\/\/carbontech-composites.eu\/nl\/contact-us\/\" >\n\t\t\t\t\tWszystkie niezb\u0119dne narz\u0119dzia s\u0105 dost\u0119pne w Carbon Tech Europe BV<\/a><\/h3><\/div>\n<\/div><\/div><\/div><\/div><\/div><\/div><div id=\"pg-2456-4\"  class=\"panel-grid panel-has-style\" ><div id=\"tekst-product-inspection-tools-carbon-tech-europe-bv-3\" class=\"panel-row-style panel-row-style-for-2456-4\" ><div id=\"pgc-2456-4-0\"  class=\"panel-grid-cell\" ><div id=\"panel-2456-4-0-0\" class=\"so-panel widget widget_sow-features panel-first-child panel-last-child\" data-index=\"6\" ><div id=\"blok-tekst-product-inspection-tools-carbon-tech-europe-bv-3\" class=\"panel-widget-style panel-widget-style-for-2456-4-0-0\" ><div\n\t\t\t\n\t\t\tclass=\"so-widget-sow-features so-widget-sow-features-default-bbdaadbf7e47-2456\"\n\t\t\t\n\t\t>\n<div class=\"sow-features-list sow-features-responsive\">\n\n\t\t\t\t\t\t\t\t\t<div\n\t\t\t\tclass=\"sow-features-feature sow-icon-container-position-top\"\n\t\t\t\tstyle=\"display: flex; flex-direction: column; width: calc(100% - 25px);\"\n\t\t\t>\n\t\t\t\n\t\t\t\t\t\t\t\t<div\n\t\t\t\t\tclass=\"sow-icon-container sow-container-none\"\n\t\t\t\t\tstyle=\"color: #404040; \"\n\t\t\t\t\t>\n\t\t\t\t\t\t\t\t\t<\/div>\n\t\t\t\t\n\t\t\t\t<div class=\"textwidget\">\n\t\t\t\t\t\n\t\t\t\t\t\t\t\t\t\t\t<h5>\n\t\t\t\t\t\t\t\n\t\t\t\t\t\t\tNarz\u0119dzia kontrolne\t\t\t\t\t\t\t\t\t\t\t\t\t<\/h5>\n\t\t\t\t\t\n\t\t\t\t\t\t\t\t\t\t\t<p style=\"text-align: center;\">Narz\u0119dzia kontrolne<br \/>\nNarz\u0119dzia kontrolne obejmuj\u0105<br \/>\n- Ultrad\u017awi\u0119kowy miernik grubo\u015bci \u015bcianki<\/p>\n<p style=\"text-align: center;\">Na rynku dost\u0119pnych jest wiele urz\u0105dze\u0144 ultrad\u017awi\u0119kowych, ale ich u\u017cycie jest cz\u0119sto ograniczone lub nieodpowiednie do konkretnych przypadk\u00f3w awarii. Ten ultrad\u017awi\u0119kowy miernik grubo\u015bci \u015bcianek zosta\u0142 przetestowany na miejscu z pr\u00f3bkami owini\u0119tymi materia\u0142em kompozytowym (w\u0142\u00f3kno w\u0119glowe). Z \u0142atwo\u015bci\u0105 mierzy grubo\u015b\u0107 \u015bcianki nawet w przypadku na\u0142o\u017cenia 4 warstw materia\u0142u z w\u0142\u00f3kna w\u0119glowego. Pomiar grubo\u015bci \u015bcianki pod\u0142o\u017ca pod 6-8 warstwami w\u0119gla jest nawet mo\u017cliwy przy odpowiednim zastosowaniu (np. punkt pomiarowy musi by\u0107 p\u0142aski). Zach\u0119camy do zasi\u0119gni\u0119cia <a href=\"https:\/\/carbontech-composites.eu\/pl\/contact-us\/\"><strong>porady dotycz\u0105cej<\/strong><\/a> korzystania z tych narz\u0119dzi.<\/p>\n\t\t\t\t\t\n\t\t\t\t\t\t\t\t\t<\/div>\n\t\t\t\t\t\t\t\t\n\t\t\t\t\t\t\t<\/div>\n\n\t\t\t\n<\/div>\n<\/div><\/div><\/div><\/div><div id=\"pgc-2456-4-1\"  class=\"panel-grid-cell\" ><div id=\"panel-2456-4-1-0\" class=\"so-panel widget widget_media_image panel-first-child panel-last-child\" data-index=\"7\" ><div class=\"panel-widget-style panel-widget-style-for-2456-4-1-0\" ><img loading=\"lazy\" decoding=\"async\" width=\"600\" height=\"600\" src=\"https:\/\/carbontech-composites.eu\/wp-content\/uploads\/2020\/06\/afbeelding-inspection-tools-carbon-tech-europe-bv-gorinchem-2020.png\" class=\"image wp-image-1187  attachment-full size-full\" alt=\"\" style=\"max-width: 100%; height: auto;\" srcset=\"https:\/\/carbontech-composites.eu\/wp-content\/uploads\/2020\/06\/afbeelding-inspection-tools-carbon-tech-europe-bv-gorinchem-2020.png 600w, https:\/\/carbontech-composites.eu\/wp-content\/uploads\/2020\/06\/afbeelding-inspection-tools-carbon-tech-europe-bv-gorinchem-2020-300x300.png 300w, https:\/\/carbontech-composites.eu\/wp-content\/uploads\/2020\/06\/afbeelding-inspection-tools-carbon-tech-europe-bv-gorinchem-2020-150x150.png 150w\" sizes=\"auto, (max-width: 600px) 100vw, 600px\" \/><\/div><\/div><\/div><\/div><\/div><\/div>","protected":false},"excerpt":{"rendered":"<p>Instalatorzy s\u0105 szkoleni, jak nak\u0142ada\u0107 materia\u0142 kompozytowy (w\u0142\u00f3kno szklane lub w\u0119glowe) lub sztywnych muf. Carbon Tech rekomenduje instalatorom, aby zawsze dokonywali przygotowania powierzchni przed nak\u0142adaniem materia\u0142u kompozytowego. Zanim owini\u0119ty ruroci\u0105g zostanie w pe\u0142ni przywr\u00f3cony do u\u017cytku, nale\u017cy podj\u0105\u0107 konkretne dzia\u0142ania przy u\u017cyciu odpowiednich narz\u0119dzi. Wreszcie, czynno\u015bci kontrolne \u2013 po naprawie wymagaj\u0105 u\u017cycia narz\u0119dzi, kt\u00f3re Carbon&hellip;<\/p>\n","protected":false},"author":1,"featured_media":0,"parent":0,"menu_order":0,"comment_status":"closed","ping_status":"closed","template":"page-templates\/default-no-title.php","meta":{"footnotes":""},"class_list":["post-2456","page","type-page","status-publish","hentry"],"yoast_head":"<!-- This site is optimized with the Yoast SEO plugin v27.4 - https:\/\/yoast.com\/product\/yoast-seo-wordpress\/ -->\n<title>Narz\u0119dzia inspekcyjne - Carbon Tech Europe BV<\/title>\n<meta name=\"description\" content=\"Narz\u0119dzia do kontroli oraz przygotowania i monta\u017cu kompozyt\u00f3w na ruroci\u0105gach naftowych, gazowych i wodoci\u0105gowych. Aby przygotowa\u0107 si\u0119 do naprawy materia\u0142ami kompozytowymi, potrzebne s\u0105 narz\u0119dzia instalacyjne, takie jak termometry, higrometry oraz mierniki: twardo\u015b\u0107 Shore D i ultrad\u017awi\u0119kowe urz\u0105dzenia do pomiaru grubo\u015bci \u015bcianki. Revomat \u2013 urz\u0105dzenie do optymalnego utwardzania materia\u0142\u00f3w w wysokich temperaturach.\" \/>\n<meta name=\"robots\" content=\"index, follow, max-snippet:-1, max-image-preview:large, max-video-preview:-1\" \/>\n<link rel=\"canonical\" href=\"https:\/\/carbontech-composites.eu\/pl\/narzedzia-inspekcyjne\/\" \/>\n<meta property=\"og:locale\" content=\"pl_PL\" \/>\n<meta property=\"og:type\" content=\"article\" \/>\n<meta property=\"og:title\" content=\"Narz\u0119dzia inspekcyjne - Carbon Tech Europe BV\" \/>\n<meta property=\"og:description\" content=\"Narz\u0119dzia do kontroli oraz przygotowania i monta\u017cu kompozyt\u00f3w na ruroci\u0105gach naftowych, gazowych i wodoci\u0105gowych. Aby przygotowa\u0107 si\u0119 do naprawy materia\u0142ami kompozytowymi, potrzebne s\u0105 narz\u0119dzia instalacyjne, takie jak termometry, higrometry oraz mierniki: twardo\u015b\u0107 Shore D i ultrad\u017awi\u0119kowe urz\u0105dzenia do pomiaru grubo\u015bci \u015bcianki. Revomat \u2013 urz\u0105dzenie do optymalnego utwardzania materia\u0142\u00f3w w wysokich temperaturach.\" \/>\n<meta property=\"og:url\" content=\"https:\/\/carbontech-composites.eu\/pl\/narzedzia-inspekcyjne\/\" \/>\n<meta property=\"og:site_name\" content=\"Carbon Tech Europe BV\" \/>\n<meta property=\"article:modified_time\" content=\"2022-05-03T09:07:08+00:00\" \/>\n<meta name=\"twitter:card\" content=\"summary_large_image\" \/>\n<meta name=\"twitter:label1\" content=\"Szacowany czas czytania\" \/>\n\t<meta name=\"twitter:data1\" content=\"1 minuta\" \/>\n<script type=\"application\/ld+json\" class=\"yoast-schema-graph\">{\"@context\":\"https:\\\/\\\/schema.org\",\"@graph\":[{\"@type\":\"WebPage\",\"@id\":\"https:\\\/\\\/carbontech-composites.eu\\\/pl\\\/narzedzia-inspekcyjne\\\/\",\"url\":\"https:\\\/\\\/carbontech-composites.eu\\\/pl\\\/narzedzia-inspekcyjne\\\/\",\"name\":\"Narz\u0119dzia inspekcyjne - Carbon Tech Europe BV\",\"isPartOf\":{\"@id\":\"https:\\\/\\\/carbontech-composites.eu\\\/#website\"},\"datePublished\":\"2020-05-28T14:53:20+00:00\",\"dateModified\":\"2022-05-03T09:07:08+00:00\",\"description\":\"Narz\u0119dzia do kontroli oraz przygotowania i monta\u017cu kompozyt\u00f3w na ruroci\u0105gach naftowych, gazowych i wodoci\u0105gowych. Aby przygotowa\u0107 si\u0119 do naprawy materia\u0142ami kompozytowymi, potrzebne s\u0105 narz\u0119dzia instalacyjne, takie jak termometry, higrometry oraz mierniki: twardo\u015b\u0107 Shore D i ultrad\u017awi\u0119kowe urz\u0105dzenia do pomiaru grubo\u015bci \u015bcianki. Revomat \u2013 urz\u0105dzenie do optymalnego utwardzania materia\u0142\u00f3w w wysokich temperaturach.\",\"breadcrumb\":{\"@id\":\"https:\\\/\\\/carbontech-composites.eu\\\/pl\\\/narzedzia-inspekcyjne\\\/#breadcrumb\"},\"inLanguage\":\"pl-PL\",\"potentialAction\":[{\"@type\":\"ReadAction\",\"target\":[\"https:\\\/\\\/carbontech-composites.eu\\\/pl\\\/narzedzia-inspekcyjne\\\/\"]}]},{\"@type\":\"BreadcrumbList\",\"@id\":\"https:\\\/\\\/carbontech-composites.eu\\\/pl\\\/narzedzia-inspekcyjne\\\/#breadcrumb\",\"itemListElement\":[{\"@type\":\"ListItem\",\"position\":1,\"name\":\"Home\",\"item\":\"https:\\\/\\\/carbontech-composites.eu\\\/pl\\\/\"},{\"@type\":\"ListItem\",\"position\":2,\"name\":\"Narz\u0119dzia inspekcyjne\"}]},{\"@type\":\"WebSite\",\"@id\":\"https:\\\/\\\/carbontech-composites.eu\\\/#website\",\"url\":\"https:\\\/\\\/carbontech-composites.eu\\\/\",\"name\":\"Carbon Tech Europe BV\",\"description\":\"Premium supplier of carbon composite solutions\",\"potentialAction\":[{\"@type\":\"SearchAction\",\"target\":{\"@type\":\"EntryPoint\",\"urlTemplate\":\"https:\\\/\\\/carbontech-composites.eu\\\/?s={search_term_string}\"},\"query-input\":{\"@type\":\"PropertyValueSpecification\",\"valueRequired\":true,\"valueName\":\"search_term_string\"}}],\"inLanguage\":\"pl-PL\"}]}<\/script>\n<!-- \/ Yoast SEO plugin. -->","yoast_head_json":{"title":"Narz\u0119dzia inspekcyjne - Carbon Tech Europe BV","description":"Narz\u0119dzia do kontroli oraz przygotowania i monta\u017cu kompozyt\u00f3w na ruroci\u0105gach naftowych, gazowych i wodoci\u0105gowych. Aby przygotowa\u0107 si\u0119 do naprawy materia\u0142ami kompozytowymi, potrzebne s\u0105 narz\u0119dzia instalacyjne, takie jak termometry, higrometry oraz mierniki: twardo\u015b\u0107 Shore D i ultrad\u017awi\u0119kowe urz\u0105dzenia do pomiaru grubo\u015bci \u015bcianki. Revomat \u2013 urz\u0105dzenie do optymalnego utwardzania materia\u0142\u00f3w w wysokich temperaturach.","robots":{"index":"index","follow":"follow","max-snippet":"max-snippet:-1","max-image-preview":"max-image-preview:large","max-video-preview":"max-video-preview:-1"},"canonical":"https:\/\/carbontech-composites.eu\/pl\/narzedzia-inspekcyjne\/","og_locale":"pl_PL","og_type":"article","og_title":"Narz\u0119dzia inspekcyjne - Carbon Tech Europe BV","og_description":"Narz\u0119dzia do kontroli oraz przygotowania i monta\u017cu kompozyt\u00f3w na ruroci\u0105gach naftowych, gazowych i wodoci\u0105gowych. Aby przygotowa\u0107 si\u0119 do naprawy materia\u0142ami kompozytowymi, potrzebne s\u0105 narz\u0119dzia instalacyjne, takie jak termometry, higrometry oraz mierniki: twardo\u015b\u0107 Shore D i ultrad\u017awi\u0119kowe urz\u0105dzenia do pomiaru grubo\u015bci \u015bcianki. Revomat \u2013 urz\u0105dzenie do optymalnego utwardzania materia\u0142\u00f3w w wysokich temperaturach.","og_url":"https:\/\/carbontech-composites.eu\/pl\/narzedzia-inspekcyjne\/","og_site_name":"Carbon Tech Europe BV","article_modified_time":"2022-05-03T09:07:08+00:00","twitter_card":"summary_large_image","twitter_misc":{"Szacowany czas czytania":"1 minuta"},"schema":{"@context":"https:\/\/schema.org","@graph":[{"@type":"WebPage","@id":"https:\/\/carbontech-composites.eu\/pl\/narzedzia-inspekcyjne\/","url":"https:\/\/carbontech-composites.eu\/pl\/narzedzia-inspekcyjne\/","name":"Narz\u0119dzia inspekcyjne - Carbon Tech Europe BV","isPartOf":{"@id":"https:\/\/carbontech-composites.eu\/#website"},"datePublished":"2020-05-28T14:53:20+00:00","dateModified":"2022-05-03T09:07:08+00:00","description":"Narz\u0119dzia do kontroli oraz przygotowania i monta\u017cu kompozyt\u00f3w na ruroci\u0105gach naftowych, gazowych i wodoci\u0105gowych. Aby przygotowa\u0107 si\u0119 do naprawy materia\u0142ami kompozytowymi, potrzebne s\u0105 narz\u0119dzia instalacyjne, takie jak termometry, higrometry oraz mierniki: twardo\u015b\u0107 Shore D i ultrad\u017awi\u0119kowe urz\u0105dzenia do pomiaru grubo\u015bci \u015bcianki. Revomat \u2013 urz\u0105dzenie do optymalnego utwardzania materia\u0142\u00f3w w wysokich temperaturach.","breadcrumb":{"@id":"https:\/\/carbontech-composites.eu\/pl\/narzedzia-inspekcyjne\/#breadcrumb"},"inLanguage":"pl-PL","potentialAction":[{"@type":"ReadAction","target":["https:\/\/carbontech-composites.eu\/pl\/narzedzia-inspekcyjne\/"]}]},{"@type":"BreadcrumbList","@id":"https:\/\/carbontech-composites.eu\/pl\/narzedzia-inspekcyjne\/#breadcrumb","itemListElement":[{"@type":"ListItem","position":1,"name":"Home","item":"https:\/\/carbontech-composites.eu\/pl\/"},{"@type":"ListItem","position":2,"name":"Narz\u0119dzia inspekcyjne"}]},{"@type":"WebSite","@id":"https:\/\/carbontech-composites.eu\/#website","url":"https:\/\/carbontech-composites.eu\/","name":"Carbon Tech Europe BV","description":"Premium supplier of carbon composite solutions","potentialAction":[{"@type":"SearchAction","target":{"@type":"EntryPoint","urlTemplate":"https:\/\/carbontech-composites.eu\/?s={search_term_string}"},"query-input":{"@type":"PropertyValueSpecification","valueRequired":true,"valueName":"search_term_string"}}],"inLanguage":"pl-PL"}]}},"jetpack_sharing_enabled":true,"_links":{"self":[{"href":"https:\/\/carbontech-composites.eu\/pl\/wp-json\/wp\/v2\/pages\/2456","targetHints":{"allow":["GET"]}}],"collection":[{"href":"https:\/\/carbontech-composites.eu\/pl\/wp-json\/wp\/v2\/pages"}],"about":[{"href":"https:\/\/carbontech-composites.eu\/pl\/wp-json\/wp\/v2\/types\/page"}],"author":[{"embeddable":true,"href":"https:\/\/carbontech-composites.eu\/pl\/wp-json\/wp\/v2\/users\/1"}],"replies":[{"embeddable":true,"href":"https:\/\/carbontech-composites.eu\/pl\/wp-json\/wp\/v2\/comments?post=2456"}],"version-history":[{"count":0,"href":"https:\/\/carbontech-composites.eu\/pl\/wp-json\/wp\/v2\/pages\/2456\/revisions"}],"wp:attachment":[{"href":"https:\/\/carbontech-composites.eu\/pl\/wp-json\/wp\/v2\/media?parent=2456"}],"curies":[{"name":"wp","href":"https:\/\/api.w.org\/{rel}","templated":true}]}}