{"id":2499,"date":"2020-05-25T13:05:53","date_gmt":"2020-05-25T13:05:53","guid":{"rendered":"https:\/\/carbontech-composites.eu\/composite-reinforcement-sleeves\/"},"modified":"2022-05-03T12:37:16","modified_gmt":"2022-05-03T12:37:16","slug":"kompozytowe-rekawy-wzmacniajace","status":"publish","type":"page","link":"https:\/\/carbontech-composites.eu\/pl\/kompozytowe-rekawy-wzmacniajace\/","title":{"rendered":"Kompozytowe r\u0119kawy wzmacniaj\u0105ce"},"content":{"rendered":"<div id=\"pl-2499\"  class=\"panel-layout\" ><div id=\"pg-2499-0\"  class=\"panel-grid panel-has-style\" ><div class=\"siteorigin-panels-stretch panel-row-style panel-row-style-for-2499-0\" id=\"intro-product-Composite-reinforcement-sleeves-carbon-tech-europe-bv\" data-stretch-type=\"full\" ><div id=\"pgc-2499-0-0\"  class=\"panel-grid-cell\" ><div id=\"panel-2499-0-0-0\" class=\"so-panel widget widget_sow-features panel-first-child panel-last-child\" data-index=\"0\" ><div id=\"tekst-intro-product-Composite-reinforcement-sleeves-carbon-tech-europe-bv\" class=\"panel-widget-style panel-widget-style-for-2499-0-0-0\" ><div\n\t\t\t\n\t\t\tclass=\"so-widget-sow-features so-widget-sow-features-default-9682f543365a-2499\"\n\t\t\t\n\t\t>\n<div class=\"sow-features-list sow-features-responsive\">\n\n\t\t\t\t\t\t\t\t\t<div\n\t\t\t\tclass=\"sow-features-feature sow-icon-container-position-top\"\n\t\t\t\tstyle=\"display: flex; flex-direction: column; width: calc(100% - 25px);\"\n\t\t\t>\n\t\t\t\n\t\t\t\t\t\t\t\t<div\n\t\t\t\t\tclass=\"sow-icon-container sow-container-none\"\n\t\t\t\t\tstyle=\"color: #404040; \"\n\t\t\t\t\t>\n\t\t\t\t\t\t\t\t\t<\/div>\n\t\t\t\t\n\t\t\t\t<div class=\"textwidget\">\n\t\t\t\t\t\n\t\t\t\t\t\n\t\t\t\t\t\t\t\t\t\t\t<p style=\"text-align: center;\">Sztywne mufy kompozytowe to najstarsze i najbardziej sprawdzone rozwi\u0105zania w bran\u017cy. Jest to powszechny spos\u00f3b owijania ruroci\u0105g\u00f3w przesy\u0142owych \u2013 mufy sztywne PermaWrap\u00ae. Dzi\u0119ki rewolucyjnej technologii Weldwrap\u00ae nawet spawy obwodowe mo\u017cna remontowa\u0107 bezpiecznie i ekonomicznie. PermaWrap\u2122 i WeldWrap\u2122 to jedyne kompozytowe mufy sztywne do naprawy ruroci\u0105g\u00f3w zaprojektowane do wykrywania przez narz\u0119dzia inspekcji MFL \u201eSmart Pig\u201d. Oba produkty s\u0105 zgodne z ISO TS-24817 \/ ASME PCC-2 \/ CSA \/ DOT. Dost\u0119pne s\u0105 studia przypadk\u00f3w i referencje. Aby uzyska\u0107 wi\u0119cej informacji, skorzystaj ze <a href=\"https:\/\/carbontech-composites.eu\/pl\/contact-us\/\"><strong>strony kontaktowej<\/strong><\/a>.<\/p>\n\t\t\t\t\t\n\t\t\t\t\t\t\t\t\t<\/div>\n\t\t\t\t\t\t\t\t\n\t\t\t\t\t\t\t<\/div>\n\n\t\t\t\n<\/div>\n<\/div><\/div><\/div><\/div><\/div><\/div><div id=\"pg-2499-1\"  class=\"panel-grid panel-has-style\" ><div id=\"tekst-product-permawrap-sleeves-Composite-reinforcement-sleeves-carbon-tech-europe-bv-carbon-tech-europe-bv\" class=\"panel-row-style panel-row-style-for-2499-1\" ><div id=\"pgc-2499-1-0\"  class=\"panel-grid-cell\" ><div id=\"panel-2499-1-0-0\" class=\"so-panel widget widget_sow-features panel-first-child panel-last-child\" data-index=\"1\" ><div id=\"blok-tekst-product-permawrap-sleeves-Composite-reinforcement-sleeves-carbon-tech-europe-bv-carbon-tech-europe-bv\" class=\"panel-widget-style panel-widget-style-for-2499-1-0-0\" ><div\n\t\t\t\n\t\t\tclass=\"so-widget-sow-features so-widget-sow-features-default-bbdaadbf7e47-2499\"\n\t\t\t\n\t\t>\n<div class=\"sow-features-list sow-features-responsive\">\n\n\t\t\t\t\t\t\t\t\t<div\n\t\t\t\tclass=\"sow-features-feature sow-icon-container-position-top\"\n\t\t\t\tstyle=\"display: flex; flex-direction: column; width: calc(100% - 25px);\"\n\t\t\t>\n\t\t\t\n\t\t\t\t\t\t\t\t<div\n\t\t\t\t\tclass=\"sow-icon-container sow-container-none\"\n\t\t\t\t\tstyle=\"color: #404040; \"\n\t\t\t\t\t>\n\t\t\t\t\t\t\t\t\t<\/div>\n\t\t\t\t\n\t\t\t\t<div class=\"textwidget\">\n\t\t\t\t\t\n\t\t\t\t\t\t\t\t\t\t\t<h5>\n\t\t\t\t\t\t\t\n\t\t\t\t\t\t\tPermaWrap\u00ae\t\t\t\t\t\t\t\t\t\t\t\t\t<\/h5>\n\t\t\t\t\t\n\t\t\t\t\t\t\t\t\t\t\t<div class=\"\" style=\"text-align: center;\">\n<p>Standardowy system sztywnych muf PermaWrap\u00ae jest dost\u0119pny w 5 r\u00f3\u017cnych szeroko\u015bciach, odpowiednich dla rur o \u015brednicach od 4\" do 60\". Najcz\u0119\u015bciej u\u017cywan\u0105 szeroko\u015bci\u0105 jest 12\" o grubo\u015bci 8 warstw. Mo\u017cna go stosowa\u0107 do wi\u0119kszo\u015bci uszkodze\u0144 ruroci\u0105g\u00f3w przesy\u0142owych. W przypadku, gdy uszkodzenie jest mniejsze, mo\u017cna zainstalowa\u0107 PermaWrap\u00ae o szeroko\u015bci 6\" lub 9\". Jest to rozwi\u0105zanie efektywne kosztowo. Je\u017celi uszkodzenie posiada wi\u0119ksz\u0105 d\u0142ugo\u015b\u0107 osiow\u0105, mo\u017cna zastosowa\u0107 PermaWrap\u00ae 15\" lub 18\", bez konieczno\u015bci instalowania dw\u00f3ch muf o szeroko\u015bci 12\". Unikaln\u0105 cech\u0105 PermaWrap\u00ae jest fakt, \u017ce r\u0119kaw jest wykrywalny przez t\u0142ok inspekcji. Jest to standardowe rozwi\u0105zanie do trwa\u0142ej naprawy przy ubytkach \u015bcian zewn\u0119trznych si\u0119gaj\u0105cych 80%. Tutaj mo\u017cna pobra\u0107 arkusz danych technicznych\u00a0<strong><a href=\"\/\/carbontech-composites.eu\/pl\/download\/permawrap-tds\/?wpdmdl=1694&amp;refresh=69e8ea42e3cd41776872002&quot;&gt;Pobierz&lt;\/a&gt;\n            &lt;\/div&gt;\n        &lt;\/div&gt;\n    &lt;\/div&gt;\n&lt;\/div&gt;\n\n&lt;\/div&gt;\" target=\"_blank\" rel=\"noopener\">PERMAWRAP\u00ae<\/a><\/strong>.<\/p>\n<\/div>\n\t\t\t\t\t\n\t\t\t\t\t\t\t\t\t<\/div>\n\t\t\t\t\t\t\t\t\n\t\t\t\t\t\t\t<\/div>\n\n\t\t\t\n<\/div>\n<\/div><\/div><\/div><\/div><div id=\"pgc-2499-1-1\"  class=\"panel-grid-cell\" ><div id=\"panel-2499-1-1-0\" class=\"so-panel widget widget_media_image panel-first-child panel-last-child\" data-index=\"2\" ><div class=\"panel-widget-style panel-widget-style-for-2499-1-1-0\" ><img loading=\"lazy\" decoding=\"async\" width=\"600\" height=\"600\" src=\"https:\/\/carbontech-composites.eu\/wp-content\/uploads\/2020\/06\/afbeelding-reinforcement-sleeves-permawrap-carbon-tech-europe-bv-gorinchem-2020.png\" class=\"image wp-image-1183  attachment-full size-full\" alt=\"\" style=\"max-width: 100%; height: auto;\" srcset=\"https:\/\/carbontech-composites.eu\/wp-content\/uploads\/2020\/06\/afbeelding-reinforcement-sleeves-permawrap-carbon-tech-europe-bv-gorinchem-2020.png 600w, https:\/\/carbontech-composites.eu\/wp-content\/uploads\/2020\/06\/afbeelding-reinforcement-sleeves-permawrap-carbon-tech-europe-bv-gorinchem-2020-300x300.png 300w, https:\/\/carbontech-composites.eu\/wp-content\/uploads\/2020\/06\/afbeelding-reinforcement-sleeves-permawrap-carbon-tech-europe-bv-gorinchem-2020-150x150.png 150w\" sizes=\"auto, (max-width: 600px) 100vw, 600px\" \/><\/div><\/div><\/div><\/div><\/div><div id=\"pg-2499-2\"  class=\"panel-grid panel-has-style\" ><div id=\"tekst-product-weldwrap-sleeves-Composite-reinforcement-sleeves-carbon-tech-europe-bv-carbon-tech-europe-bv\" class=\"panel-row-style panel-row-style-for-2499-2\" ><div id=\"pgc-2499-2-0\"  class=\"panel-grid-cell\" ><div id=\"panel-2499-2-0-0\" class=\"so-panel widget widget_media_image panel-first-child panel-last-child\" data-index=\"3\" ><div class=\"panel-widget-style panel-widget-style-for-2499-2-0-0\" ><img loading=\"lazy\" decoding=\"async\" width=\"600\" height=\"600\" src=\"https:\/\/carbontech-composites.eu\/wp-content\/uploads\/2020\/06\/afbeelding-reinforcement-sleeves-weldwrap-carbon-tech-europe-bv-gorinchem-2020-1.png\" class=\"image wp-image-1184  attachment-full size-full\" alt=\"\" style=\"max-width: 100%; height: auto;\" srcset=\"https:\/\/carbontech-composites.eu\/wp-content\/uploads\/2020\/06\/afbeelding-reinforcement-sleeves-weldwrap-carbon-tech-europe-bv-gorinchem-2020-1.png 600w, https:\/\/carbontech-composites.eu\/wp-content\/uploads\/2020\/06\/afbeelding-reinforcement-sleeves-weldwrap-carbon-tech-europe-bv-gorinchem-2020-1-300x300.png 300w, https:\/\/carbontech-composites.eu\/wp-content\/uploads\/2020\/06\/afbeelding-reinforcement-sleeves-weldwrap-carbon-tech-europe-bv-gorinchem-2020-1-150x150.png 150w\" sizes=\"auto, (max-width: 600px) 100vw, 600px\" \/><\/div><\/div><\/div><div id=\"pgc-2499-2-1\"  class=\"panel-grid-cell\" ><div id=\"panel-2499-2-1-0\" class=\"so-panel widget widget_sow-features panel-first-child panel-last-child\" data-index=\"4\" ><div id=\"blok-tekst-product-weldwrap-sleeves-Composite-reinforcement-sleeves-carbon-tech-europe-bv-carbon-tech-europe-bv\" class=\"panel-widget-style panel-widget-style-for-2499-2-1-0\" ><div\n\t\t\t\n\t\t\tclass=\"so-widget-sow-features so-widget-sow-features-default-9c00ecc561c9-2499\"\n\t\t\t\n\t\t>\n<div class=\"sow-features-list sow-features-responsive\">\n\n\t\t\t\t\t\t\t\t\t<div\n\t\t\t\tclass=\"sow-features-feature sow-icon-container-position-top\"\n\t\t\t\tstyle=\"display: flex; flex-direction: column; width: calc(100% - 25px);\"\n\t\t\t>\n\t\t\t\n\t\t\t\t\t\t\t\t<div\n\t\t\t\t\tclass=\"sow-icon-container sow-container-none\"\n\t\t\t\t\tstyle=\"color: #404040; \"\n\t\t\t\t\t>\n\t\t\t\t\t\t\t\t\t<\/div>\n\t\t\t\t\n\t\t\t\t<div class=\"textwidget\">\n\t\t\t\t\t\n\t\t\t\t\t\t\t\t\t\t\t<h5>\n\t\t\t\t\t\t\t\n\t\t\t\t\t\t\tWeldWrap\u00ae\t\t\t\t\t\t\t\t\t\t\t\t\t<\/h5>\n\t\t\t\t\t\n\t\t\t\t\t\t\t\t\t\t\t<div class=\"\" style=\"text-align: center;\">\n<p>Spawy obwodowe i sztywne mufy naprawcze nie s\u0105 dobrym po\u0142\u0105czeniem. W obecnej praktyce do jednej naprawy nale\u017cy zainstalowa\u0107 kilka sztywnych muf naprawczych, aby by\u0142a to naprawa zgodna ze standardami technicznymi. Jest to nie tylko kosztowne, ale tak\u017ce czasoch\u0142onne. WeldWrap\u00ae jest rozwi\u0105zaniem wskazanym w\u0142a\u015bnie w takich sytuacjach. Dzi\u0119ki doskona\u0142ej konstrukcji laminatu WeldWrap\u00ae naprawi spoin\u0119 obwodow\u0105 za pomoc\u0105 jednego sztywnego systemu zwoj\u00f3w. Wszystkie cechy i zgodno\u015b\u0107 PermaWrap\u00ae maj\u0105 r\u00f3wnie\u017c zastosowanie do WeldWrap\u00ae. Prosz\u0119 pobra\u0107 kart\u0119 techniczn\u0105\u00a0<strong><a href=\"\/\/carbontech-composites.eu\/pl\/download\/weldwrap-tds\/?wpdmdl=1695&amp;refresh=69e8ea43088661776872003&quot;&gt;Pobierz&lt;\/a&gt;\n            &lt;\/div&gt;\n        &lt;\/div&gt;\n    &lt;\/div&gt;\n&lt;\/div&gt;\n\n&lt;\/div&gt;\" target=\"_blank\" rel=\"noopener\">WELDWRAP\u00ae<\/a><\/strong> tutaj.<\/p>\n<\/div>\n\t\t\t\t\t\n\t\t\t\t\t\t\t\t\t<\/div>\n\t\t\t\t\t\t\t\t\n\t\t\t\t\t\t\t<\/div>\n\n\t\t\t\n<\/div>\n<\/div><\/div><\/div><\/div><\/div><\/div><div id=\"pg-2499-3\"  class=\"panel-grid panel-has-style\" ><div class=\"siteorigin-panels-stretch panel-row-style panel-row-style-for-2499-3\" id=\"cta-product-Composite-reinforcement-sleeves-carbon-tech-europe-bv\" data-stretch-type=\"full\" ><div id=\"pgc-2499-3-0\"  class=\"panel-grid-cell\" ><div id=\"panel-2499-3-0-0\" class=\"so-panel widget widget_sow-headline panel-first-child panel-last-child\" data-index=\"5\" ><div class=\"panel-widget-style panel-widget-style-for-2499-3-0-0\" ><div\n\t\t\t\n\t\t\tclass=\"so-widget-sow-headline so-widget-sow-headline-default-4117c864c384-2499 so-widget-fittext-wrapper\"\n\t\t\t data-fit-text-compressor=\"0.85\"\n\t\t><div class=\"sow-headline-container \">\n\t<h3 class='sow-headline'>\t\t\t\t\t\t<a href=\"https:\/\/carbontech-composites.eu\/nl\/contact-us\/\" >\n\t\t\t\t\tPotrzebujesz kompozytowych sztywnych muf wzmacniaj\u0105cych? Skontaktuj si\u0119 z nami<\/a><\/h3><\/div>\n<\/div><\/div><\/div><\/div><\/div><\/div><div id=\"pg-2499-4\"  class=\"panel-grid panel-has-style\" ><div id=\"tekst-product-permawrap-pipe-support-Composite-reinforcement-sleeves-carbon-tech-europe-bv-carbon-tech-europe-bv\" class=\"panel-row-style panel-row-style-for-2499-4\" ><div id=\"pgc-2499-4-0\"  class=\"panel-grid-cell\" ><div id=\"panel-2499-4-0-0\" class=\"so-panel widget widget_sow-features panel-first-child panel-last-child\" data-index=\"6\" ><div id=\"blok-tekst-product-permawrap-pipe-support-Composite-reinforcement-sleeves-carbon-tech-europe-bv-carbon-tech-europe-bv\" class=\"panel-widget-style panel-widget-style-for-2499-4-0-0\" ><div\n\t\t\t\n\t\t\tclass=\"so-widget-sow-features so-widget-sow-features-default-bbdaadbf7e47-2499\"\n\t\t\t\n\t\t>\n<div class=\"sow-features-list sow-features-responsive\">\n\n\t\t\t\t\t\t\t\t\t<div\n\t\t\t\tclass=\"sow-features-feature sow-icon-container-position-top\"\n\t\t\t\tstyle=\"display: flex; flex-direction: column; width: calc(100% - 25px);\"\n\t\t\t>\n\t\t\t\n\t\t\t\t\t\t\t\t<div\n\t\t\t\t\tclass=\"sow-icon-container sow-container-none\"\n\t\t\t\t\tstyle=\"color: #404040; \"\n\t\t\t\t\t>\n\t\t\t\t\t\t\t\t\t<\/div>\n\t\t\t\t\n\t\t\t\t<div class=\"textwidget\">\n\t\t\t\t\t\n\t\t\t\t\t\t\t\t\t\t\t<h5>\n\t\t\t\t\t\t\t\n\t\t\t\t\t\t\tPodpory rurowe PermaWrap\u00ae\t\t\t\t\t\t\t\t\t\t\t\t\t<\/h5>\n\t\t\t\t\t\n\t\t\t\t\t\t\t\t\t\t\t<div style=\"text-align: center;\">W wielu przypadkach korozja zewn\u0119trzna rur na powierzchni ziemi wyst\u0119puje pomi\u0119dzy rur\u0105 a jej podpor\u0105. Jest to idealne miejsce, w kt\u00f3rym opady atmosferyczne lub rosa mog\u0105 si\u0119 \u0142atwo gromadzi\u0107 i powodowa\u0107 uszkodzenia \u015bcianki ruroci\u0105gu. <a href=\"https:\/\/carbontech-composites.eu\/pl\/rozwiazania-z-wlokna-szklanego\/#fiberglass-solutions-carbon-tech-europe-bv-02-pl\"><strong>Ok\u0142adzina zabezpieczaj\u0105ca z w\u0142\u00f3kna szklanego<\/strong><\/a> jest jednym z dost\u0119pnych, prostych i tanich rozwi\u0105za\u0144. Doskona\u0142\u0105 alternatyw\u0105 jest zestaw PermaWrap\u00ae Pipe Support kit. Szeroko\u015b\u0107 tych zestaw\u00f3w waha si\u0119 od 6\" do 18\" i s\u0105 one dost\u0119pne w konfiguracji 2-warstwowej lub 4-warstwowej dla wspornik\u00f3w o wi\u0119kszych szeroko\u015bciach.<\/div>\n\t\t\t\t\t\n\t\t\t\t\t\t\t\t\t<\/div>\n\t\t\t\t\t\t\t\t\n\t\t\t\t\t\t\t<\/div>\n\n\t\t\t\n<\/div>\n<\/div><\/div><\/div><\/div><div id=\"pgc-2499-4-1\"  class=\"panel-grid-cell\" ><div id=\"panel-2499-4-1-0\" class=\"so-panel widget widget_media_image panel-first-child panel-last-child\" data-index=\"7\" ><div class=\"panel-widget-style panel-widget-style-for-2499-4-1-0\" ><img loading=\"lazy\" decoding=\"async\" width=\"600\" height=\"600\" src=\"https:\/\/carbontech-composites.eu\/wp-content\/uploads\/2020\/06\/afbeelding-pipe-support-carbon-tech-europe-bv-gorinchem-2020.png\" class=\"image wp-image-1220  attachment-full size-full\" alt=\"\" style=\"max-width: 100%; height: auto;\" srcset=\"https:\/\/carbontech-composites.eu\/wp-content\/uploads\/2020\/06\/afbeelding-pipe-support-carbon-tech-europe-bv-gorinchem-2020.png 600w, https:\/\/carbontech-composites.eu\/wp-content\/uploads\/2020\/06\/afbeelding-pipe-support-carbon-tech-europe-bv-gorinchem-2020-300x300.png 300w, https:\/\/carbontech-composites.eu\/wp-content\/uploads\/2020\/06\/afbeelding-pipe-support-carbon-tech-europe-bv-gorinchem-2020-150x150.png 150w\" sizes=\"auto, (max-width: 600px) 100vw, 600px\" \/><\/div><\/div><\/div><\/div><\/div><\/div>","protected":false},"excerpt":{"rendered":"<p>Sztywne mufy kompozytowe to najstarsze i najbardziej sprawdzone rozwi\u0105zania w bran\u017cy. Jest to powszechny spos\u00f3b owijania ruroci\u0105g\u00f3w przesy\u0142owych \u2013 mufy sztywne PermaWrap\u00ae. Dzi\u0119ki rewolucyjnej technologii Weldwrap\u00ae nawet spawy obwodowe mo\u017cna remontowa\u0107 bezpiecznie i ekonomicznie. PermaWrap\u2122 i WeldWrap\u2122 to jedyne kompozytowe mufy sztywne do naprawy ruroci\u0105g\u00f3w zaprojektowane do wykrywania przez narz\u0119dzia inspekcji MFL \u201eSmart Pig\u201d. Oba&hellip;<\/p>\n","protected":false},"author":1,"featured_media":0,"parent":0,"menu_order":0,"comment_status":"closed","ping_status":"closed","template":"page-templates\/default-no-title.php","meta":{"footnotes":""},"class_list":["post-2499","page","type-page","status-publish","hentry"],"yoast_head":"<!-- This site is optimized with the Yoast SEO plugin v27.4 - https:\/\/yoast.com\/product\/yoast-seo-wordpress\/ -->\n<title>Kompozytowe r\u0119kawy wzmacniaj\u0105ce - Carbon Tech Europe BV<\/title>\n<meta name=\"description\" content=\"Wzmacnianie prostych odcink\u00f3w ruroci\u0105g\u00f3w oraz spaw\u00f3w obwodowych mo\u017cna wykona\u0107 r\u00f3wnie\u017c z pomoc\u0105 sztywnych tulejami z w\u0142\u00f3kna szklanego o r\u00f3\u017cnej szeroko\u015bci. Do ruroci\u0105g\u00f3w\" \/>\n<meta name=\"robots\" content=\"index, follow, max-snippet:-1, max-image-preview:large, max-video-preview:-1\" \/>\n<link rel=\"canonical\" href=\"https:\/\/carbontech-composites.eu\/pl\/kompozytowe-rekawy-wzmacniajace\/\" \/>\n<meta property=\"og:locale\" content=\"pl_PL\" \/>\n<meta property=\"og:type\" content=\"article\" \/>\n<meta property=\"og:title\" content=\"Kompozytowe r\u0119kawy wzmacniaj\u0105ce - Carbon Tech Europe BV\" \/>\n<meta property=\"og:description\" content=\"Wzmacnianie prostych odcink\u00f3w ruroci\u0105g\u00f3w oraz spaw\u00f3w obwodowych mo\u017cna wykona\u0107 r\u00f3wnie\u017c z pomoc\u0105 sztywnych tulejami z w\u0142\u00f3kna szklanego o r\u00f3\u017cnej szeroko\u015bci. Do ruroci\u0105g\u00f3w\" \/>\n<meta property=\"og:url\" content=\"https:\/\/carbontech-composites.eu\/pl\/kompozytowe-rekawy-wzmacniajace\/\" \/>\n<meta property=\"og:site_name\" content=\"Carbon Tech Europe BV\" \/>\n<meta property=\"article:modified_time\" content=\"2022-05-03T12:37:16+00:00\" \/>\n<meta name=\"twitter:card\" content=\"summary_large_image\" \/>\n<meta name=\"twitter:label1\" content=\"Szacowany czas czytania\" \/>\n\t<meta name=\"twitter:data1\" content=\"1 minuta\" \/>\n<script type=\"application\/ld+json\" class=\"yoast-schema-graph\">{\"@context\":\"https:\\\/\\\/schema.org\",\"@graph\":[{\"@type\":\"WebPage\",\"@id\":\"https:\\\/\\\/carbontech-composites.eu\\\/pl\\\/kompozytowe-rekawy-wzmacniajace\\\/\",\"url\":\"https:\\\/\\\/carbontech-composites.eu\\\/pl\\\/kompozytowe-rekawy-wzmacniajace\\\/\",\"name\":\"Kompozytowe r\u0119kawy wzmacniaj\u0105ce - Carbon Tech Europe BV\",\"isPartOf\":{\"@id\":\"https:\\\/\\\/carbontech-composites.eu\\\/#website\"},\"datePublished\":\"2020-05-25T13:05:53+00:00\",\"dateModified\":\"2022-05-03T12:37:16+00:00\",\"description\":\"Wzmacnianie prostych odcink\u00f3w ruroci\u0105g\u00f3w oraz spaw\u00f3w obwodowych mo\u017cna wykona\u0107 r\u00f3wnie\u017c z pomoc\u0105 sztywnych tulejami z w\u0142\u00f3kna szklanego o r\u00f3\u017cnej szeroko\u015bci. Do ruroci\u0105g\u00f3w\",\"breadcrumb\":{\"@id\":\"https:\\\/\\\/carbontech-composites.eu\\\/pl\\\/kompozytowe-rekawy-wzmacniajace\\\/#breadcrumb\"},\"inLanguage\":\"pl-PL\",\"potentialAction\":[{\"@type\":\"ReadAction\",\"target\":[\"https:\\\/\\\/carbontech-composites.eu\\\/pl\\\/kompozytowe-rekawy-wzmacniajace\\\/\"]}]},{\"@type\":\"BreadcrumbList\",\"@id\":\"https:\\\/\\\/carbontech-composites.eu\\\/pl\\\/kompozytowe-rekawy-wzmacniajace\\\/#breadcrumb\",\"itemListElement\":[{\"@type\":\"ListItem\",\"position\":1,\"name\":\"Home\",\"item\":\"https:\\\/\\\/carbontech-composites.eu\\\/pl\\\/\"},{\"@type\":\"ListItem\",\"position\":2,\"name\":\"Kompozytowe r\u0119kawy wzmacniaj\u0105ce\"}]},{\"@type\":\"WebSite\",\"@id\":\"https:\\\/\\\/carbontech-composites.eu\\\/#website\",\"url\":\"https:\\\/\\\/carbontech-composites.eu\\\/\",\"name\":\"Carbon Tech Europe BV\",\"description\":\"Premium supplier of carbon composite solutions\",\"potentialAction\":[{\"@type\":\"SearchAction\",\"target\":{\"@type\":\"EntryPoint\",\"urlTemplate\":\"https:\\\/\\\/carbontech-composites.eu\\\/?s={search_term_string}\"},\"query-input\":{\"@type\":\"PropertyValueSpecification\",\"valueRequired\":true,\"valueName\":\"search_term_string\"}}],\"inLanguage\":\"pl-PL\"}]}<\/script>\n<!-- \/ Yoast SEO plugin. -->","yoast_head_json":{"title":"Kompozytowe r\u0119kawy wzmacniaj\u0105ce - Carbon Tech Europe BV","description":"Wzmacnianie prostych odcink\u00f3w ruroci\u0105g\u00f3w oraz spaw\u00f3w obwodowych mo\u017cna wykona\u0107 r\u00f3wnie\u017c z pomoc\u0105 sztywnych tulejami z w\u0142\u00f3kna szklanego o r\u00f3\u017cnej szeroko\u015bci. Do ruroci\u0105g\u00f3w","robots":{"index":"index","follow":"follow","max-snippet":"max-snippet:-1","max-image-preview":"max-image-preview:large","max-video-preview":"max-video-preview:-1"},"canonical":"https:\/\/carbontech-composites.eu\/pl\/kompozytowe-rekawy-wzmacniajace\/","og_locale":"pl_PL","og_type":"article","og_title":"Kompozytowe r\u0119kawy wzmacniaj\u0105ce - Carbon Tech Europe BV","og_description":"Wzmacnianie prostych odcink\u00f3w ruroci\u0105g\u00f3w oraz spaw\u00f3w obwodowych mo\u017cna wykona\u0107 r\u00f3wnie\u017c z pomoc\u0105 sztywnych tulejami z w\u0142\u00f3kna szklanego o r\u00f3\u017cnej szeroko\u015bci. Do ruroci\u0105g\u00f3w","og_url":"https:\/\/carbontech-composites.eu\/pl\/kompozytowe-rekawy-wzmacniajace\/","og_site_name":"Carbon Tech Europe BV","article_modified_time":"2022-05-03T12:37:16+00:00","twitter_card":"summary_large_image","twitter_misc":{"Szacowany czas czytania":"1 minuta"},"schema":{"@context":"https:\/\/schema.org","@graph":[{"@type":"WebPage","@id":"https:\/\/carbontech-composites.eu\/pl\/kompozytowe-rekawy-wzmacniajace\/","url":"https:\/\/carbontech-composites.eu\/pl\/kompozytowe-rekawy-wzmacniajace\/","name":"Kompozytowe r\u0119kawy wzmacniaj\u0105ce - Carbon Tech Europe BV","isPartOf":{"@id":"https:\/\/carbontech-composites.eu\/#website"},"datePublished":"2020-05-25T13:05:53+00:00","dateModified":"2022-05-03T12:37:16+00:00","description":"Wzmacnianie prostych odcink\u00f3w ruroci\u0105g\u00f3w oraz spaw\u00f3w obwodowych mo\u017cna wykona\u0107 r\u00f3wnie\u017c z pomoc\u0105 sztywnych tulejami z w\u0142\u00f3kna szklanego o r\u00f3\u017cnej szeroko\u015bci. Do ruroci\u0105g\u00f3w","breadcrumb":{"@id":"https:\/\/carbontech-composites.eu\/pl\/kompozytowe-rekawy-wzmacniajace\/#breadcrumb"},"inLanguage":"pl-PL","potentialAction":[{"@type":"ReadAction","target":["https:\/\/carbontech-composites.eu\/pl\/kompozytowe-rekawy-wzmacniajace\/"]}]},{"@type":"BreadcrumbList","@id":"https:\/\/carbontech-composites.eu\/pl\/kompozytowe-rekawy-wzmacniajace\/#breadcrumb","itemListElement":[{"@type":"ListItem","position":1,"name":"Home","item":"https:\/\/carbontech-composites.eu\/pl\/"},{"@type":"ListItem","position":2,"name":"Kompozytowe r\u0119kawy wzmacniaj\u0105ce"}]},{"@type":"WebSite","@id":"https:\/\/carbontech-composites.eu\/#website","url":"https:\/\/carbontech-composites.eu\/","name":"Carbon Tech Europe BV","description":"Premium supplier of carbon composite solutions","potentialAction":[{"@type":"SearchAction","target":{"@type":"EntryPoint","urlTemplate":"https:\/\/carbontech-composites.eu\/?s={search_term_string}"},"query-input":{"@type":"PropertyValueSpecification","valueRequired":true,"valueName":"search_term_string"}}],"inLanguage":"pl-PL"}]}},"jetpack_sharing_enabled":true,"_links":{"self":[{"href":"https:\/\/carbontech-composites.eu\/pl\/wp-json\/wp\/v2\/pages\/2499","targetHints":{"allow":["GET"]}}],"collection":[{"href":"https:\/\/carbontech-composites.eu\/pl\/wp-json\/wp\/v2\/pages"}],"about":[{"href":"https:\/\/carbontech-composites.eu\/pl\/wp-json\/wp\/v2\/types\/page"}],"author":[{"embeddable":true,"href":"https:\/\/carbontech-composites.eu\/pl\/wp-json\/wp\/v2\/users\/1"}],"replies":[{"embeddable":true,"href":"https:\/\/carbontech-composites.eu\/pl\/wp-json\/wp\/v2\/comments?post=2499"}],"version-history":[{"count":0,"href":"https:\/\/carbontech-composites.eu\/pl\/wp-json\/wp\/v2\/pages\/2499\/revisions"}],"wp:attachment":[{"href":"https:\/\/carbontech-composites.eu\/pl\/wp-json\/wp\/v2\/media?parent=2499"}],"curies":[{"name":"wp","href":"https:\/\/api.w.org\/{rel}","templated":true}]}}