{"id":2530,"date":"2020-03-27T16:27:29","date_gmt":"2020-03-27T16:27:29","guid":{"rendered":"https:\/\/carbontech-composites.eu\/fiberglass-composite-solutions-for-pipeline-repairs\/"},"modified":"2022-05-03T09:11:11","modified_gmt":"2022-05-03T09:11:11","slug":"rozwiazania-z-wlokna-szklanego","status":"publish","type":"page","link":"https:\/\/carbontech-composites.eu\/pl\/rozwiazania-z-wlokna-szklanego\/","title":{"rendered":"Rozwi\u0105zania z w\u0142\u00f3kna szklanego"},"content":{"rendered":"<div id=\"pl-2530\"  class=\"panel-layout\" ><div id=\"pg-2530-0\"  class=\"panel-grid panel-has-style\" ><div id=\"tekst-fiberglass-solutions-carbon-tech-europe-bv\" class=\"panel-row-style panel-row-style-for-2530-0\" ><div id=\"pgc-2530-0-0\"  class=\"panel-grid-cell\" ><div id=\"panel-2530-0-0-0\" class=\"so-panel widget widget_sow-features panel-first-child panel-last-child\" data-index=\"0\" ><div id=\"blok-tekst-fiberglass-solutions-carbon-tech-europe-bv\" class=\"panel-widget-style panel-widget-style-for-2530-0-0-0\" ><div\n\t\t\t\n\t\t\tclass=\"so-widget-sow-features so-widget-sow-features-default-bbdaadbf7e47-2530\"\n\t\t\t\n\t\t>\n<div class=\"sow-features-list sow-features-responsive\">\n\n\t\t\t\t\t\t\t\t\t<div\n\t\t\t\tclass=\"sow-features-feature sow-icon-container-position-top\"\n\t\t\t\tstyle=\"display: flex; flex-direction: column; width: calc(100% - 25px);\"\n\t\t\t>\n\t\t\t\n\t\t\t\t\t\t\t\t<div\n\t\t\t\t\tclass=\"sow-icon-container sow-container-none\"\n\t\t\t\t\tstyle=\"color: #404040; \"\n\t\t\t\t\t>\n\t\t\t\t\t\t\t\t\t<\/div>\n\t\t\t\t\n\t\t\t\t<div class=\"textwidget\">\n\t\t\t\t\t\n\t\t\t\t\t\t\t\t\t\t\t<h5>\n\t\t\t\t\t\t\t\n\t\t\t\t\t\t\tRozwi\u0105zania z w\u0142\u00f3kna szklanego\t\t\t\t\t\t\t\t\t\t\t\t\t<\/h5>\n\t\t\t\t\t\n\t\t\t\t\t\t\t\t\t\t\t<p style=\"text-align: center;\">Carbon Tech Europe u\u017cywa najlepszych dost\u0119pnych materia\u0142\u00f3w kompozytowych z w\u0142\u00f3kna szklanego, zaprojektowanych do rehabilitacji i przywracania wytrzyma\u0142o\u015bci skorodowanym i zerodowanym systemom rurowym. Instalacja jest szybka, op\u0142acalna i przyjazna dla \u015brodowiska, dzi\u0119ki czemu nasze rozwi\u0105zania z w\u0142\u00f3kna szklanego s\u0105 w\u0142a\u015bciwym wyborem dla potrzeb naprawy ruroci\u0105g\u00f3w wszystkich typ\u00f3w. Dzi\u0119ki swojej elastyczno\u015bci, nasze rozwi\u0105zania z w\u0142\u00f3kna szklanego mog\u0105 by\u0107 instalowane na tr\u00f3jnikach, kolankach, prostych rurach, ko\u0142nierzach i zaworach itp. Rozwi\u0105zania Carbon Tech Europe z w\u0142\u00f3kna szklanego s\u0105 w stanie przywr\u00f3ci\u0107 rurze parametry do maksymalnego dopuszczalnego ci\u015bnienia roboczego (MAOP) bez konieczno\u015bci wy\u0142\u0105czania ruroci\u0105gu z eksploatacji. Materia\u0142 ten szybko si\u0119 utwardza, jego u\u017cycie nie wymaga prac spawalniczych, co czyni go doskona\u0142\u0105 alternatyw\u0105 dla obejm naprawczych.<\/p>\n\t\t\t\t\t\n\t\t\t\t\t\t\t\t\t<\/div>\n\t\t\t\t\t\t\t\t\n\t\t\t\t\t\t\t<\/div>\n\n\t\t\t\n<\/div>\n<\/div><\/div><\/div><\/div><div id=\"pgc-2530-0-1\"  class=\"panel-grid-cell\" ><div id=\"panel-2530-0-1-0\" class=\"so-panel widget widget_media_image panel-first-child panel-last-child\" data-index=\"1\" ><div class=\"panel-widget-style panel-widget-style-for-2530-0-1-0\" ><img loading=\"lazy\" decoding=\"async\" width=\"600\" height=\"600\" src=\"https:\/\/carbontech-composites.eu\/wp-content\/uploads\/2020\/04\/afbeelding-fiberglass-solutions-underground-carbon-tech-europe-bv-gorinchem-2020.png\" class=\"image wp-image-1036  attachment-full size-full\" alt=\"\" style=\"max-width: 100%; height: auto;\" srcset=\"https:\/\/carbontech-composites.eu\/wp-content\/uploads\/2020\/04\/afbeelding-fiberglass-solutions-underground-carbon-tech-europe-bv-gorinchem-2020.png 600w, https:\/\/carbontech-composites.eu\/wp-content\/uploads\/2020\/04\/afbeelding-fiberglass-solutions-underground-carbon-tech-europe-bv-gorinchem-2020-300x300.png 300w, https:\/\/carbontech-composites.eu\/wp-content\/uploads\/2020\/04\/afbeelding-fiberglass-solutions-underground-carbon-tech-europe-bv-gorinchem-2020-150x150.png 150w\" sizes=\"auto, (max-width: 600px) 100vw, 600px\" \/><\/div><\/div><\/div><\/div><\/div><div id=\"pg-2530-1\"  class=\"panel-grid panel-has-style\" ><div id=\"cta-carbon-composite-solutions-revowrap-carbon-tech-europe-bv\" class=\"panel-row-style panel-row-style-for-2530-1\" ><div id=\"pgc-2530-1-0\"  class=\"panel-grid-cell\" ><div id=\"panel-2530-1-0-0\" class=\"so-panel widget widget_sow-headline panel-first-child panel-last-child\" data-index=\"2\" ><div class=\"panel-widget-style panel-widget-style-for-2530-1-0-0\" ><div\n\t\t\t\n\t\t\tclass=\"so-widget-sow-headline so-widget-sow-headline-default-b5017ef9d0a8-2530 so-widget-fittext-wrapper\"\n\t\t\t data-fit-text-compressor=\"0.85\"\n\t\t><div class=\"sow-headline-container \">\n\t<h1 class='sow-headline'>\t\t\t\t\t\t<a href=\"https:\/\/carbontech-composites.eu\/nl\/contact-us\/\" >\n\t\t\t\t\tSkontaktuj si\u0119 z nami, aby uzyska\u0107 wi\u0119cej informacji o rozwi\u0105zaniach z w\u0142\u00f3kna szklanego<\/a><\/h1><\/div>\n<\/div><\/div><\/div><\/div><\/div><\/div><div id=\"pg-2530-2\"  class=\"panel-grid panel-has-style\" ><div id=\"fiberglass-solutions-carbon-tech-europe-bv-02-pl\" class=\"panel-row-style panel-row-style-for-2530-2\" ><div id=\"pgc-2530-2-0\"  class=\"panel-grid-cell\" ><div id=\"panel-2530-2-0-0\" class=\"so-panel widget widget_media_image panel-first-child panel-last-child\" data-index=\"3\" ><div class=\"panel-widget-style panel-widget-style-for-2530-2-0-0\" ><img loading=\"lazy\" decoding=\"async\" width=\"600\" height=\"600\" src=\"https:\/\/carbontech-composites.eu\/wp-content\/uploads\/2020\/04\/afbeelding-product-fiberglass-material-shoe-solution-carbon-tech-europe-bv-gorinchem-2020.jpg\" class=\"image wp-image-911  attachment-full size-full\" alt=\"\" style=\"max-width: 100%; height: auto;\" srcset=\"https:\/\/carbontech-composites.eu\/wp-content\/uploads\/2020\/04\/afbeelding-product-fiberglass-material-shoe-solution-carbon-tech-europe-bv-gorinchem-2020.jpg 600w, https:\/\/carbontech-composites.eu\/wp-content\/uploads\/2020\/04\/afbeelding-product-fiberglass-material-shoe-solution-carbon-tech-europe-bv-gorinchem-2020-300x300.jpg 300w, https:\/\/carbontech-composites.eu\/wp-content\/uploads\/2020\/04\/afbeelding-product-fiberglass-material-shoe-solution-carbon-tech-europe-bv-gorinchem-2020-150x150.jpg 150w\" sizes=\"auto, (max-width: 600px) 100vw, 600px\" \/><\/div><\/div><\/div><div id=\"pgc-2530-2-1\"  class=\"panel-grid-cell\" ><div id=\"panel-2530-2-1-0\" class=\"so-panel widget widget_sow-features panel-first-child panel-last-child\" data-index=\"4\" ><div id=\"blok-tekst-fiberglass-solutions-carbon-tech-europe-bv-02\" class=\"panel-widget-style panel-widget-style-for-2530-2-1-0\" ><div\n\t\t\t\n\t\t\tclass=\"so-widget-sow-features so-widget-sow-features-default-9c00ecc561c9-2530\"\n\t\t\t\n\t\t>\n<div class=\"sow-features-list sow-features-responsive\">\n\n\t\t\t\t\t\t\t\t\t<div\n\t\t\t\tclass=\"sow-features-feature sow-icon-container-position-top\"\n\t\t\t\tstyle=\"display: flex; flex-direction: column; width: calc(100% - 25px);\"\n\t\t\t>\n\t\t\t\n\t\t\t\t\t\t\t\t<div\n\t\t\t\t\tclass=\"sow-icon-container sow-container-none\"\n\t\t\t\t\tstyle=\"color: #404040; \"\n\t\t\t\t\t>\n\t\t\t\t\t\t\t\t\t<\/div>\n\t\t\t\t\n\t\t\t\t<div class=\"textwidget\">\n\t\t\t\t\t\n\t\t\t\t\t\n\t\t\t\t\t\t\t\t\t\t\t<p style=\"text-align: center;\">Oferujemy rozwi\u0105zania z w\u0142\u00f3kna szklanego w rolkach o standardowej d\u0142ugo\u015bci 1800 cali i szeroko\u015bci 2, 4, 6 i 12 cali.<\/p>\n<p style=\"text-align: center;\">Ciekawym sposobem wykorzystania w\u0142\u00f3kna szklanego jest przygotowanie warstw ochronnych mi\u0119dzy rur\u0105 a wspornikiem rury. Nazywamy je podk\u0142adkami. Umieszczenie podk\u0142adki pomi\u0119dzy rur\u0105 a jej podpor\u0105 jest dobrym sposobem na unikni\u0119cie rozwoju korozji.<\/p>\n<p style=\"text-align: center;\">Og\u00f3lnie rzecz bior\u0105c, w por\u00f3wnaniu z tradycyjnymi metodami naprawy, naprawa z wykorzystaniem w\u0142\u00f3kna szklanego jest ta\u0144sza, szybsza i mniej pracoch\u0142onna.<\/p>\n<p style=\"text-align: center;\">Chcesz wiedzie\u0107 wi\u0119cej? <a href=\"https:\/\/carbontech-composites.eu\/pl\/contact-us\/\"><strong>ZAPRASZAMY DO KONTAKTU Z NAMI<\/strong><\/a><\/p>\n\t\t\t\t\t\n\t\t\t\t\t\t\t\t\t<\/div>\n\t\t\t\t\t\t\t\t\n\t\t\t\t\t\t\t<\/div>\n\n\t\t\t\n<\/div>\n<\/div><\/div><\/div><\/div><\/div><\/div><\/div>","protected":false},"excerpt":{"rendered":"<p>Rozwi\u0105zania z w\u0142\u00f3kna szklanego Carbon Tech Europe u\u017cywa najlepszych dost\u0119pnych materia\u0142\u00f3w kompozytowych z w\u0142\u00f3kna szklanego, zaprojektowanych do rehabilitacji i przywracania wytrzyma\u0142o\u015bci skorodowanym i zerodowanym systemom rurowym. Instalacja jest szybka, op\u0142acalna i przyjazna dla \u015brodowiska, dzi\u0119ki czemu nasze rozwi\u0105zania z w\u0142\u00f3kna szklanego s\u0105 w\u0142a\u015bciwym wyborem dla potrzeb naprawy ruroci\u0105g\u00f3w wszystkich typ\u00f3w. Dzi\u0119ki swojej elastyczno\u015bci, nasze rozwi\u0105zania&hellip;<\/p>\n","protected":false},"author":1,"featured_media":0,"parent":0,"menu_order":0,"comment_status":"closed","ping_status":"closed","template":"page-templates\/default-no-title.php","meta":{"footnotes":""},"class_list":["post-2530","page","type-page","status-publish","hentry"],"yoast_head":"<!-- This site is optimized with the Yoast SEO plugin v27.4 - https:\/\/yoast.com\/product\/yoast-seo-wordpress\/ -->\n<title>Materia\u0142y z w\u0142\u00f3kna szklanego - Carbon Tech Europe BV<\/title>\n<meta name=\"description\" content=\"Rozwi\u0105zania naprawcze z w\u0142\u00f3kna szklanego do naprawy ruroci\u0105g\u00f3w \u2028Proste, tanie, kt\u00f3ryko i d\u0142ugoterminowe rozwi\u0105zania do napraw ruroci\u0105g\u00f3w i\/lub ochrony podp\u00f3r rur i ruroci\u0105g\u00f3w.\" \/>\n<meta name=\"robots\" content=\"index, follow, max-snippet:-1, max-image-preview:large, max-video-preview:-1\" \/>\n<link rel=\"canonical\" href=\"https:\/\/carbontech-composites.eu\/pl\/rozwiazania-z-wlokna-szklanego\/\" \/>\n<meta property=\"og:locale\" content=\"pl_PL\" \/>\n<meta property=\"og:type\" content=\"article\" \/>\n<meta property=\"og:title\" content=\"Materia\u0142y z w\u0142\u00f3kna szklanego - Carbon Tech Europe BV\" \/>\n<meta property=\"og:description\" content=\"Rozwi\u0105zania naprawcze z w\u0142\u00f3kna szklanego do naprawy ruroci\u0105g\u00f3w \u2028Proste, tanie, kt\u00f3ryko i d\u0142ugoterminowe rozwi\u0105zania do napraw ruroci\u0105g\u00f3w i\/lub ochrony podp\u00f3r rur i ruroci\u0105g\u00f3w.\" \/>\n<meta property=\"og:url\" content=\"https:\/\/carbontech-composites.eu\/pl\/rozwiazania-z-wlokna-szklanego\/\" \/>\n<meta property=\"og:site_name\" content=\"Carbon Tech Europe BV\" \/>\n<meta property=\"article:modified_time\" content=\"2022-05-03T09:11:11+00:00\" \/>\n<meta name=\"twitter:card\" content=\"summary_large_image\" \/>\n<meta name=\"twitter:label1\" content=\"Szacowany czas czytania\" \/>\n\t<meta name=\"twitter:data1\" content=\"1 minuta\" \/>\n<script type=\"application\/ld+json\" class=\"yoast-schema-graph\">{\"@context\":\"https:\\\/\\\/schema.org\",\"@graph\":[{\"@type\":\"WebPage\",\"@id\":\"https:\\\/\\\/carbontech-composites.eu\\\/pl\\\/rozwiazania-z-wlokna-szklanego\\\/\",\"url\":\"https:\\\/\\\/carbontech-composites.eu\\\/pl\\\/rozwiazania-z-wlokna-szklanego\\\/\",\"name\":\"Materia\u0142y z w\u0142\u00f3kna szklanego - Carbon Tech Europe BV\",\"isPartOf\":{\"@id\":\"https:\\\/\\\/carbontech-composites.eu\\\/#website\"},\"datePublished\":\"2020-03-27T16:27:29+00:00\",\"dateModified\":\"2022-05-03T09:11:11+00:00\",\"description\":\"Rozwi\u0105zania naprawcze z w\u0142\u00f3kna szklanego do naprawy ruroci\u0105g\u00f3w \\u2028Proste, tanie, kt\u00f3ryko i d\u0142ugoterminowe rozwi\u0105zania do napraw ruroci\u0105g\u00f3w i\\\/lub ochrony podp\u00f3r rur i ruroci\u0105g\u00f3w.\",\"breadcrumb\":{\"@id\":\"https:\\\/\\\/carbontech-composites.eu\\\/pl\\\/rozwiazania-z-wlokna-szklanego\\\/#breadcrumb\"},\"inLanguage\":\"pl-PL\",\"potentialAction\":[{\"@type\":\"ReadAction\",\"target\":[\"https:\\\/\\\/carbontech-composites.eu\\\/pl\\\/rozwiazania-z-wlokna-szklanego\\\/\"]}]},{\"@type\":\"BreadcrumbList\",\"@id\":\"https:\\\/\\\/carbontech-composites.eu\\\/pl\\\/rozwiazania-z-wlokna-szklanego\\\/#breadcrumb\",\"itemListElement\":[{\"@type\":\"ListItem\",\"position\":1,\"name\":\"Home\",\"item\":\"https:\\\/\\\/carbontech-composites.eu\\\/pl\\\/\"},{\"@type\":\"ListItem\",\"position\":2,\"name\":\"Rozwi\u0105zania z w\u0142\u00f3kna szklanego\"}]},{\"@type\":\"WebSite\",\"@id\":\"https:\\\/\\\/carbontech-composites.eu\\\/#website\",\"url\":\"https:\\\/\\\/carbontech-composites.eu\\\/\",\"name\":\"Carbon Tech Europe BV\",\"description\":\"Premium supplier of carbon composite solutions\",\"potentialAction\":[{\"@type\":\"SearchAction\",\"target\":{\"@type\":\"EntryPoint\",\"urlTemplate\":\"https:\\\/\\\/carbontech-composites.eu\\\/?s={search_term_string}\"},\"query-input\":{\"@type\":\"PropertyValueSpecification\",\"valueRequired\":true,\"valueName\":\"search_term_string\"}}],\"inLanguage\":\"pl-PL\"}]}<\/script>\n<!-- \/ Yoast SEO plugin. -->","yoast_head_json":{"title":"Materia\u0142y z w\u0142\u00f3kna szklanego - Carbon Tech Europe BV","description":"Rozwi\u0105zania naprawcze z w\u0142\u00f3kna szklanego do naprawy ruroci\u0105g\u00f3w \u2028Proste, tanie, kt\u00f3ryko i d\u0142ugoterminowe rozwi\u0105zania do napraw ruroci\u0105g\u00f3w i\/lub ochrony podp\u00f3r rur i ruroci\u0105g\u00f3w.","robots":{"index":"index","follow":"follow","max-snippet":"max-snippet:-1","max-image-preview":"max-image-preview:large","max-video-preview":"max-video-preview:-1"},"canonical":"https:\/\/carbontech-composites.eu\/pl\/rozwiazania-z-wlokna-szklanego\/","og_locale":"pl_PL","og_type":"article","og_title":"Materia\u0142y z w\u0142\u00f3kna szklanego - Carbon Tech Europe BV","og_description":"Rozwi\u0105zania naprawcze z w\u0142\u00f3kna szklanego do naprawy ruroci\u0105g\u00f3w \u2028Proste, tanie, kt\u00f3ryko i d\u0142ugoterminowe rozwi\u0105zania do napraw ruroci\u0105g\u00f3w i\/lub ochrony podp\u00f3r rur i ruroci\u0105g\u00f3w.","og_url":"https:\/\/carbontech-composites.eu\/pl\/rozwiazania-z-wlokna-szklanego\/","og_site_name":"Carbon Tech Europe BV","article_modified_time":"2022-05-03T09:11:11+00:00","twitter_card":"summary_large_image","twitter_misc":{"Szacowany czas czytania":"1 minuta"},"schema":{"@context":"https:\/\/schema.org","@graph":[{"@type":"WebPage","@id":"https:\/\/carbontech-composites.eu\/pl\/rozwiazania-z-wlokna-szklanego\/","url":"https:\/\/carbontech-composites.eu\/pl\/rozwiazania-z-wlokna-szklanego\/","name":"Materia\u0142y z w\u0142\u00f3kna szklanego - Carbon Tech Europe BV","isPartOf":{"@id":"https:\/\/carbontech-composites.eu\/#website"},"datePublished":"2020-03-27T16:27:29+00:00","dateModified":"2022-05-03T09:11:11+00:00","description":"Rozwi\u0105zania naprawcze z w\u0142\u00f3kna szklanego do naprawy ruroci\u0105g\u00f3w \u2028Proste, tanie, kt\u00f3ryko i d\u0142ugoterminowe rozwi\u0105zania do napraw ruroci\u0105g\u00f3w i\/lub ochrony podp\u00f3r rur i ruroci\u0105g\u00f3w.","breadcrumb":{"@id":"https:\/\/carbontech-composites.eu\/pl\/rozwiazania-z-wlokna-szklanego\/#breadcrumb"},"inLanguage":"pl-PL","potentialAction":[{"@type":"ReadAction","target":["https:\/\/carbontech-composites.eu\/pl\/rozwiazania-z-wlokna-szklanego\/"]}]},{"@type":"BreadcrumbList","@id":"https:\/\/carbontech-composites.eu\/pl\/rozwiazania-z-wlokna-szklanego\/#breadcrumb","itemListElement":[{"@type":"ListItem","position":1,"name":"Home","item":"https:\/\/carbontech-composites.eu\/pl\/"},{"@type":"ListItem","position":2,"name":"Rozwi\u0105zania z w\u0142\u00f3kna szklanego"}]},{"@type":"WebSite","@id":"https:\/\/carbontech-composites.eu\/#website","url":"https:\/\/carbontech-composites.eu\/","name":"Carbon Tech Europe BV","description":"Premium supplier of carbon composite solutions","potentialAction":[{"@type":"SearchAction","target":{"@type":"EntryPoint","urlTemplate":"https:\/\/carbontech-composites.eu\/?s={search_term_string}"},"query-input":{"@type":"PropertyValueSpecification","valueRequired":true,"valueName":"search_term_string"}}],"inLanguage":"pl-PL"}]}},"jetpack_sharing_enabled":true,"_links":{"self":[{"href":"https:\/\/carbontech-composites.eu\/pl\/wp-json\/wp\/v2\/pages\/2530","targetHints":{"allow":["GET"]}}],"collection":[{"href":"https:\/\/carbontech-composites.eu\/pl\/wp-json\/wp\/v2\/pages"}],"about":[{"href":"https:\/\/carbontech-composites.eu\/pl\/wp-json\/wp\/v2\/types\/page"}],"author":[{"embeddable":true,"href":"https:\/\/carbontech-composites.eu\/pl\/wp-json\/wp\/v2\/users\/1"}],"replies":[{"embeddable":true,"href":"https:\/\/carbontech-composites.eu\/pl\/wp-json\/wp\/v2\/comments?post=2530"}],"version-history":[{"count":0,"href":"https:\/\/carbontech-composites.eu\/pl\/wp-json\/wp\/v2\/pages\/2530\/revisions"}],"wp:attachment":[{"href":"https:\/\/carbontech-composites.eu\/pl\/wp-json\/wp\/v2\/media?parent=2530"}],"curies":[{"name":"wp","href":"https:\/\/api.w.org\/{rel}","templated":true}]}}