{"id":2598,"date":"2020-03-27T16:03:57","date_gmt":"2020-03-27T16:03:57","guid":{"rendered":"https:\/\/carbontech-composites.eu\/carbon-composite-solutions-revowrap\/"},"modified":"2025-03-07T10:21:39","modified_gmt":"2025-03-07T10:21:39","slug":"rozwiazanie-z-kompozytu-weglowego","status":"publish","type":"page","link":"https:\/\/carbontech-composites.eu\/pl\/rozwiazanie-z-kompozytu-weglowego\/","title":{"rendered":"Revowrap"},"content":{"rendered":"<div id=\"pl-2598\"  class=\"panel-layout\" ><div id=\"pg-2598-0\"  class=\"panel-grid panel-has-style\" ><div id=\"tekst-carbon-composite-solutions-revowrap-carbon-tech-europe-bv\" class=\"panel-row-style panel-row-style-for-2598-0\" ><div id=\"pgc-2598-0-0\"  class=\"panel-grid-cell\" ><div id=\"panel-2598-0-0-0\" class=\"so-panel widget widget_sow-features panel-first-child panel-last-child\" data-index=\"0\" ><div id=\"blok-tekst-carbon-composite-solutions-revowrap-carbon-tech-europe-bv\" class=\"panel-widget-style panel-widget-style-for-2598-0-0-0\" ><div\n\t\t\t\n\t\t\tclass=\"so-widget-sow-features so-widget-sow-features-default-bbdaadbf7e47-2598\"\n\t\t\t\n\t\t>\n<div class=\"sow-features-list sow-features-responsive\">\n\n\t\t\t\t\t\t\t\t\t<div\n\t\t\t\tclass=\"sow-features-feature sow-icon-container-position-top\"\n\t\t\t\tstyle=\"display: flex; flex-direction: column; width: calc(100% - 25px);\"\n\t\t\t>\n\t\t\t\n\t\t\t\t\t\t\t\t<div\n\t\t\t\t\tclass=\"sow-icon-container sow-container-none\"\n\t\t\t\t\tstyle=\"color: #404040; \"\n\t\t\t\t\t>\n\t\t\t\t\t\t\t\t\t<\/div>\n\t\t\t\t\n\t\t\t\t<div class=\"textwidget\">\n\t\t\t\t\t\n\t\t\t\t\t\t\t\t\t\t\t<h5>\n\t\t\t\t\t\t\t\n\t\t\t\t\t\t\tRevowrap\t\t\t\t\t\t\t\t\t\t\t\t\t<\/h5>\n\t\t\t\t\t\n\t\t\t\t\t\t\t\t\t\t\t<p style=\"text-align: center;\">Revowrap to system banda\u017cy z w\u0142\u00f3kna w\u0119glowego u\u017cywany do rehabilitacji uszkodzonych, skorodowanych i zerodowanych instalacji rurowych oraz przywracania im pierwotnej wytrzyma\u0142o\u015bci operacyjnej. System sk\u0142ada si\u0119 z trzech komponent\u00f3w, z kt\u00f3rych ka\u017cdy zosta\u0142 przetestowany niezale\u017cnie. Pierwszym sk\u0142adnikiem jest podk\u0142ad epoksydowy (primer), kt\u00f3ry zapewnia dobre wi\u0105zanie i przenoszenie obci\u0105\u017ce\u0144 pomi\u0119dzy napraw\u0105 a pod\u0142o\u017cem. Drugim elementem systemu Revowrap jest banda\u017c z dwukierunkowo tkanych materia\u0142\u00f3w z w\u0142\u00f3kna w\u0119glowego, kt\u00f3re zapewniaj\u0105 wzmocnienie w kierunkach poprzecznym oraz osiowym i s\u0105 najsilniejsz\u0105 dost\u0119pn\u0105 niemetalow\u0105 napraw\u0105 na rynku. Trzeci\u0105 cz\u0119\u015bci\u0105 tego zestawu jest polimeryczna \u017cywica epoksydowa, kt\u00f3ra pozwala na r\u00f3wnomierne roz\u0142o\u017cenie obci\u0105\u017ce\u0144 na ca\u0142ej d\u0142ugo\u015bci naprawy. W przypadku napraw wymagaj\u0105cych modyfikacji powierzchni (np. du\u017ce w\u017cery lub nieregularne kszta\u0142ty) nale\u017cy dodatkowo zastosowa\u0107 wype\u0142niacz epoksydowy o wysokim module spr\u0119\u017cysto\u015bci.<\/p>\n\t\t\t\t\t\n\t\t\t\t\t\t\t\t\t<\/div>\n\t\t\t\t\t\t\t\t\n\t\t\t\t\t\t\t<\/div>\n\n\t\t\t\n<\/div>\n<\/div><\/div><\/div><\/div><div id=\"pgc-2598-0-1\"  class=\"panel-grid-cell\" ><div id=\"panel-2598-0-1-0\" class=\"so-panel widget widget_media_image panel-first-child panel-last-child\" data-index=\"1\" ><div class=\"panel-widget-style panel-widget-style-for-2598-0-1-0\" ><img loading=\"lazy\" decoding=\"async\" width=\"600\" height=\"600\" src=\"https:\/\/carbontech-composites.eu\/wp-content\/uploads\/2020\/03\/afbeelding-product-revowrap-carbon-roll-carbon-tech-europe-bv-gorinchem-2020.jpg\" class=\"image wp-image-775  attachment-full size-full\" alt=\"\" style=\"max-width: 100%; height: auto;\" srcset=\"https:\/\/carbontech-composites.eu\/wp-content\/uploads\/2020\/03\/afbeelding-product-revowrap-carbon-roll-carbon-tech-europe-bv-gorinchem-2020.jpg 600w, https:\/\/carbontech-composites.eu\/wp-content\/uploads\/2020\/03\/afbeelding-product-revowrap-carbon-roll-carbon-tech-europe-bv-gorinchem-2020-300x300.jpg 300w, https:\/\/carbontech-composites.eu\/wp-content\/uploads\/2020\/03\/afbeelding-product-revowrap-carbon-roll-carbon-tech-europe-bv-gorinchem-2020-150x150.jpg 150w\" sizes=\"auto, (max-width: 600px) 100vw, 600px\" \/><\/div><\/div><\/div><\/div><\/div><div id=\"pg-2598-1\"  class=\"panel-grid panel-has-style\" ><div class=\"siteorigin-panels-stretch panel-row-style panel-row-style-for-2598-1\" id=\"cta-carbon-composite-solutions-revowrap-carbon-tech-europe-bv\" data-stretch-type=\"full\" ><div id=\"pgc-2598-1-0\"  class=\"panel-grid-cell\" ><div id=\"panel-2598-1-0-0\" class=\"so-panel widget widget_sow-headline panel-first-child panel-last-child\" data-index=\"2\" ><div class=\"panel-widget-style panel-widget-style-for-2598-1-0-0\" ><div\n\t\t\t\n\t\t\tclass=\"so-widget-sow-headline so-widget-sow-headline-default-b5017ef9d0a8-2598 so-widget-fittext-wrapper\"\n\t\t\t data-fit-text-compressor=\"0.85\"\n\t\t><div class=\"sow-headline-container \">\n\t<h1 class='sow-headline'>\t\t\t\t\t\t<a href=\"https:\/\/carbontech-composites.eu\/nl\/contact-us\/\" >\n\t\t\t\t\tAby zam\u00f3wi\u0107 teraz Revowrap - Skontaktuj si\u0119 z nami tutaj<\/a><\/h1><\/div>\n<\/div><\/div><\/div><\/div><\/div><\/div><div id=\"pg-2598-2\"  class=\"panel-grid panel-has-style\" ><div id=\"tekst-carbon-composite-solutions-revowrap-carbon-tech-europe-bv-02\" class=\"panel-row-style panel-row-style-for-2598-2\" ><div id=\"pgc-2598-2-0\"  class=\"panel-grid-cell\" ><div id=\"panel-2598-2-0-0\" class=\"so-panel widget widget_media_image panel-first-child panel-last-child\" data-index=\"3\" ><div class=\"panel-widget-style panel-widget-style-for-2598-2-0-0\" ><img loading=\"lazy\" decoding=\"async\" width=\"600\" height=\"600\" src=\"https:\/\/carbontech-composites.eu\/wp-content\/uploads\/2020\/03\/afbeelding-product-revowrap-carbon-material-carbon-tech-europe-bv-gorinchem-2020.jpg\" class=\"image wp-image-776  attachment-full size-full\" alt=\"\" style=\"max-width: 100%; height: auto;\" srcset=\"https:\/\/carbontech-composites.eu\/wp-content\/uploads\/2020\/03\/afbeelding-product-revowrap-carbon-material-carbon-tech-europe-bv-gorinchem-2020.jpg 600w, https:\/\/carbontech-composites.eu\/wp-content\/uploads\/2020\/03\/afbeelding-product-revowrap-carbon-material-carbon-tech-europe-bv-gorinchem-2020-300x300.jpg 300w, https:\/\/carbontech-composites.eu\/wp-content\/uploads\/2020\/03\/afbeelding-product-revowrap-carbon-material-carbon-tech-europe-bv-gorinchem-2020-150x150.jpg 150w\" sizes=\"auto, (max-width: 600px) 100vw, 600px\" \/><\/div><\/div><\/div><div id=\"pgc-2598-2-1\"  class=\"panel-grid-cell\" ><div id=\"panel-2598-2-1-0\" class=\"so-panel widget widget_sow-features panel-first-child panel-last-child\" data-index=\"4\" ><div id=\"blok-tekst-carbon-composite-solutions-revowrap-carbon-tech-europe-bv-02\" class=\"panel-widget-style panel-widget-style-for-2598-2-1-0\" ><div\n\t\t\t\n\t\t\tclass=\"so-widget-sow-features so-widget-sow-features-default-9c00ecc561c9-2598\"\n\t\t\t\n\t\t>\n<div class=\"sow-features-list sow-features-responsive\">\n\n\t\t\t\t\t\t\t\t\t<div\n\t\t\t\tclass=\"sow-features-feature sow-icon-container-position-top\"\n\t\t\t\tstyle=\"display: flex; flex-direction: column; width: calc(100% - 25px);\"\n\t\t\t>\n\t\t\t\n\t\t\t\t\t\t\t\t<div\n\t\t\t\t\tclass=\"sow-icon-container sow-container-none\"\n\t\t\t\t\tstyle=\"color: #404040; \"\n\t\t\t\t\t>\n\t\t\t\t\t\t\t\t\t<\/div>\n\t\t\t\t\n\t\t\t\t<div class=\"textwidget\">\n\t\t\t\t\t\n\t\t\t\t\t\n\t\t\t\t\t\t\t\t\t\t\t&nbsp;\n<p style=\"text-align: center;\">Te elementy tworz\u0105 system kompozytowy, kt\u00f3ry posiada parametry wytrzyma\u0142o\u015bciowe wy\u017csze od stali w\u0119glowej. Mufa naprawcza po nawini\u0119ciu tworzy wok\u00f3\u0142 rury \u2013 dodatkow\u0105 os\u0142on\u0119, a ka\u017cde kolejne owini\u0119cie zwi\u0119ksza wytrzyma\u0142o\u015b\u0107 na ci\u015bnienie. Minimalne pe\u0142zanie zapewnia d\u0142ug\u0105 \u017cywotno\u015b\u0107. Revowrap jest dost\u0119pny w 3 r\u00f3\u017cnych wariantach temperatury. Standardowy Revowrap 110 radzi sobie z temperaturami do 110\u00b0C. Maksymalna temperatura pracy Revowrap 185 wynosi 185\u00b0C. Revowrap 225 ma najwy\u017csz\u0105 temperatur\u0119 robocz\u0105 225\u00b0C. Podczas korzystania z system\u00f3w kompozytowych Revowrap nie ma ogranicze\u0144 w zakresie maksymalnej warto\u015bci ci\u015bnienia.\n<img loading=\"lazy\" decoding=\"async\" class=\"size-medium wp-image-944 aligncenter\" src=\"https:\/\/carbontech-composites.eu\/wp-content\/uploads\/2020\/04\/logo-Revowrap-ECRS-grijs-rood-web-300x75.png\" alt=\"\" width=\"300\" height=\"75\" srcset=\"https:\/\/carbontech-composites.eu\/wp-content\/uploads\/2020\/04\/logo-Revowrap-ECRS-grijs-rood-web-300x75.png 300w, https:\/\/carbontech-composites.eu\/wp-content\/uploads\/2020\/04\/logo-Revowrap-ECRS-grijs-rood-web-1024x255.png 1024w, https:\/\/carbontech-composites.eu\/wp-content\/uploads\/2020\/04\/logo-Revowrap-ECRS-grijs-rood-web-768x191.png 768w, https:\/\/carbontech-composites.eu\/wp-content\/uploads\/2020\/04\/logo-Revowrap-ECRS-grijs-rood-web.png 1500w\" sizes=\"auto, (max-width: 300px) 100vw, 300px\" \/><\/p>\n<p style=\"text-align: center;\">Revowrap posiada <a href=\"\/\/carbontech-composites.eu\/pl\/download\/tuv-iso-24817-certificate\/?wpdmdl=1698&amp;refresh=69ee3e00aac031777221120&quot;&gt;Pobierz&lt;\/a&gt;\n            &lt;\/div&gt;\n        &lt;\/div&gt;\n    &lt;\/div&gt;\n&lt;\/div&gt;\n\n&lt;\/div&gt;\" target=\"_blank\" rel=\"noopener\"><strong>certyfikat T\u00dcV zgodno\u015bci z norm\u0105 EN lSO 24817:2017<\/strong><\/a>. Zakres tych certyfikat\u00f3w obejmuje mi\u0119dzy innymi przemys\u0142 gazowniczy i naftowy, energetyczny, g\u00f3rnictwo i ruroci\u0105gi przesy\u0142owe.<\/p>\n<p style=\"text-align: center;\">Dowiedz si\u0119 wi\u0119cej o tym produkcie i pobierz jedn\u0105 z naszych kart produkt\u00f3w:\n<a href=\"\/\/carbontech-composites.eu\/pl\/download\/carbontech-europe-bv-revowrap-110-2025\/?wpdmdl=6869&amp;refresh=69ee3e00beaad1777221120&quot;&gt;Pobierz&lt;\/a&gt;\n            &lt;\/div&gt;\n        &lt;\/div&gt;\n    &lt;\/div&gt;\n&lt;\/div&gt;\n\n&lt;\/div&gt;\" target=\"_blank\" rel=\"noopener\"><strong>REVOWRAP 110<\/strong><\/a>, <a href=\"\/\/carbontech-composites.eu\/pl\/download\/carbontech-europe-bv-revowrap-185-2025\/?wpdmdl=6898&amp;refresh=69ee3e00d21d61777221120&quot;&gt;Pobierz&lt;\/a&gt;\n            &lt;\/div&gt;\n        &lt;\/div&gt;\n    &lt;\/div&gt;\n&lt;\/div&gt;\n\n&lt;\/div&gt;\" target=\"_blank\" rel=\"noopener\"><strong>REVOWRAP 185<\/strong><\/a> lub <a href=\"\/\/carbontech-composites.eu\/pl\/download\/carbontech-europe-bv-revowrap-225-2025\/?wpdmdl=6870&amp;refresh=69ee3e00e306e1777221120&quot;&gt;Pobierz&lt;\/a&gt;\n            &lt;\/div&gt;\n        &lt;\/div&gt;\n    &lt;\/div&gt;\n&lt;\/div&gt;\n\n&lt;\/div&gt;\" target=\"_blank\" rel=\"noopener\"><strong>REVOWRAP 225<\/strong><\/a><\/p>\n&nbsp;\t\t\t\t\t\n\t\t\t\t\t\t\t\t\t<\/div>\n\t\t\t\t\t\t\t\t\n\t\t\t\t\t\t\t<\/div>\n\n\t\t\t\n<\/div>\n<\/div><\/div><\/div><\/div><\/div><\/div><div id=\"pg-2598-3\"  class=\"panel-grid panel-has-style\" ><div id=\"tekst-carbon-composite-solutions-revomat-carbon-tech-europe-bv\" class=\"panel-row-style panel-row-style-for-2598-3\" ><div id=\"pgc-2598-3-0\"  class=\"panel-grid-cell\" ><div id=\"panel-2598-3-0-0\" class=\"so-panel widget widget_sow-features panel-first-child panel-last-child\" data-index=\"5\" ><div id=\"blok-tekst-carbon-composite-solutions-revomat-carbon-tech-europe-bv\" class=\"panel-widget-style panel-widget-style-for-2598-3-0-0\" ><div\n\t\t\t\n\t\t\tclass=\"so-widget-sow-features so-widget-sow-features-default-9c00ecc561c9-2598\"\n\t\t\t\n\t\t>\n<div class=\"sow-features-list sow-features-responsive\">\n\n\t\t\t\t\t\t\t\t\t<div\n\t\t\t\tclass=\"sow-features-feature sow-icon-container-position-top\"\n\t\t\t\tstyle=\"display: flex; flex-direction: column; width: calc(100% - 25px);\"\n\t\t\t>\n\t\t\t\n\t\t\t\t\t\t\t\t<div\n\t\t\t\t\tclass=\"sow-icon-container sow-container-none\"\n\t\t\t\t\tstyle=\"color: #404040; \"\n\t\t\t\t\t>\n\t\t\t\t\t\t\t\t\t<\/div>\n\t\t\t\t\n\t\t\t\t<div class=\"textwidget\">\n\t\t\t\t\t\n\t\t\t\t\t\t\t\t\t\t\t<h5>\n\t\t\t\t\t\t\t\n\t\t\t\t\t\t\tRevomat\t\t\t\t\t\t\t\t\t\t\t\t\t<\/h5>\n\t\t\t\t\t\n\t\t\t\t\t\t\t\t\t\t\t<p style=\"text-align: center;\">Wi\u0119kszo\u015b\u0107 uszkodze\u0144 owijania wynika z niew\u0142a\u015bciwego przygotowania powierzchni, instalacji lub nieodpowiedniego utwardzenia napraw (niew\u0142a\u015bciwej polimeryzacji epoksyd\u00f3w). Jak zadba\u0107 o perfekcyjne utwardzenie instalacji? Wykorzystuj\u0105c unikalny system Revomat. Czas to pieni\u0105dz. Im szybciej naprawiony obszar wr\u00f3ci do u\u017cytku, tym lepiej. Zwykle ruroci\u0105g jest naprawiany w ci\u0105gu jednego dnia. Poniewa\u017c utwardzanie odbywa si\u0119 w nocy, instalator musi wr\u00f3ci\u0107 nast\u0119pnego dnia, aby sprawdzi\u0107 stopie\u0144 utwardzenia. System mo\u017ce wr\u00f3ci\u0107 do dzia\u0142ania dopiero po sprawdzeniu stopnia twardo\u015bci.<\/p>\n<p style=\"text-align: center;\">Z <a href=\"\/\/carbontech-composites.eu\/pl\/download\/folder-revomat-flyer-revert-carbon-tech-europe-bv20\/?wpdmdl=1738&amp;refresh=69ee3e01003df1777221121&quot;&gt;Pobierz&lt;\/a&gt;\n            &lt;\/div&gt;\n        &lt;\/div&gt;\n    &lt;\/div&gt;\n&lt;\/div&gt;\n\n&lt;\/div&gt;\" target=\"_blank\" rel=\"noopener\"><strong>REVOMAT<\/strong><\/a>em ta praca jest wykonywana w kilka godzin (w zale\u017cno\u015bci od systemu temperatury epoksydu).<\/p>\n\t\t\t\t\t\n\t\t\t\t\t\t\t\t\t<\/div>\n\t\t\t\t\t\t\t\t\n\t\t\t\t\t\t\t<\/div>\n\n\t\t\t\n<\/div>\n<\/div><\/div><\/div><\/div><div id=\"pgc-2598-3-1\"  class=\"panel-grid-cell\" ><div id=\"panel-2598-3-1-0\" class=\"so-panel widget widget_media_image panel-first-child panel-last-child\" data-index=\"6\" ><div class=\"panel-widget-style panel-widget-style-for-2598-3-1-0\" ><img loading=\"lazy\" decoding=\"async\" width=\"600\" height=\"600\" src=\"https:\/\/carbontech-composites.eu\/wp-content\/uploads\/2020\/05\/afbeelding-revomat-carbon-tech-europe-bv-gorinchem-2020.png\" class=\"image wp-image-1130  attachment-full size-full\" alt=\"\" style=\"max-width: 100%; height: auto;\" srcset=\"https:\/\/carbontech-composites.eu\/wp-content\/uploads\/2020\/05\/afbeelding-revomat-carbon-tech-europe-bv-gorinchem-2020.png 600w, https:\/\/carbontech-composites.eu\/wp-content\/uploads\/2020\/05\/afbeelding-revomat-carbon-tech-europe-bv-gorinchem-2020-300x300.png 300w, https:\/\/carbontech-composites.eu\/wp-content\/uploads\/2020\/05\/afbeelding-revomat-carbon-tech-europe-bv-gorinchem-2020-150x150.png 150w\" sizes=\"auto, (max-width: 600px) 100vw, 600px\" \/><\/div><\/div><\/div><\/div><\/div><\/div>","protected":false},"excerpt":{"rendered":"<p>Revowrap Revowrap to system banda\u017cy z w\u0142\u00f3kna w\u0119glowego u\u017cywany do rehabilitacji uszkodzonych, skorodowanych i zerodowanych instalacji rurowych oraz przywracania im pierwotnej wytrzyma\u0142o\u015bci operacyjnej. System sk\u0142ada si\u0119 z trzech komponent\u00f3w, z kt\u00f3rych ka\u017cdy zosta\u0142 przetestowany niezale\u017cnie. Pierwszym sk\u0142adnikiem jest podk\u0142ad epoksydowy (primer), kt\u00f3ry zapewnia dobre wi\u0105zanie i przenoszenie obci\u0105\u017ce\u0144 pomi\u0119dzy napraw\u0105 a pod\u0142o\u017cem. Drugim elementem systemu&hellip;<\/p>\n","protected":false},"author":1,"featured_media":0,"parent":0,"menu_order":0,"comment_status":"closed","ping_status":"closed","template":"page-templates\/default-no-title.php","meta":{"footnotes":""},"class_list":["post-2598","page","type-page","status-publish","hentry"],"yoast_head":"<!-- This site is optimized with the Yoast SEO plugin v27.4 - https:\/\/yoast.com\/product\/yoast-seo-wordpress\/ -->\n<title>Revowrap Rozwi\u0105zanie z kompozytu w\u0119glowego - Carbon Tech Europe BV<\/title>\n<meta name=\"description\" content=\"Revowrap to \u0142atwy w obs\u0142udze, elastyczny materia\u0142 z w\u0142\u00f3kna w\u0119glowego s\u0142u\u017c\u0105cy do d\u0142ugoterminowych napraw ruroci\u0105g\u00f3w, zbiornik\u00f3w i urz\u0105dze\u0144 przesy\u0142owych o nietypowej geometrii.\" \/>\n<meta name=\"robots\" content=\"index, follow, max-snippet:-1, max-image-preview:large, max-video-preview:-1\" \/>\n<link rel=\"canonical\" href=\"https:\/\/carbontech-composites.eu\/pl\/rozwiazanie-z-kompozytu-weglowego\/\" \/>\n<meta property=\"og:locale\" content=\"pl_PL\" \/>\n<meta property=\"og:type\" content=\"article\" \/>\n<meta property=\"og:title\" content=\"Revowrap Rozwi\u0105zanie z kompozytu w\u0119glowego - Carbon Tech Europe BV\" \/>\n<meta property=\"og:description\" content=\"Revowrap to \u0142atwy w obs\u0142udze, elastyczny materia\u0142 z w\u0142\u00f3kna w\u0119glowego s\u0142u\u017c\u0105cy do d\u0142ugoterminowych napraw ruroci\u0105g\u00f3w, zbiornik\u00f3w i urz\u0105dze\u0144 przesy\u0142owych o nietypowej geometrii.\" \/>\n<meta property=\"og:url\" content=\"https:\/\/carbontech-composites.eu\/pl\/rozwiazanie-z-kompozytu-weglowego\/\" \/>\n<meta property=\"og:site_name\" content=\"Carbon Tech Europe BV\" \/>\n<meta property=\"article:modified_time\" content=\"2025-03-07T10:21:39+00:00\" \/>\n<meta name=\"twitter:card\" content=\"summary_large_image\" \/>\n<meta name=\"twitter:label1\" content=\"Szacowany czas czytania\" \/>\n\t<meta name=\"twitter:data1\" content=\"3 minuty\" \/>\n<script type=\"application\/ld+json\" class=\"yoast-schema-graph\">{\"@context\":\"https:\\\/\\\/schema.org\",\"@graph\":[{\"@type\":\"WebPage\",\"@id\":\"https:\\\/\\\/carbontech-composites.eu\\\/pl\\\/rozwiazanie-z-kompozytu-weglowego\\\/\",\"url\":\"https:\\\/\\\/carbontech-composites.eu\\\/pl\\\/rozwiazanie-z-kompozytu-weglowego\\\/\",\"name\":\"Revowrap Rozwi\u0105zanie z kompozytu w\u0119glowego - Carbon Tech Europe BV\",\"isPartOf\":{\"@id\":\"https:\\\/\\\/carbontech-composites.eu\\\/#website\"},\"datePublished\":\"2020-03-27T16:03:57+00:00\",\"dateModified\":\"2025-03-07T10:21:39+00:00\",\"description\":\"Revowrap to \u0142atwy w obs\u0142udze, elastyczny materia\u0142 z w\u0142\u00f3kna w\u0119glowego s\u0142u\u017c\u0105cy do d\u0142ugoterminowych napraw ruroci\u0105g\u00f3w, zbiornik\u00f3w i urz\u0105dze\u0144 przesy\u0142owych o nietypowej geometrii.\",\"breadcrumb\":{\"@id\":\"https:\\\/\\\/carbontech-composites.eu\\\/pl\\\/rozwiazanie-z-kompozytu-weglowego\\\/#breadcrumb\"},\"inLanguage\":\"pl-PL\",\"potentialAction\":[{\"@type\":\"ReadAction\",\"target\":[\"https:\\\/\\\/carbontech-composites.eu\\\/pl\\\/rozwiazanie-z-kompozytu-weglowego\\\/\"]}]},{\"@type\":\"BreadcrumbList\",\"@id\":\"https:\\\/\\\/carbontech-composites.eu\\\/pl\\\/rozwiazanie-z-kompozytu-weglowego\\\/#breadcrumb\",\"itemListElement\":[{\"@type\":\"ListItem\",\"position\":1,\"name\":\"Home\",\"item\":\"https:\\\/\\\/carbontech-composites.eu\\\/pl\\\/\"},{\"@type\":\"ListItem\",\"position\":2,\"name\":\"Revowrap\"}]},{\"@type\":\"WebSite\",\"@id\":\"https:\\\/\\\/carbontech-composites.eu\\\/#website\",\"url\":\"https:\\\/\\\/carbontech-composites.eu\\\/\",\"name\":\"Carbon Tech Europe BV\",\"description\":\"Premium supplier of carbon composite solutions\",\"potentialAction\":[{\"@type\":\"SearchAction\",\"target\":{\"@type\":\"EntryPoint\",\"urlTemplate\":\"https:\\\/\\\/carbontech-composites.eu\\\/?s={search_term_string}\"},\"query-input\":{\"@type\":\"PropertyValueSpecification\",\"valueRequired\":true,\"valueName\":\"search_term_string\"}}],\"inLanguage\":\"pl-PL\"}]}<\/script>\n<!-- \/ Yoast SEO plugin. -->","yoast_head_json":{"title":"Revowrap Rozwi\u0105zanie z kompozytu w\u0119glowego - Carbon Tech Europe BV","description":"Revowrap to \u0142atwy w obs\u0142udze, elastyczny materia\u0142 z w\u0142\u00f3kna w\u0119glowego s\u0142u\u017c\u0105cy do d\u0142ugoterminowych napraw ruroci\u0105g\u00f3w, zbiornik\u00f3w i urz\u0105dze\u0144 przesy\u0142owych o nietypowej geometrii.","robots":{"index":"index","follow":"follow","max-snippet":"max-snippet:-1","max-image-preview":"max-image-preview:large","max-video-preview":"max-video-preview:-1"},"canonical":"https:\/\/carbontech-composites.eu\/pl\/rozwiazanie-z-kompozytu-weglowego\/","og_locale":"pl_PL","og_type":"article","og_title":"Revowrap Rozwi\u0105zanie z kompozytu w\u0119glowego - Carbon Tech Europe BV","og_description":"Revowrap to \u0142atwy w obs\u0142udze, elastyczny materia\u0142 z w\u0142\u00f3kna w\u0119glowego s\u0142u\u017c\u0105cy do d\u0142ugoterminowych napraw ruroci\u0105g\u00f3w, zbiornik\u00f3w i urz\u0105dze\u0144 przesy\u0142owych o nietypowej geometrii.","og_url":"https:\/\/carbontech-composites.eu\/pl\/rozwiazanie-z-kompozytu-weglowego\/","og_site_name":"Carbon Tech Europe BV","article_modified_time":"2025-03-07T10:21:39+00:00","twitter_card":"summary_large_image","twitter_misc":{"Szacowany czas czytania":"3 minuty"},"schema":{"@context":"https:\/\/schema.org","@graph":[{"@type":"WebPage","@id":"https:\/\/carbontech-composites.eu\/pl\/rozwiazanie-z-kompozytu-weglowego\/","url":"https:\/\/carbontech-composites.eu\/pl\/rozwiazanie-z-kompozytu-weglowego\/","name":"Revowrap Rozwi\u0105zanie z kompozytu w\u0119glowego - Carbon Tech Europe BV","isPartOf":{"@id":"https:\/\/carbontech-composites.eu\/#website"},"datePublished":"2020-03-27T16:03:57+00:00","dateModified":"2025-03-07T10:21:39+00:00","description":"Revowrap to \u0142atwy w obs\u0142udze, elastyczny materia\u0142 z w\u0142\u00f3kna w\u0119glowego s\u0142u\u017c\u0105cy do d\u0142ugoterminowych napraw ruroci\u0105g\u00f3w, zbiornik\u00f3w i urz\u0105dze\u0144 przesy\u0142owych o nietypowej geometrii.","breadcrumb":{"@id":"https:\/\/carbontech-composites.eu\/pl\/rozwiazanie-z-kompozytu-weglowego\/#breadcrumb"},"inLanguage":"pl-PL","potentialAction":[{"@type":"ReadAction","target":["https:\/\/carbontech-composites.eu\/pl\/rozwiazanie-z-kompozytu-weglowego\/"]}]},{"@type":"BreadcrumbList","@id":"https:\/\/carbontech-composites.eu\/pl\/rozwiazanie-z-kompozytu-weglowego\/#breadcrumb","itemListElement":[{"@type":"ListItem","position":1,"name":"Home","item":"https:\/\/carbontech-composites.eu\/pl\/"},{"@type":"ListItem","position":2,"name":"Revowrap"}]},{"@type":"WebSite","@id":"https:\/\/carbontech-composites.eu\/#website","url":"https:\/\/carbontech-composites.eu\/","name":"Carbon Tech Europe BV","description":"Premium supplier of carbon composite solutions","potentialAction":[{"@type":"SearchAction","target":{"@type":"EntryPoint","urlTemplate":"https:\/\/carbontech-composites.eu\/?s={search_term_string}"},"query-input":{"@type":"PropertyValueSpecification","valueRequired":true,"valueName":"search_term_string"}}],"inLanguage":"pl-PL"}]}},"jetpack_sharing_enabled":true,"_links":{"self":[{"href":"https:\/\/carbontech-composites.eu\/pl\/wp-json\/wp\/v2\/pages\/2598","targetHints":{"allow":["GET"]}}],"collection":[{"href":"https:\/\/carbontech-composites.eu\/pl\/wp-json\/wp\/v2\/pages"}],"about":[{"href":"https:\/\/carbontech-composites.eu\/pl\/wp-json\/wp\/v2\/types\/page"}],"author":[{"embeddable":true,"href":"https:\/\/carbontech-composites.eu\/pl\/wp-json\/wp\/v2\/users\/1"}],"replies":[{"embeddable":true,"href":"https:\/\/carbontech-composites.eu\/pl\/wp-json\/wp\/v2\/comments?post=2598"}],"version-history":[{"count":0,"href":"https:\/\/carbontech-composites.eu\/pl\/wp-json\/wp\/v2\/pages\/2598\/revisions"}],"wp:attachment":[{"href":"https:\/\/carbontech-composites.eu\/pl\/wp-json\/wp\/v2\/media?parent=2598"}],"curies":[{"name":"wp","href":"https:\/\/api.w.org\/{rel}","templated":true}]}}