{"id":2623,"date":"2020-03-30T14:46:04","date_gmt":"2020-03-30T14:46:04","guid":{"rendered":"https:\/\/carbontech-composites.eu\/product-application-training-carbon-tech-europe\/"},"modified":"2022-05-03T09:41:24","modified_gmt":"2022-05-03T09:41:24","slug":"szkolenie","status":"publish","type":"page","link":"https:\/\/carbontech-composites.eu\/pl\/szkolenie\/","title":{"rendered":"Szkolenie"},"content":{"rendered":"<div id=\"pl-2623\"  class=\"panel-layout\" ><div id=\"pg-2623-0\"  class=\"panel-grid panel-has-style\" ><div id=\"tekst-product-training-carbon-tech-europe-bv\" class=\"panel-row-style panel-row-style-for-2623-0\" ><div id=\"pgc-2623-0-0\"  class=\"panel-grid-cell\" ><div id=\"panel-2623-0-0-0\" class=\"so-panel widget widget_media_image panel-first-child panel-last-child\" data-index=\"0\" ><div class=\"panel-widget-style panel-widget-style-for-2623-0-0-0\" ><img loading=\"lazy\" decoding=\"async\" width=\"600\" height=\"600\" src=\"https:\/\/carbontech-composites.eu\/wp-content\/uploads\/2020\/03\/afbeelding-home-training-onsite-carbon-tech-europe-bv-gorinchem-2020.jpg\" class=\"image wp-image-745  attachment-full size-full\" alt=\"\" style=\"max-width: 100%; height: auto;\" srcset=\"https:\/\/carbontech-composites.eu\/wp-content\/uploads\/2020\/03\/afbeelding-home-training-onsite-carbon-tech-europe-bv-gorinchem-2020.jpg 600w, https:\/\/carbontech-composites.eu\/wp-content\/uploads\/2020\/03\/afbeelding-home-training-onsite-carbon-tech-europe-bv-gorinchem-2020-300x300.jpg 300w, https:\/\/carbontech-composites.eu\/wp-content\/uploads\/2020\/03\/afbeelding-home-training-onsite-carbon-tech-europe-bv-gorinchem-2020-150x150.jpg 150w\" sizes=\"auto, (max-width: 600px) 100vw, 600px\" \/><\/div><\/div><\/div><div id=\"pgc-2623-0-1\"  class=\"panel-grid-cell\" ><div id=\"panel-2623-0-1-0\" class=\"so-panel widget widget_sow-features panel-first-child panel-last-child\" data-index=\"1\" ><div id=\"blok-tekst-product-training-carbon-tech-europe-bv\" class=\"panel-widget-style panel-widget-style-for-2623-0-1-0\" ><div\n\t\t\t\n\t\t\tclass=\"so-widget-sow-features so-widget-sow-features-default-9c00ecc561c9-2623\"\n\t\t\t\n\t\t>\n<div class=\"sow-features-list sow-features-responsive\">\n\n\t\t\t\t\t\t\t\t\t<div\n\t\t\t\tclass=\"sow-features-feature sow-icon-container-position-top\"\n\t\t\t\tstyle=\"display: flex; flex-direction: column; width: calc(100% - 25px);\"\n\t\t\t>\n\t\t\t\n\t\t\t\t\t\t\t\t<div\n\t\t\t\t\tclass=\"sow-icon-container sow-container-none\"\n\t\t\t\t\tstyle=\"color: #404040; \"\n\t\t\t\t\t>\n\t\t\t\t\t\t\t\t\t<\/div>\n\t\t\t\t\n\t\t\t\t<div class=\"textwidget\">\n\t\t\t\t\t\n\t\t\t\t\t\t\t\t\t\t\t<h5>\n\t\t\t\t\t\t\t\n\t\t\t\t\t\t\tSZKOLENIE\t\t\t\t\t\t\t\t\t\t\t\t\t<\/h5>\n\t\t\t\t\t\n\t\t\t\t\t\t\t\t\t\t\t<p>Carbon Tech Europe zapewnia niezb\u0119dne szkolenie, w pe\u0142ni zgodne z ISO 24817 i\/lub ASME PCC-2. Zapewniamy szkolenia i certyfikacj\u0119 r\u00f3\u017cnym typom klient\u00f3w, takim jak: firmy remontowe, wykonawcy konserwacji, firmy uszczelniaj\u0105ce wycieki, firmy zajmuj\u0105ce si\u0119 nak\u0142adaniem pow\u0142ok, firmy zwi\u0105zane z inspekcj\u0105 ruroci\u0105g\u00f3w oraz u\u017cytkownicy ko\u0144cowi. Szkolenie mo\u017ce odbywa\u0107 si\u0119 w dowolnym z naszych obiekt\u00f3w lub w siedzibie u dystrybutora\/klienta.<\/p>\n<p><span class=\"Apple-converted-space\">\u00a0<\/span>Produkty Carbon Tech s\u0105 rozwi\u0105zaniami in\u017cynieryjnymi, dlatego maj\u0105 rygorystyczne procedury zapewniaj\u0105ce skuteczne naprawy. Szkolenie odbywa si\u0119 zgodnie z wytycznymi standard\u00f3w technicznych ISO 24817 oraz ASME PCC-2.<\/p>\n\t\t\t\t\t\n\t\t\t\t\t\t\t\t\t<\/div>\n\t\t\t\t\t\t\t\t\n\t\t\t\t\t\t\t<\/div>\n\n\t\t\t\n<\/div>\n<\/div><\/div><\/div><\/div><\/div><\/div><div id=\"pg-2623-1\"  class=\"panel-grid panel-has-style\" ><div class=\"siteorigin-panels-stretch panel-row-style panel-row-style-for-2623-1\" id=\"cta-product-training-carbon-tech-europe-bv\" data-stretch-type=\"full\" ><div id=\"pgc-2623-1-0\"  class=\"panel-grid-cell\" ><div id=\"panel-2623-1-0-0\" class=\"so-panel widget widget_sow-headline panel-first-child panel-last-child\" data-index=\"2\" ><div class=\"panel-widget-style panel-widget-style-for-2623-1-0-0\" ><div\n\t\t\t\n\t\t\tclass=\"so-widget-sow-headline so-widget-sow-headline-default-4117c864c384-2623 so-widget-fittext-wrapper\"\n\t\t\t data-fit-text-compressor=\"0.85\"\n\t\t><div class=\"sow-headline-container \">\n\t<h3 class='sow-headline'>Oferujemy r\u00f3wnie\u017c pakiety szkole\u0144 na miejscu w siedzibie naszej firmy.<\/h3><h3 class='sow-sub-headline'>\t\t\t\t\t\t<a href=\"https:\/\/carbontech-composites.eu\/nl\/contact-us\/\" >\n\t\t\t\t\tSkontaktuj si\u0119 z nami w razie jakichkolwiek pyta\u0144<\/a><\/h3><\/div>\n<\/div><\/div><\/div><\/div><\/div><\/div><div id=\"pg-2623-2\"  class=\"panel-grid panel-has-style\" ><div id=\"tekst-product-training-carbon-tech-europe-bv-2\" class=\"panel-row-style panel-row-style-for-2623-2\" ><div id=\"pgc-2623-2-0\"  class=\"panel-grid-cell\" ><div id=\"panel-2623-2-0-0\" class=\"so-panel widget widget_sow-features panel-first-child panel-last-child\" data-index=\"3\" ><div id=\"blok-tekst-product-training-carbon-tech-europe-bv-2\" class=\"panel-widget-style panel-widget-style-for-2623-2-0-0\" ><div\n\t\t\t\n\t\t\tclass=\"so-widget-sow-features so-widget-sow-features-default-bbdaadbf7e47-2623\"\n\t\t\t\n\t\t>\n<div class=\"sow-features-list sow-features-responsive\">\n\n\t\t\t\t\t\t\t\t\t<div\n\t\t\t\tclass=\"sow-features-feature sow-icon-container-position-top\"\n\t\t\t\tstyle=\"display: flex; flex-direction: column; width: calc(100% - 25px);\"\n\t\t\t>\n\t\t\t\n\t\t\t\t\t\t\t\t<div\n\t\t\t\t\tclass=\"sow-icon-container sow-container-none\"\n\t\t\t\t\tstyle=\"color: #404040; \"\n\t\t\t\t\t>\n\t\t\t\t\t\t\t\t\t<\/div>\n\t\t\t\t\n\t\t\t\t<div class=\"textwidget\">\n\t\t\t\t\t\n\t\t\t\t\t\n\t\t\t\t\t\t\t\t\t\t\t<p style=\"text-align: center;\">Regularne szkolenie to dwudniowy kurs, kt\u00f3ry sk\u0142ada si\u0119 z teoretycznego seminarium na temat napraw materia\u0142ami kompozytowymi w ci\u0105gu jednego dnia oraz jednodniowych \u0107wicze\u0144 praktycznych, podczas kt\u00f3rych zostan\u0105 na\u0142o\u017cone trzy naprawy na odcinek prosty, kolano oraz tr\u00f3jnik, a nast\u0119pnie poddane pr\u00f3bie ci\u015bnieniowej. Certyfikat wydawany jest po pomy\u015blnym zdaniu egzaminu teoretycznego i pomy\u015blnym zaliczeniu testu praktycznego. Certyfikacja jest wa\u017cna przez okres jednego roku, ponowna certyfikacja wymaga\u0142aby testu online i zweryfikowanych danych dotycz\u0105cych praktycznego do\u015bwiadczenia przez ca\u0142y pocz\u0105tkowy okres certyfikacji. Ten proces jest zgodny z norm\u0105 ISO 24817 i\/lub ASME PCC-2.<\/p>\n<p style=\"text-align: center;\"><a href=\"https:\/\/carbontech-composites.eu\/pl\/szkolenie\/\"><strong>DOWIEDZ SI\u0118 WI\u0118CEJ O TYM SZKOLENIU<\/strong><\/a> lub <a href=\"https:\/\/carbontech-composites.eu\/pl\/contact-us\/\"><strong>SKONTAKTUJ SI\u0118 Z NAMI W CELU ZG\u0141OSZENIA UDZIA\u0141U<\/strong><\/a><\/p>\n\t\t\t\t\t\n\t\t\t\t\t\t\t\t\t<\/div>\n\t\t\t\t\t\t\t\t\n\t\t\t\t\t\t\t<\/div>\n\n\t\t\t\n<\/div>\n<\/div><\/div><\/div><\/div><div id=\"pgc-2623-2-1\"  class=\"panel-grid-cell\" ><div id=\"panel-2623-2-1-0\" class=\"so-panel widget widget_media_image panel-first-child panel-last-child\" data-index=\"4\" ><div class=\"panel-widget-style panel-widget-style-for-2623-2-1-0\" ><img loading=\"lazy\" decoding=\"async\" width=\"600\" height=\"600\" src=\"https:\/\/carbontech-composites.eu\/wp-content\/uploads\/2020\/03\/afbeelding-training-onsite-carbon-tech-europe-bv-gorinchem-2020.jpg\" class=\"image wp-image-873  attachment-full size-full\" alt=\"\" style=\"max-width: 100%; height: auto;\" srcset=\"https:\/\/carbontech-composites.eu\/wp-content\/uploads\/2020\/03\/afbeelding-training-onsite-carbon-tech-europe-bv-gorinchem-2020.jpg 600w, https:\/\/carbontech-composites.eu\/wp-content\/uploads\/2020\/03\/afbeelding-training-onsite-carbon-tech-europe-bv-gorinchem-2020-300x300.jpg 300w, https:\/\/carbontech-composites.eu\/wp-content\/uploads\/2020\/03\/afbeelding-training-onsite-carbon-tech-europe-bv-gorinchem-2020-150x150.jpg 150w\" sizes=\"auto, (max-width: 600px) 100vw, 600px\" \/><\/div><\/div><\/div><\/div><\/div><\/div>","protected":false},"excerpt":{"rendered":"<p>SZKOLENIE Carbon Tech Europe zapewnia niezb\u0119dne szkolenie, w pe\u0142ni zgodne z ISO 24817 i\/lub ASME PCC-2. Zapewniamy szkolenia i certyfikacj\u0119 r\u00f3\u017cnym typom klient\u00f3w, takim jak: firmy remontowe, wykonawcy konserwacji, firmy uszczelniaj\u0105ce wycieki, firmy zajmuj\u0105ce si\u0119 nak\u0142adaniem pow\u0142ok, firmy zwi\u0105zane z inspekcj\u0105 ruroci\u0105g\u00f3w oraz u\u017cytkownicy ko\u0144cowi. Szkolenie mo\u017ce odbywa\u0107 si\u0119 w dowolnym z naszych obiekt\u00f3w lub&hellip;<\/p>\n","protected":false},"author":1,"featured_media":0,"parent":0,"menu_order":0,"comment_status":"closed","ping_status":"closed","template":"page-templates\/default-no-title.php","meta":{"footnotes":""},"class_list":["post-2623","page","type-page","status-publish","hentry"],"yoast_head":"<!-- This site is optimized with the Yoast SEO plugin v27.4 - https:\/\/yoast.com\/product\/yoast-seo-wordpress\/ -->\n<title>szkolenie z uszczelniania ruroci\u0105g\u00f3w - Carbon Tech Europe BV<\/title>\n<meta name=\"description\" content=\"R\u00f3\u017cne kursy szkoleniowe dotycz\u0105ce prawid\u0142owego monta\u017cu i aplikacji materia\u0142\u00f3w kompozytowych Carbon Tech i materia\u0142\u00f3w do zamykania wyciek\u00f3w.\" \/>\n<meta name=\"robots\" content=\"index, follow, max-snippet:-1, max-image-preview:large, max-video-preview:-1\" \/>\n<link rel=\"canonical\" href=\"https:\/\/carbontech-composites.eu\/pl\/szkolenie\/\" \/>\n<meta property=\"og:locale\" content=\"pl_PL\" \/>\n<meta property=\"og:type\" content=\"article\" \/>\n<meta property=\"og:title\" content=\"szkolenie z uszczelniania ruroci\u0105g\u00f3w - Carbon Tech Europe BV\" \/>\n<meta property=\"og:description\" content=\"R\u00f3\u017cne kursy szkoleniowe dotycz\u0105ce prawid\u0142owego monta\u017cu i aplikacji materia\u0142\u00f3w kompozytowych Carbon Tech i materia\u0142\u00f3w do zamykania wyciek\u00f3w.\" \/>\n<meta property=\"og:url\" content=\"https:\/\/carbontech-composites.eu\/pl\/szkolenie\/\" \/>\n<meta property=\"og:site_name\" content=\"Carbon Tech Europe BV\" \/>\n<meta property=\"article:modified_time\" content=\"2022-05-03T09:41:24+00:00\" \/>\n<meta name=\"twitter:card\" content=\"summary_large_image\" \/>\n<meta name=\"twitter:label1\" content=\"Szacowany czas czytania\" \/>\n\t<meta name=\"twitter:data1\" content=\"1 minuta\" \/>\n<script type=\"application\/ld+json\" class=\"yoast-schema-graph\">{\"@context\":\"https:\\\/\\\/schema.org\",\"@graph\":[{\"@type\":\"WebPage\",\"@id\":\"https:\\\/\\\/carbontech-composites.eu\\\/pl\\\/szkolenie\\\/\",\"url\":\"https:\\\/\\\/carbontech-composites.eu\\\/pl\\\/szkolenie\\\/\",\"name\":\"szkolenie z uszczelniania ruroci\u0105g\u00f3w - Carbon Tech Europe BV\",\"isPartOf\":{\"@id\":\"https:\\\/\\\/carbontech-composites.eu\\\/#website\"},\"datePublished\":\"2020-03-30T14:46:04+00:00\",\"dateModified\":\"2022-05-03T09:41:24+00:00\",\"description\":\"R\u00f3\u017cne kursy szkoleniowe dotycz\u0105ce prawid\u0142owego monta\u017cu i aplikacji materia\u0142\u00f3w kompozytowych Carbon Tech i materia\u0142\u00f3w do zamykania wyciek\u00f3w.\",\"breadcrumb\":{\"@id\":\"https:\\\/\\\/carbontech-composites.eu\\\/pl\\\/szkolenie\\\/#breadcrumb\"},\"inLanguage\":\"pl-PL\",\"potentialAction\":[{\"@type\":\"ReadAction\",\"target\":[\"https:\\\/\\\/carbontech-composites.eu\\\/pl\\\/szkolenie\\\/\"]}]},{\"@type\":\"BreadcrumbList\",\"@id\":\"https:\\\/\\\/carbontech-composites.eu\\\/pl\\\/szkolenie\\\/#breadcrumb\",\"itemListElement\":[{\"@type\":\"ListItem\",\"position\":1,\"name\":\"Home\",\"item\":\"https:\\\/\\\/carbontech-composites.eu\\\/pl\\\/\"},{\"@type\":\"ListItem\",\"position\":2,\"name\":\"Szkolenie\"}]},{\"@type\":\"WebSite\",\"@id\":\"https:\\\/\\\/carbontech-composites.eu\\\/#website\",\"url\":\"https:\\\/\\\/carbontech-composites.eu\\\/\",\"name\":\"Carbon Tech Europe BV\",\"description\":\"Premium supplier of carbon composite solutions\",\"potentialAction\":[{\"@type\":\"SearchAction\",\"target\":{\"@type\":\"EntryPoint\",\"urlTemplate\":\"https:\\\/\\\/carbontech-composites.eu\\\/?s={search_term_string}\"},\"query-input\":{\"@type\":\"PropertyValueSpecification\",\"valueRequired\":true,\"valueName\":\"search_term_string\"}}],\"inLanguage\":\"pl-PL\"}]}<\/script>\n<!-- \/ Yoast SEO plugin. -->","yoast_head_json":{"title":"szkolenie z uszczelniania ruroci\u0105g\u00f3w - Carbon Tech Europe BV","description":"R\u00f3\u017cne kursy szkoleniowe dotycz\u0105ce prawid\u0142owego monta\u017cu i aplikacji materia\u0142\u00f3w kompozytowych Carbon Tech i materia\u0142\u00f3w do zamykania wyciek\u00f3w.","robots":{"index":"index","follow":"follow","max-snippet":"max-snippet:-1","max-image-preview":"max-image-preview:large","max-video-preview":"max-video-preview:-1"},"canonical":"https:\/\/carbontech-composites.eu\/pl\/szkolenie\/","og_locale":"pl_PL","og_type":"article","og_title":"szkolenie z uszczelniania ruroci\u0105g\u00f3w - Carbon Tech Europe BV","og_description":"R\u00f3\u017cne kursy szkoleniowe dotycz\u0105ce prawid\u0142owego monta\u017cu i aplikacji materia\u0142\u00f3w kompozytowych Carbon Tech i materia\u0142\u00f3w do zamykania wyciek\u00f3w.","og_url":"https:\/\/carbontech-composites.eu\/pl\/szkolenie\/","og_site_name":"Carbon Tech Europe BV","article_modified_time":"2022-05-03T09:41:24+00:00","twitter_card":"summary_large_image","twitter_misc":{"Szacowany czas czytania":"1 minuta"},"schema":{"@context":"https:\/\/schema.org","@graph":[{"@type":"WebPage","@id":"https:\/\/carbontech-composites.eu\/pl\/szkolenie\/","url":"https:\/\/carbontech-composites.eu\/pl\/szkolenie\/","name":"szkolenie z uszczelniania ruroci\u0105g\u00f3w - Carbon Tech Europe BV","isPartOf":{"@id":"https:\/\/carbontech-composites.eu\/#website"},"datePublished":"2020-03-30T14:46:04+00:00","dateModified":"2022-05-03T09:41:24+00:00","description":"R\u00f3\u017cne kursy szkoleniowe dotycz\u0105ce prawid\u0142owego monta\u017cu i aplikacji materia\u0142\u00f3w kompozytowych Carbon Tech i materia\u0142\u00f3w do zamykania wyciek\u00f3w.","breadcrumb":{"@id":"https:\/\/carbontech-composites.eu\/pl\/szkolenie\/#breadcrumb"},"inLanguage":"pl-PL","potentialAction":[{"@type":"ReadAction","target":["https:\/\/carbontech-composites.eu\/pl\/szkolenie\/"]}]},{"@type":"BreadcrumbList","@id":"https:\/\/carbontech-composites.eu\/pl\/szkolenie\/#breadcrumb","itemListElement":[{"@type":"ListItem","position":1,"name":"Home","item":"https:\/\/carbontech-composites.eu\/pl\/"},{"@type":"ListItem","position":2,"name":"Szkolenie"}]},{"@type":"WebSite","@id":"https:\/\/carbontech-composites.eu\/#website","url":"https:\/\/carbontech-composites.eu\/","name":"Carbon Tech Europe BV","description":"Premium supplier of carbon composite solutions","potentialAction":[{"@type":"SearchAction","target":{"@type":"EntryPoint","urlTemplate":"https:\/\/carbontech-composites.eu\/?s={search_term_string}"},"query-input":{"@type":"PropertyValueSpecification","valueRequired":true,"valueName":"search_term_string"}}],"inLanguage":"pl-PL"}]}},"jetpack_sharing_enabled":true,"_links":{"self":[{"href":"https:\/\/carbontech-composites.eu\/pl\/wp-json\/wp\/v2\/pages\/2623","targetHints":{"allow":["GET"]}}],"collection":[{"href":"https:\/\/carbontech-composites.eu\/pl\/wp-json\/wp\/v2\/pages"}],"about":[{"href":"https:\/\/carbontech-composites.eu\/pl\/wp-json\/wp\/v2\/types\/page"}],"author":[{"embeddable":true,"href":"https:\/\/carbontech-composites.eu\/pl\/wp-json\/wp\/v2\/users\/1"}],"replies":[{"embeddable":true,"href":"https:\/\/carbontech-composites.eu\/pl\/wp-json\/wp\/v2\/comments?post=2623"}],"version-history":[{"count":0,"href":"https:\/\/carbontech-composites.eu\/pl\/wp-json\/wp\/v2\/pages\/2623\/revisions"}],"wp:attachment":[{"href":"https:\/\/carbontech-composites.eu\/pl\/wp-json\/wp\/v2\/media?parent=2623"}],"curies":[{"name":"wp","href":"https:\/\/api.w.org\/{rel}","templated":true}]}}